{"id":5586,"date":"2020-11-25T08:28:21","date_gmt":"2020-11-25T08:28:21","guid":{"rendered":"https:\/\/www.djurskyddet.se\/kronoberg\/?page_id=5586"},"modified":"2022-11-21T21:58:35","modified_gmt":"2022-11-21T21:58:35","slug":"historik","status":"publish","type":"page","link":"https:\/\/www.djurskyddet.se\/kronoberg\/historik\/","title":{"rendered":"Historik"},"content":{"rendered":"\n<p><strong>\u00d6ver 130 \u00e5r av djurskydd \u2013 en tradition i Kronobergs l\u00e4n<\/strong><\/p>\n\n\n\n<p>Djurskyddet Kronoberg har sina r\u00f6tter djupt nere i 1800-talet. Det var den 29 november 1889 som Wexi\u00f6 Djurskyddsf\u00f6rening bildades, en l\u00e4nst\u00e4ckande f\u00f6rening, som redan efter en m\u00e5nads verksamhet hade 100 medlemmar!<\/p>\n\n\n\n<p>Djurskyddsfr\u00e5gorna stod h\u00f6gt p\u00e5 agendan och snart bildades det en riksorganisation, Sveriges Djurskyddsf\u00f6reningars riksf\u00f6rbund, som de flesta lokala f\u00f6reningarna ansl\u00f6t sig till.<br>Vid millennieskiftet bytte riksorganisationen namn till Djurskyddet Sverige. \u00c4ven lokalf\u00f6reningarna bytte namn enligt samma mall och v\u00e5r f\u00f6rening heter numera Djurskyddet Kronoberg.<\/p>\n\n\n\n<p><strong>BEHOV AV DJURSKYDD<\/strong><br>Djurskyddsarbetet i dag ser helt annorlunda ut \u00e4n det gjorde 1889. Och lagstiftningen till djurens skydd har utvecklats.&nbsp;F\u00f6rsta riktiga djurskyddslagen tr\u00e4dde i kraft 1945. Efter 43 \u00e5r fick vi en f\u00f6rb\u00e4ttrad djurskyddslag och ytterligare 30 \u00e5r senare fick vi \u00e5r 2018 den nu g\u00e4llande djurskyddslagen (2018:1192). Den inneb\u00e4r ytterligare ett steg fram\u00e5t. F\u00f6rsta paragrafen lyder \u201dDenna lag syftar till att s\u00e4kerst\u00e4lla ett gott djurskydd och fr\u00e4mja en god djurv\u00e4lf\u00e4rd och respekt f\u00f6r djur.\u201d Lagstiftaren har h\u00f6jt kravet fr\u00e5n endast djurskydd till att en god djurv\u00e4lf\u00e4rd ska fr\u00e4mjas. Kravet p\u00e5 respekt f\u00f6r djur \u00e4r ett mycket stort steg i lagstiftningsprocessen.&nbsp;<\/p>\n\n\n\n<p>Om man l\u00e4ser i den historik som f\u00f6reningens d\u00e5varande djurskyddsinspekt\u00f6r, den gamle polismannen Uno Logarn, skrev till 100-\u00e5rsjubileet s\u00e5 ser man bredden av medborgare som tog djurskyddet p\u00e5 allvar.<br>\u00c4ven kronobergare med mycket ont om pengar ville vara med och arbeta mot vanv\u00e5rd av djuren i sin n\u00e4rhet. Man s\u00e5g hur h\u00e4star blev illa behandlade och slagna. Man reagerade mot att lagen inte hade n\u00e5got att s\u00e4tta emot. Djuren betraktades enligt lagen som ekonomiska tillg\u00e5ngar f\u00f6r sina \u00e4gare och fick d\u00e4rf\u00f6r inte \u00e5samkas skador \u2013 av n\u00e5gon annan \u00e4n sin \u00e4gare!<br>Man reagerade ocks\u00e5 mot grymma slaktmetoder. Till exempel stacks grisar och tappades p\u00e5 sitt blod utan n\u00e5gon som helst bed\u00f6vning.<\/p>\n\n\n\n<p><strong>STORA UPPGIFTER<\/strong><br>S\u00e5 bland de f\u00f6rsta uppgifter som den nystartade f\u00f6reningen \u00e5tog sig var att k\u00f6pa in slaktmasker som l\u00e5nades eller hyrdes ut vid slakt. Trots sin svaga ekonomi l\u00e4t f\u00f6reningen bygga stallar f\u00f6r b\u00f6ndernas h\u00e4star. D\u00e4r fick de skydd mot regn och kyla n\u00e4r de kom till staden p\u00e5 torgdagar och marknader.<br>Av Uno Logarns historik framg\u00e5r att f\u00f6reningen i samarbete med hush\u00e5llningss\u00e4llskapet, bekostade utbildning f\u00f6r lokala slaktare som fick resa till slakthusen i Stockholm och Malm\u00f6 f\u00f6r att l\u00e4ra sig moderna och skonsamma slaktmetoder. I historiken beskrivs ocks\u00e5 att djurpl\u00e5geri och vansk\u00f6tsel kunde se ut p\u00e5 m\u00e5nga olika s\u00e4tt. Inte s\u00e4llan sl\u00e4pptes en liten kalv ut p\u00e5 sommarbete med sin grimma p\u00e5 huvudet. N\u00e4r h\u00f6sten kom och kalven h\u00e4mtades in igen satt grimman fastvuxen i det nu betydligt st\u00f6rre kalvhuvudet.<br>Hundar, framf\u00f6r allt jakthundar och g\u00e5rdshundar, framlevde ofta sina dagar under miserabla f\u00f6rh\u00e5llanden, fastkedjade vid en dragig, l\u00e4ckande koja.<br>N\u00e5gra offentliga djurskyddsinspekt\u00f6rer fanns inte p\u00e5 den tiden. D\u00e4rf\u00f6r b\u00f6rjade djurskyddsf\u00f6reningarna tidigt att utse l\u00e4mpliga personer som djurskyddsinspekt\u00f6rer. N\u00e5gon juridisk makt hade de inte, men var oftast kloka m\u00e4nniskor, som kunde tala f\u00f6rsumliga djur\u00e4gare till r\u00e4tta.&nbsp;<\/p>\n\n\n\n<p><strong>BEH\u00d6VS VI I DAG?<\/strong><br>I dag ligger djurskyddskontrollen p\u00e5 l\u00e4nsstyrelsen. Men beh\u00f6vs det d\u00e5 djurskyddsf\u00f6reningar i dag?<br>Visst g\u00f6r det!<\/p>\n\n\n\n<p><strong>EN NY PROFIL<\/strong><br>Men dagens djurpl\u00e5geri har en annan profil. M\u00e5nga s\u00e4llskapsdjur k\u00f6ps in som \u201dleksaker\u201d till barnen och f\u00e5r tillbringa alltf\u00f6r mycket tid ensamma och utan n\u00e5gra aktiviteter.<br>Av ren v\u00e4lvilja stoppar man i sina s\u00e4llskapsdjur godsaker p\u00e5 l\u00f6pande band med f\u00f6ljd att alltf\u00f6r m\u00e5nga hundar och katter blir f\u00f6r feta f\u00f6r att kunna leva ett aktivt liv \u2013 med m\u00e5nga v\u00e4llevnadssjukdomar som f\u00f6ljd. Moderna t\u00e4vlingsformer och en h\u00e5rt driven avel kan orsaka v\u00e5ra s\u00e4llskapsdjur allvarliga skador. Exempelvis hundar som inte kan andas ordentligt p\u00e5 grund av extremt platt nos, eller hundar som inte kan f\u00f6da sina valpar naturligt. Och s\u00e5 skall vi inte gl\u00f6mma de djur som uts\u00e4tts f\u00f6r forskningsexperiment.<br>De pl\u00e5gsamma djurf\u00f6rs\u00f6ken \u00e4r tack och lov p\u00e5 v\u00e4g att fasas ut.<br>Dagens djurskyddsarbete inriktas mycket p\u00e5 information, forskning och utbildning. M\u00e4nniskan bakom djuret \u00e4r den viktigaste faktorn f\u00f6r att erbjuda djuren en god v\u00e4lf\u00e4rd.<\/p>\n\n\n\n<p><strong>G\u00c5VOR OCH ARV<\/strong><br>Tack vare flera donationer och arv kan Djurskyddet Kronoberg g\u00f6ra mycket p\u00e5 det omr\u00e5det.<br>Fr\u00e5n&nbsp;<strong>Tycho Carlssons<\/strong>&nbsp;donationsfond f\u00e5r vi \u00e5rligen, via testamente, ett stort belopp. Pengarna anv\u00e4nds fr\u00e4mst till att, genom Djurskyddet Kronobergs djurskyddsstipendium till Tycho Carlssons minne, st\u00f6dja en forskning som leder till f\u00f6rb\u00e4ttrade f\u00f6rh\u00e5llanden och h\u00e4lsa f\u00f6r djuren omkring oss.<br>V\u00e5ra stora och dyrbara katt-kastreringskampanjer har f\u00f6rhoppningsvis bidragit till f\u00e4rre o\u00f6nskade och halvvilda kattungar.<br>Visste ni att en enda okastrerad katthona kan \u00f6ka det o\u00f6nskade kattbest\u00e5ndet med 120 ungar under sin levnad? Och de honkatter hon f\u00f6der har samma f\u00f6rm\u00e5ga\u2026<br><strong>Emelie Th\u00f6rnqvist i V\u00e4xj\u00f6 Djurskyddsstiftelse<\/strong>&nbsp;har sitt ursprung i arvet efter fr\u00f6ken Emelie T\u00f6rnqvist som dog 1946 och efterl\u00e4mnade 8000 kronor att anv\u00e4ndas till att anst\u00e4lla en djurskyddsinspekt\u00f6r, senare \u00e4ndrat till upplysningsverksamhet. Endast avkastningen f\u00e5r anv\u00e4ndas varf\u00f6r det i dagsl\u00e4get inte g\u00e5r att anv\u00e4nda n\u00e5got.&nbsp;<br>\u00c5r 2006 fick Djurskyddet Kronoberg ett stort arv efter&nbsp;<strong>Edit Nilsson<\/strong>&nbsp;i Gott\u00e5sa. Arvet anv\u00e4nds bland annat till informationsverksamhet och v\u00e5ra djurskyddsstipendier.<br>\u00c5r 2019 sk\u00e4nktes pengar till Djurskyddet Kronoberg som minnesg\u00e5vor i samband med begravningen av v\u00e5r tidigare styrelsemedlem Brita Blomqvist. Katter l\u00e5g henne s\u00e4rskilt varmt om hj\u00e4rtat och d\u00e4rf\u00f6r sk\u00e4nktes minnesg\u00e5vorna till Djurskyddet Sigfrids verksamhet med katthem.<br>F\u00f6reningens m\u00e5ng\u00e5riga ordf\u00f6rande och d\u00e4refter i n\u00e4stan 20 \u00e5r styrelseledamot Margareta G\u00f6the Dalgren gick ur tiden \u00e5r 2019 och efterl\u00e4mnade ett arv till Djurskyddet Kronoberg. Arvet m\u00f6jliggjorde att Trummens hundlekplats kunde bli verklighet. Det \u00e4r Sveriges f\u00f6rsta tillg\u00e4nglighetsanpassade rastg\u00e5rd f\u00f6r hundar d\u00e4r man l\u00e4tt kan komma in och aktivera sin hund \u00e4ven om man anv\u00e4nder rullstol, elscooter eller annat hj\u00e4lpmedel.<br>2022 har Djurskyddet Kronoberg f\u00e5tt ett arv efter Solveig och Olle Andersson, V\u00e4xj\u00f6.<\/p>\n\n\n\n<p><strong>ENTUSIASTER<\/strong><br>Framtill 1950-talet var l\u00e4nets landsh\u00f6vdingar sj\u00e4lvskrivna p\u00e5 ordf\u00f6randeposten i Wexi\u00f6 Djurskyddsf\u00f6rening.<br>Numera sk\u00f6ts klubban av andra, mycket engagerade medlemmar. Hur v\u00e5r styrelse ser ut hittar Du p\u00e5 en annan plats p\u00e5 v\u00e5r hemsida. K\u00e4nns det som om Du ocks\u00e5 skulle vilja g\u00f6ra n\u00e5got f\u00f6r djurens b\u00e4sta s\u00e5 \u00e4r Du varmt v\u00e4lkommen som medlem hos oss i Djurskyddet Kronoberg.<\/p>\n","protected":false},"excerpt":{"rendered":"<p>\u00d6ver 130 \u00e5r av djurskydd \u2013 en tradition i Kronobergs l\u00e4n Djurskyddet Kronoberg har sina r\u00f6tter djupt nere i 1800-talet. Det var den 29 november 1889 som Wexi\u00f6 Djurskyddsf\u00f6rening bildades, en l\u00e4nst\u00e4ckande f\u00f6rening, som redan efter en m\u00e5nads verksamhet hade 100 medlemmar! Djurskyddsfr\u00e5gorna stod h\u00f6gt p\u00e5 agendan och snart bildades det en riksorganisation, Sveriges Djurskyddsf\u00f6reningars riksf\u00f6rbund, som de flesta lokala f\u00f6reningarna ansl\u00f6t sig till.Vid millennieskiftet bytte riksorganisationen namn till Djurskyddet&hellip;<\/p>\n<p><a class=\"more-link\" href=\"https:\/\/www.djurskyddet.se\/kronoberg\/historik\/\" title=\"Continue reading &lsquo;Historik&rsquo;\">L&auml;s mer<span class=\"meta-nav\">&raquo;<\/span><\/a><\/p>\n","protected":false},"author":3,"featured_media":0,"parent":0,"menu_order":0,"comment_status":"closed","ping_status":"closed","template":"left-sidebar.php","meta":{"_acf_changed":false,"footnotes":""},"class_list":["post-5586","page","type-page","status-publish","hentry"],"acf":[],"_links":{"self":[{"href":"https:\/\/www.djurskyddet.se\/kronoberg\/wp-json\/wp\/v2\/pages\/5586","targetHints":{"allow":["GET"]}}],"collection":[{"href":"https:\/\/www.djurskyddet.se\/kronoberg\/wp-json\/wp\/v2\/pages"}],"about":[{"href":"https:\/\/www.djurskyddet.se\/kronoberg\/wp-json\/wp\/v2\/types\/page"}],"author":[{"embeddable":true,"href":"https:\/\/www.djurskyddet.se\/kronoberg\/wp-json\/wp\/v2\/users\/3"}],"replies":[{"embeddable":true,"href":"https:\/\/www.djurskyddet.se\/kronoberg\/wp-json\/wp\/v2\/comments?post=5586"}],"version-history":[{"count":5,"href":"https:\/\/www.djurskyddet.se\/kronoberg\/wp-json\/wp\/v2\/pages\/5586\/revisions"}],"predecessor-version":[{"id":5976,"href":"https:\/\/www.djurskyddet.se\/kronoberg\/wp-json\/wp\/v2\/pages\/5586\/revisions\/5976"}],"wp:attachment":[{"href":"https:\/\/www.djurskyddet.se\/kronoberg\/wp-json\/wp\/v2\/media?parent=5586"}],"curies":[{"name":"wp","href":"https:\/\/api.w.org\/{rel}","templated":true}]}}