{"id":5588,"date":"2020-11-25T08:29:20","date_gmt":"2020-11-25T08:29:20","guid":{"rendered":"https:\/\/www.djurskyddet.se\/kronoberg\/?page_id=5588"},"modified":"2020-11-26T14:02:17","modified_gmt":"2020-11-26T14:02:17","slug":"verksamhetsberattelser","status":"publish","type":"page","link":"https:\/\/www.djurskyddet.se\/kronoberg\/verksamhetsberattelser\/","title":{"rendered":"Verksamhetsber\u00e4ttelse"},"content":{"rendered":"\n<p>H\u00e4r kan du l\u00e4sa v\u00e5ra verksamhetsber\u00e4ttelse f\u00f6r f\u00f6reg\u00e5ende \u00e5r.<\/p>\n\n\n\n<h2 class=\"wp-block-heading\">2019<\/h2>\n\n\n\n<p><strong>Allm\u00e4nt<\/strong><br>Djurskyddet Kronoberg \u00e4r en ideell f\u00f6rening med l\u00e4nsomfattande verksamhet som bildades redan \u00e5r 1889 med d\u00e5varande namn Wexi\u00f6 Djurskyddsf\u00f6rening.<br><br>F\u00f6reningen ing\u00e5r i Djurskyddet Sverige som \u00e4r en riksomfattande organisation till vilket 48 olika lokalf\u00f6reningar \u00e4r anslutna. F\u00f6reningen driver inget djurhem i egen regi utan arbetar i huvudsak med f\u00f6rebyggande djurskydd som f\u00f6rel\u00e4sningskv\u00e4llar och informationskampanjer.\u00a0<br><br>Under \u00e5ren har f\u00f6reningen delat ut stipendier till djurskyddsfr\u00e4mjande verksamheter som forskning och utbildning.\u00a0<br>Bidrag har ocks\u00e5 l\u00e4mnats till id-m\u00e4rkning och kastrering av katter i l\u00e4net genom kastreringskampanjer.<br><br>Andra former av bidrag har ocks\u00e5 l\u00e4mnats till verksamheter som fr\u00e4mjar djurens v\u00e4lbefinnande.<br><br><strong>Styrelse<\/strong><br>Styrelsens sammans\u00e4ttning har under \u00e5ret varit:<br>Bj\u00f6rn Dahl\u00e9n, ordf\u00f6rande<br>Bj\u00f6rn-Fredrik Tollin, vice ordf\u00f6rande<br>Yngve Linn\u00e9r, sekreterare<br>Josefine Rosenqvist, ekonomiansvarig<br>Helena Dahl\u00e9n, ledamot<br>Annica Uleskog, ledamot<br>Monica L\u00f6fberg, ledamot<br>Hel\u00e9ne Str\u00e5th, ledamot<br><br><strong>\u00c5rsm\u00f6tet<\/strong><br>\u00c5rsm\u00f6tet h\u00f6lls i Equmeniakyrkans lokaler p\u00e5 Berg\u00f6v\u00e4gen i V\u00e4xj\u00f6 den 26 mars. Ordf\u00f6rande vid detta m\u00f6te var\u00a0Benny Johansson.\u00a0<br><br>Inga motioner hade inkommit till m\u00f6tet och efter sedvanliga m\u00f6tesf\u00f6rhandlingar avtackades\u00a0Karin M\u00f6rk\u00a0och Karin \u00d6rnhem f\u00f6r sin medverkan i styrelsen.<br><br>Hel\u00e9ne Str\u00e5th\u00a0och Annica Uleskog nyinvaldes till styrelsen.<br>Till valberedning valdes\u00a0Jan Pyrell och\u00a0Berne Persson.<br>Efter m\u00f6tet gjordes stipendieutdelningen och kv\u00e4llen avslutades med en gemensam fikastund.<br><br><strong>Sammantr\u00e4den<\/strong><br>Styrelsen har under \u00e5ret haft 8 protokollf\u00f6rda m\u00f6ten. Alla sammantr\u00e4den har h\u00e5llits hemma hos Bj\u00f6rn-Fredrik Tollin.\u00a0\u00a0\u00a0<br><br><strong>Stipendier<\/strong><br>Djurskyddet Kronoberg har utannonserat och s\u00f6kt kandidater till djurskyddsstipendier. Nio ans\u00f6kningar har inkommit och tre av dessa har vardera tilldelats 75.000:- till minne av Tycho Carlsson. De prisbel\u00f6nta blev:<br><br><strong>Albin Gr\u00e4ns<\/strong> f\u00f6r delfinansiering av ett projekt som g\u00e4ller hantering och avlivning av produktionsfisk.<br><br><strong>Torun Wallgren<\/strong>\u00a0f\u00f6r att g\u00f6ra en vetenskaplig sammanfattning till grisproducenter kring forskning som gjorts om svansbitning.<br><br><strong>VOOV\u00a0(Veterin\u00e4r Omtanke Om V\u00e5ldsutsatta)<\/strong> f\u00f6reningen g\u00f6r en informationsfilm om sambandet mellan v\u00e5ld i n\u00e4ra relation och v\u00e5ld mot husdjur.<br><br>Stipendierna delades ut vid \u00e5rsm\u00f6tet. Styrelsen har ocks\u00e5 beslutat att \u00e5r 2020 dela ut stipendier under liknande former.\u00a0<br><br><strong>Ekonomi<\/strong><br>F\u00f6reningen har en god ekonomi d\u00e5 vi bland annat har en \u00e5rlig avkastning fr\u00e5n Tycho Carlssons Donationsfond.\u00a0<br>Ekonomiansvarig har varit Josefine Rosenqvist. Hon har h\u00e5llit styrelsen v\u00e4linformerad om det ekonomiska l\u00e4get.<br>F\u00f6r n\u00e4rmare information om ekonomin h\u00e4nvisas till \u00e5rsredovisningen.\u00a0<br><br><strong>F\u00f6rel\u00e4sningar<\/strong><br>F\u00f6reningen har under \u00e5ret bjudit p\u00e5 fyra f\u00f6rel\u00e4sningskv\u00e4llar samtliga i Equmeniakyrkan i V\u00e4xj\u00f6.\u00a0<br>Den 14 februari var det ett v\u00e4lbes\u00f6kt kattf\u00f6redrag med\u00a0Lisa Berglund.<br>Den 5 mars \u00e5terkom v\u00e5r tidigare f\u00f6redragsh\u00e5llare\u00a0Per Jensenoch talade om hundar.<br>Den 22 oktober gjordes en uppf\u00f6ljning av f\u00f6redraget om katter av\u00a0Elin Hirsch.<br>Den 19 november h\u00f6lls tv\u00e5 f\u00f6redrag om \u201dhundar i arbete\u201d. Det f\u00f6rsta av\u00a0Jan Bernhardsom talade om polishundar och det andra av\u00a0Lise-Lott Naesssom talade om ledarhundar.\u00a0<br>I pausen p\u00e5 f\u00f6redragen har vi haft en fruktstund. Vi har ocks\u00e5 bjudit v\u00e5ra medlemmar p\u00e5 fri entr\u00e9.<br><br><strong>Mat- och djurm\u00e4ssan<\/strong><br>Den 31 augusti deltog vi i Mat och djurm\u00e4ssan i Lenhovda. Det var Helena Dahl\u00e9n och Hel\u00e9ne Str\u00e5th som hade en monter d\u00e4r och informerade om v\u00e5r verksamhet.<br><br><strong>Djurskyddet Sigfrid<\/strong><br>V\u00e5r styrelse inbj\u00f6ds att bes\u00f6ka Djurskyddet Sigfrids katthem p\u00e5 Hjalmar Petris v\u00e4g i V\u00e4xj\u00f6 den 15 oktober. Vi blev informerade om verksamheten och bes\u00f6ket gav ett positivt intryck. Efter bes\u00f6ket samlades vi p\u00e5 R\u00f6da Korsets lokal f\u00f6r mer information, bildvisning och fikastund. Bj\u00f6rn Dahl\u00e9n \u00f6verl\u00e4mnade 4.670:- vilket var den summa som vi mottagit i form av minnesg\u00e5vor. Dessutom l\u00e4mnades en g\u00e5va p\u00e5 20.000:- fr\u00e5n v\u00e5r f\u00f6rening.<br><br><strong>Medlemsresan<\/strong><br>Den 25 maj gjordes en dagsresa med buss d\u00e4r 27 medlemmar deltog. Vi bes\u00f6kte \u00c5snens Nationalpark, Bergs Handelstr\u00e4dg\u00e5rd, Ladan i Urshult, Tingsryds Travbana och J\u00e4ts gamla kyrka. Vi blev guidade i nationalparken och p\u00e5 travbanan.<br>Resan var till full bel\u00e5tenhet och var planerad av Harry Karlsson.<br><br><strong>F\u00e5gelmatning i Uppvidinge\u00a0<\/strong><br>P\u00e5 framst\u00e4llan fr\u00e5n Wivi Johansson Svanberg har ett bidrag p\u00e5 5.000:- utbetalats till f\u00e5gelmatning i Klavrestr\u00f6m, Norrhult och \u00c5seda.<br><br><strong>Tycho Carlssons Donationsfond<\/strong><br>V\u00e5r styrelse blev inbjuden till ett lunchm\u00f6te p\u00e5 Teleborgs Slott av Tycho Carlssons Donationsfond den 24 april. Fr\u00e5n v\u00e5r sida deltog Bj\u00f6rn Dahl\u00e9n och Yngve Linn\u00e9r. Bj\u00f6rn ber\u00e4ttade om v\u00e5r verksamhet. Vi tilldelades d\u00e5 225.000:- fr\u00e5n fonden vilket \u00e4r samma belopp som f\u00f6reg\u00e5ende \u00e5r.\u00a0<br><br><strong>Medlemskontakter<\/strong><br>Styrelsen har under \u00e5ret skickat ut fyra nyhetsbrev till medlemmarna. Breven har varit kortfattad information om v\u00e5ra f\u00f6rehavanden. Det har ocks\u00e5 meddelats om kommande f\u00f6rel\u00e4sningar och aktiviteter. Nyhetsbreven har kunnat s\u00e4ndas ut genom f\u00f6rbundets f\u00f6rsorg i och med att vi \u00e4r anslutna till det centrala medlemsregistret.<br>P\u00e5 v\u00e5r hemsida\u00a0<a href=\"http:\/\/www.djurskyddet.nu\/kronoberg\">www.djurskyddet.nu\/kronoberg<\/a>\u00a0har ocks\u00e5 informerats om v\u00e5ra aktiviteter<br><br><strong>Slutord<\/strong><br>V\u00e5r f\u00f6rening kommer att forts\u00e4tta arbetet med f\u00f6rebyggande djurskydd i form av f\u00f6rel\u00e4sningar, informationskampanjer och samarbete med andra djurskyddande verksamheter.\u00a0<br>V\u00e5rt medlemsantal har de sista \u00e5ren varit stigande och vi har nu\u00a0med god marginal passerat 200-gr\u00e4nsen. Vi \u00e4r en v\u00e4xande f\u00f6rening och ser ljust p\u00e5 framtiden.<br><br>Styrelsen vill tacka alla medlemmar i v\u00e5r f\u00f6rening. Vi hoppas att s\u00e5 m\u00e5nga som m\u00f6jligt deltar i v\u00e5ra aktiviteter och sprider information om Djurskyddet Kronoberg.<\/p>\n","protected":false},"excerpt":{"rendered":"<p>H\u00e4r kan du l\u00e4sa v\u00e5ra verksamhetsber\u00e4ttelse f\u00f6r f\u00f6reg\u00e5ende \u00e5r. 2019 Allm\u00e4ntDjurskyddet Kronoberg \u00e4r en ideell f\u00f6rening med l\u00e4nsomfattande verksamhet som bildades redan \u00e5r 1889 med d\u00e5varande namn Wexi\u00f6 Djurskyddsf\u00f6rening. F\u00f6reningen ing\u00e5r i Djurskyddet Sverige som \u00e4r en riksomfattande organisation till vilket 48 olika lokalf\u00f6reningar \u00e4r anslutna. F\u00f6reningen driver inget djurhem i egen regi utan arbetar i huvudsak med f\u00f6rebyggande djurskydd som f\u00f6rel\u00e4sningskv\u00e4llar och informationskampanjer.\u00a0 Under \u00e5ren har f\u00f6reningen delat ut&hellip;<\/p>\n<p><a class=\"more-link\" href=\"https:\/\/www.djurskyddet.se\/kronoberg\/verksamhetsberattelser\/\" title=\"Continue reading &lsquo;Verksamhetsber\u00e4ttelse&rsquo;\">L&auml;s mer<span class=\"meta-nav\">&raquo;<\/span><\/a><\/p>\n","protected":false},"author":3,"featured_media":0,"parent":0,"menu_order":0,"comment_status":"closed","ping_status":"closed","template":"left-sidebar.php","meta":{"_acf_changed":false,"footnotes":""},"class_list":["post-5588","page","type-page","status-publish","hentry"],"acf":[],"_links":{"self":[{"href":"https:\/\/www.djurskyddet.se\/kronoberg\/wp-json\/wp\/v2\/pages\/5588","targetHints":{"allow":["GET"]}}],"collection":[{"href":"https:\/\/www.djurskyddet.se\/kronoberg\/wp-json\/wp\/v2\/pages"}],"about":[{"href":"https:\/\/www.djurskyddet.se\/kronoberg\/wp-json\/wp\/v2\/types\/page"}],"author":[{"embeddable":true,"href":"https:\/\/www.djurskyddet.se\/kronoberg\/wp-json\/wp\/v2\/users\/3"}],"replies":[{"embeddable":true,"href":"https:\/\/www.djurskyddet.se\/kronoberg\/wp-json\/wp\/v2\/comments?post=5588"}],"version-history":[{"count":7,"href":"https:\/\/www.djurskyddet.se\/kronoberg\/wp-json\/wp\/v2\/pages\/5588\/revisions"}],"predecessor-version":[{"id":5672,"href":"https:\/\/www.djurskyddet.se\/kronoberg\/wp-json\/wp\/v2\/pages\/5588\/revisions\/5672"}],"wp:attachment":[{"href":"https:\/\/www.djurskyddet.se\/kronoberg\/wp-json\/wp\/v2\/media?parent=5588"}],"curies":[{"name":"wp","href":"https:\/\/api.w.org\/{rel}","templated":true}]}}