{"id":5590,"date":"2020-11-25T08:30:44","date_gmt":"2020-11-25T08:30:44","guid":{"rendered":"https:\/\/www.djurskyddet.se\/kronoberg\/?page_id=5590"},"modified":"2020-11-26T22:32:54","modified_gmt":"2020-11-26T22:32:54","slug":"djurskyddet-sverige","status":"publish","type":"page","link":"https:\/\/www.djurskyddet.se\/kronoberg\/djurskyddet-sverige\/","title":{"rendered":"Djurskyddet Sverige"},"content":{"rendered":"\n<p>Djurskyddet Kronoberg \u00e4r en av m\u00e5nga medlemsf\u00f6reningar i riksorganisationen Djurskyddet Sverige. Du kan l\u00e4sa om Djurskyddet Sverige <a href=\"https:\/\/www.djurskyddet.se\">h\u00e4r<\/a>. <\/p>\n","protected":false},"excerpt":{"rendered":"<p>Djurskyddet Kronoberg \u00e4r en av m\u00e5nga medlemsf\u00f6reningar i riksorganisationen Djurskyddet Sverige. Du kan l\u00e4sa om Djurskyddet Sverige h\u00e4r.<\/p>\n","protected":false},"author":3,"featured_media":0,"parent":0,"menu_order":0,"comment_status":"closed","ping_status":"closed","template":"","meta":{"_acf_changed":false,"footnotes":""},"class_list":["post-5590","page","type-page","status-publish","hentry"],"acf":[],"_links":{"self":[{"href":"https:\/\/www.djurskyddet.se\/kronoberg\/wp-json\/wp\/v2\/pages\/5590","targetHints":{"allow":["GET"]}}],"collection":[{"href":"https:\/\/www.djurskyddet.se\/kronoberg\/wp-json\/wp\/v2\/pages"}],"about":[{"href":"https:\/\/www.djurskyddet.se\/kronoberg\/wp-json\/wp\/v2\/types\/page"}],"author":[{"embeddable":true,"href":"https:\/\/www.djurskyddet.se\/kronoberg\/wp-json\/wp\/v2\/users\/3"}],"replies":[{"embeddable":true,"href":"https:\/\/www.djurskyddet.se\/kronoberg\/wp-json\/wp\/v2\/comments?post=5590"}],"version-history":[{"count":2,"href":"https:\/\/www.djurskyddet.se\/kronoberg\/wp-json\/wp\/v2\/pages\/5590\/revisions"}],"predecessor-version":[{"id":5711,"href":"https:\/\/www.djurskyddet.se\/kronoberg\/wp-json\/wp\/v2\/pages\/5590\/revisions\/5711"}],"wp:attachment":[{"href":"https:\/\/www.djurskyddet.se\/kronoberg\/wp-json\/wp\/v2\/media?parent=5590"}],"curies":[{"name":"wp","href":"https:\/\/api.w.org\/{rel}","templated":true}]}}