{"id":5592,"date":"2020-11-25T08:31:39","date_gmt":"2020-11-25T08:31:39","guid":{"rendered":"https:\/\/www.djurskyddet.se\/kronoberg\/?page_id=5592"},"modified":"2020-11-25T08:31:40","modified_gmt":"2020-11-25T08:31:40","slug":"stod-oss","status":"publish","type":"page","link":"https:\/\/www.djurskyddet.se\/kronoberg\/stod-oss\/","title":{"rendered":"St\u00f6d oss"},"content":{"rendered":"\n<p><strong>Ge djuren ditt st\u00f6d!<\/strong><\/p>\n\n\n\n<p>Vi \u00e4r \u00f6vertygade om att det g\u00e5r att skapa en b\u00e4ttre tillvaro f\u00f6r djuren, men vi m\u00e5ste g\u00f6ra det tillsammans. V\u00e5r verksamhet f\u00e5r inga statliga bidrag och vi \u00e4r helt beroende av enskilda m\u00e4nniskors generositet. Du kan st\u00f6dja v\u00e5rt arbete p\u00e5 flera s\u00e4tt.<\/p>\n","protected":false},"excerpt":{"rendered":"<p>Ge djuren ditt st\u00f6d! Vi \u00e4r \u00f6vertygade om att det g\u00e5r att skapa en b\u00e4ttre tillvaro f\u00f6r djuren, men vi m\u00e5ste g\u00f6ra det tillsammans. V\u00e5r verksamhet f\u00e5r inga statliga bidrag och vi \u00e4r helt beroende av enskilda m\u00e4nniskors generositet. Du kan st\u00f6dja v\u00e5rt arbete p\u00e5 flera s\u00e4tt.<\/p>\n","protected":false},"author":3,"featured_media":0,"parent":0,"menu_order":0,"comment_status":"closed","ping_status":"closed","template":"left-sidebar.php","meta":{"_acf_changed":false,"footnotes":""},"class_list":["post-5592","page","type-page","status-publish","hentry"],"acf":[],"_links":{"self":[{"href":"https:\/\/www.djurskyddet.se\/kronoberg\/wp-json\/wp\/v2\/pages\/5592","targetHints":{"allow":["GET"]}}],"collection":[{"href":"https:\/\/www.djurskyddet.se\/kronoberg\/wp-json\/wp\/v2\/pages"}],"about":[{"href":"https:\/\/www.djurskyddet.se\/kronoberg\/wp-json\/wp\/v2\/types\/page"}],"author":[{"embeddable":true,"href":"https:\/\/www.djurskyddet.se\/kronoberg\/wp-json\/wp\/v2\/users\/3"}],"replies":[{"embeddable":true,"href":"https:\/\/www.djurskyddet.se\/kronoberg\/wp-json\/wp\/v2\/comments?post=5592"}],"version-history":[{"count":1,"href":"https:\/\/www.djurskyddet.se\/kronoberg\/wp-json\/wp\/v2\/pages\/5592\/revisions"}],"predecessor-version":[{"id":5593,"href":"https:\/\/www.djurskyddet.se\/kronoberg\/wp-json\/wp\/v2\/pages\/5592\/revisions\/5593"}],"wp:attachment":[{"href":"https:\/\/www.djurskyddet.se\/kronoberg\/wp-json\/wp\/v2\/media?parent=5592"}],"curies":[{"name":"wp","href":"https:\/\/api.w.org\/{rel}","templated":true}]}}