{"id":5596,"date":"2020-11-25T11:48:42","date_gmt":"2020-11-25T11:48:42","guid":{"rendered":"https:\/\/www.djurskyddet.se\/kronoberg\/?page_id=5596"},"modified":"2020-11-25T11:48:43","modified_gmt":"2020-11-25T11:48:43","slug":"ge-en-gava","status":"publish","type":"page","link":"https:\/\/www.djurskyddet.se\/kronoberg\/ge-en-gava\/","title":{"rendered":"Ge en g\u00e5va"},"content":{"rendered":"\n<h2 class=\"wp-block-heading\">Vem som helst, kan n\u00e4r som helst sk\u00e4nka en g\u00e5va till Djurskyddet Kronoberg. Vi och alla djur \u00e4r mycket tacksamma f\u00f6r alla g\u00e5vor vi f\u00e5r.<\/h2>\n\n\n\n<h2 class=\"wp-block-heading\">Hur g\u00f6r jag f\u00f6r att sk\u00e4nka en g\u00e5va?<\/h2>\n\n\n\n<p>St\u00f6d v\u00e5r verksamhet genom att sk\u00e4nka ett valfritt belopp till&nbsp;<strong>Bankgiro 5381-1949. M\u00e4rk med g\u00e5va.<\/strong><\/p>\n\n\n\n<p><img loading=\"lazy\" decoding=\"async\" width=\"500\" height=\"433\" class=\"wp-image-5597\" style=\"width: 500px;\" src=\"https:\/\/www.djurskyddet.se\/kronoberg\/wp-content\/uploads\/sites\/45\/2020\/11\/pict0041_500x433.jpg\" alt=\"\" srcset=\"https:\/\/www.djurskyddet.se\/kronoberg\/wp-content\/uploads\/sites\/45\/2020\/11\/pict0041_500x433.jpg 500w, https:\/\/www.djurskyddet.se\/kronoberg\/wp-content\/uploads\/sites\/45\/2020\/11\/pict0041_500x433-300x260.jpg 300w, https:\/\/www.djurskyddet.se\/kronoberg\/wp-content\/uploads\/sites\/45\/2020\/11\/pict0041_500x433-400x346.jpg 400w\" sizes=\"auto, (max-width: 500px) 100vw, 500px\" \/><br>Foto: Christina Carlstr\u00f6m<\/p>\n","protected":false},"excerpt":{"rendered":"<p>Vem som helst, kan n\u00e4r som helst sk\u00e4nka en g\u00e5va till Djurskyddet Kronoberg. Vi och alla djur \u00e4r mycket tacksamma f\u00f6r alla g\u00e5vor vi f\u00e5r. Hur g\u00f6r jag f\u00f6r att sk\u00e4nka en g\u00e5va? St\u00f6d v\u00e5r verksamhet genom att sk\u00e4nka ett valfritt belopp till&nbsp;Bankgiro 5381-1949. M\u00e4rk med g\u00e5va. Foto: Christina Carlstr\u00f6m<\/p>\n","protected":false},"author":3,"featured_media":0,"parent":0,"menu_order":0,"comment_status":"closed","ping_status":"closed","template":"left-sidebar.php","meta":{"_acf_changed":false,"footnotes":""},"class_list":["post-5596","page","type-page","status-publish","hentry"],"acf":[],"_links":{"self":[{"href":"https:\/\/www.djurskyddet.se\/kronoberg\/wp-json\/wp\/v2\/pages\/5596","targetHints":{"allow":["GET"]}}],"collection":[{"href":"https:\/\/www.djurskyddet.se\/kronoberg\/wp-json\/wp\/v2\/pages"}],"about":[{"href":"https:\/\/www.djurskyddet.se\/kronoberg\/wp-json\/wp\/v2\/types\/page"}],"author":[{"embeddable":true,"href":"https:\/\/www.djurskyddet.se\/kronoberg\/wp-json\/wp\/v2\/users\/3"}],"replies":[{"embeddable":true,"href":"https:\/\/www.djurskyddet.se\/kronoberg\/wp-json\/wp\/v2\/comments?post=5596"}],"version-history":[{"count":1,"href":"https:\/\/www.djurskyddet.se\/kronoberg\/wp-json\/wp\/v2\/pages\/5596\/revisions"}],"predecessor-version":[{"id":5598,"href":"https:\/\/www.djurskyddet.se\/kronoberg\/wp-json\/wp\/v2\/pages\/5596\/revisions\/5598"}],"wp:attachment":[{"href":"https:\/\/www.djurskyddet.se\/kronoberg\/wp-json\/wp\/v2\/media?parent=5596"}],"curies":[{"name":"wp","href":"https:\/\/api.w.org\/{rel}","templated":true}]}}