{"id":5605,"date":"2020-11-25T11:53:23","date_gmt":"2020-11-25T11:53:23","guid":{"rendered":"https:\/\/www.djurskyddet.se\/kronoberg\/?page_id=5605"},"modified":"2025-11-02T23:08:17","modified_gmt":"2025-11-02T23:08:17","slug":"stipendium","status":"publish","type":"page","link":"https:\/\/www.djurskyddet.se\/kronoberg\/stipendium\/","title":{"rendered":"Stipendium"},"content":{"rendered":"\n<p>Nu \u00e4r det dags att skriva en ans\u00f6kan till Djurskyddet Kronobergs djurskyddsstipendium till Tycho Carlssons minne. Om du har n\u00e5got bra forskningsprojekt eller annat fint inom djurskyddsomr\u00e5det kan du ans\u00f6ka senast den 15 januari 2026. Se annonsen nedan.<\/p>\n\n\n\n<figure class=\"wp-block-image size-full\"><a href=\"https:\/\/www.djurskyddet.se\/kronoberg\/wp-content\/uploads\/sites\/45\/2025\/11\/Djurskyddet-stipendium-2026.png\"><img loading=\"lazy\" decoding=\"async\" width=\"1024\" height=\"891\" src=\"https:\/\/www.djurskyddet.se\/kronoberg\/wp-content\/uploads\/sites\/45\/2025\/11\/Djurskyddet-stipendium-2026.png\" alt=\"\" class=\"wp-image-6354\" srcset=\"https:\/\/www.djurskyddet.se\/kronoberg\/wp-content\/uploads\/sites\/45\/2025\/11\/Djurskyddet-stipendium-2026.png 1024w, https:\/\/www.djurskyddet.se\/kronoberg\/wp-content\/uploads\/sites\/45\/2025\/11\/Djurskyddet-stipendium-2026-300x261.png 300w, https:\/\/www.djurskyddet.se\/kronoberg\/wp-content\/uploads\/sites\/45\/2025\/11\/Djurskyddet-stipendium-2026-768x668.png 768w, https:\/\/www.djurskyddet.se\/kronoberg\/wp-content\/uploads\/sites\/45\/2025\/11\/Djurskyddet-stipendium-2026-400x348.png 400w\" sizes=\"auto, (max-width: 1024px) 100vw, 1024px\" \/><\/a><\/figure>\n","protected":false},"excerpt":{"rendered":"<p>Nu \u00e4r det dags att skriva en ans\u00f6kan till Djurskyddet Kronobergs djurskyddsstipendium till Tycho Carlssons minne. Om du har n\u00e5got bra forskningsprojekt eller annat fint inom djurskyddsomr\u00e5det kan du ans\u00f6ka senast den 15 januari 2026. Se annonsen nedan.<\/p>\n","protected":false},"author":3,"featured_media":0,"parent":0,"menu_order":0,"comment_status":"closed","ping_status":"closed","template":"left-sidebar.php","meta":{"_acf_changed":false,"footnotes":""},"class_list":["post-5605","page","type-page","status-publish","hentry"],"acf":[],"_links":{"self":[{"href":"https:\/\/www.djurskyddet.se\/kronoberg\/wp-json\/wp\/v2\/pages\/5605","targetHints":{"allow":["GET"]}}],"collection":[{"href":"https:\/\/www.djurskyddet.se\/kronoberg\/wp-json\/wp\/v2\/pages"}],"about":[{"href":"https:\/\/www.djurskyddet.se\/kronoberg\/wp-json\/wp\/v2\/types\/page"}],"author":[{"embeddable":true,"href":"https:\/\/www.djurskyddet.se\/kronoberg\/wp-json\/wp\/v2\/users\/3"}],"replies":[{"embeddable":true,"href":"https:\/\/www.djurskyddet.se\/kronoberg\/wp-json\/wp\/v2\/comments?post=5605"}],"version-history":[{"count":11,"href":"https:\/\/www.djurskyddet.se\/kronoberg\/wp-json\/wp\/v2\/pages\/5605\/revisions"}],"predecessor-version":[{"id":6356,"href":"https:\/\/www.djurskyddet.se\/kronoberg\/wp-json\/wp\/v2\/pages\/5605\/revisions\/6356"}],"wp:attachment":[{"href":"https:\/\/www.djurskyddet.se\/kronoberg\/wp-json\/wp\/v2\/media?parent=5605"}],"curies":[{"name":"wp","href":"https:\/\/api.w.org\/{rel}","templated":true}]}}