{"id":5610,"date":"2020-11-25T11:59:06","date_gmt":"2020-11-25T11:59:06","guid":{"rendered":"https:\/\/www.djurskyddet.se\/kronoberg\/?page_id=5610"},"modified":"2026-02-25T14:37:26","modified_gmt":"2026-02-25T14:37:26","slug":"djur-i-nod","status":"publish","type":"page","link":"https:\/\/www.djurskyddet.se\/kronoberg\/djur-i-nod\/","title":{"rendered":"Djur i n\u00f6d"},"content":{"rendered":"\n<figure class=\"wp-block-image size-full\"><img loading=\"lazy\" decoding=\"async\" width=\"730\" height=\"410\" src=\"https:\/\/www.djurskyddet.se\/kronoberg\/wp-content\/uploads\/sites\/45\/2026\/02\/Djur-i-nod-sidhuvud-1-1.png\" alt=\"\" class=\"wp-image-6420\" srcset=\"https:\/\/www.djurskyddet.se\/kronoberg\/wp-content\/uploads\/sites\/45\/2026\/02\/Djur-i-nod-sidhuvud-1-1.png 730w, https:\/\/www.djurskyddet.se\/kronoberg\/wp-content\/uploads\/sites\/45\/2026\/02\/Djur-i-nod-sidhuvud-1-1-300x168.png 300w, https:\/\/www.djurskyddet.se\/kronoberg\/wp-content\/uploads\/sites\/45\/2026\/02\/Djur-i-nod-sidhuvud-1-1-400x225.png 400w\" sizes=\"auto, (max-width: 730px) 100vw, 730px\" \/><\/figure>\n\n\n\n<p>Ibland ser privatpersoner djur som p\u00e5 olika s\u00e4tt far illa eller som \u00e4r i n\u00f6d. Det kan d\u00e5 vara sv\u00e5rt att veta vart man b\u00f6r v\u00e4nda sig med sin oro och sina funderingar. H\u00e4r listar Djurskyddet Kronoberg olika myndigheter och f\u00f6reningar dit Du kan v\u00e4nda dig om du ser eller upplever att ett djur far illa.<\/p>\n\n\n\n<h2 class=\"wp-block-heading\">L\u00e4nsstyrelsen<\/h2>\n\n\n\n<p>Om Du misst\u00e4nker att ett djur far illa eller vansk\u00f6ts \u00e4r det till l\u00e4nstyresen i ditt l\u00e4n som du i f\u00f6rsta hand v\u00e4nder dig till. N\u00e4r du g\u00f6r en anm\u00e4lan om att du \u00e4r orolig f\u00f6r ett djur g\u00e5r det bra att vara anonym.<\/p>\n\n\n\n<p>L\u00e4nsstyrelsen \u00e4r den myndighet som utf\u00f6r djurskyddskontroller i l\u00e4net, b\u00e5de i f\u00f6rebyggande syfte och n\u00e4r anm\u00e4lningar ang\u00e5ende missf\u00f6rh\u00e5llande kommer in. L\u00e4nsstyrelsen arbetar f\u00f6r att djurskyddslagen f\u00f6ljs av djur\u00e4gare i l\u00e4net och att djuren har det bra.&nbsp;<\/p>\n\n\n\n<p>Vill du f\u00e5 tag p\u00e5 L\u00e4nsstyrelsen i Kronobergs l\u00e4n finns deras hemsida&nbsp;<a href=\"https:\/\/www.lansstyrelsen.se\/kronoberg\/djur\/skotsel-av-djur\/anmal-bristande-djurhallning.html\">h\u00e4r<\/a>.<\/p>\n\n\n\n<p>Deras kontaktuppgifter, d\u00e5 du misst\u00e4nker att djur far illa, \u00e4r:<\/p>\n\n\n\n<p>Epost:&nbsp;<a href=\"mailto:kronoberg@lansstyrelsen.se\">kronoberg@lansstyrelsen.se<\/a><\/p>\n\n\n\n<p><strong><em>Djurskyddstelefon<\/em><\/strong><br><strong><em>010 223 76 00<\/em><\/strong><br><br>\u00d6ppettider:<br>M\u00e5ndag 13:00 &#8211; 15:00<br>Tisdag &#8211; torsdag 9:30 &#8211; 12:00, 13:00 &#8211; 15:00&nbsp;<br>Fredag 9:30 &#8211; 12:00, 13:00 &#8211; 14:00<\/p>\n\n\n\n<h2 class=\"wp-block-heading\">Polisen<\/h2>\n\n\n\n<p>Om ett djur far illa i ett akut skede och l\u00e4nsstyrelsen har st\u00e4ngt eller inte g\u00e5r att f\u00e5 tag p\u00e5 v\u00e4nder du dig ist\u00e4llet till polisen. Polisen n\u00e5r du f\u00f6r s\u00e5dana h\u00e4r \u00e4renden p\u00e5&nbsp;<em><strong>telefonnummer 114 14<\/strong><\/em><\/p>\n\n\n\n<p>Om du hittar ett&nbsp;<strong>bortsprunget<\/strong>&nbsp;djur \u00e4r det ocks\u00e5 polisen som du v\u00e4nder dig till eftersom borttappade djur d\u00e5 hamnar under&nbsp;<a href=\"https:\/\/polisen.se\/Service\/Hittegods\/Upphittade-djur\/\">hittegodslagen<\/a>. \u00c4ven vid viltolyckor eller d\u00e5 det finns risk f\u00f6r att ett djur skadats i trafiken \u00e4r det polisen som Du ska kontakta. L\u00e4s mer&nbsp;<a href=\"https:\/\/polisen.se\/Lagar-och-regler\/Trafik-och-fordon\/Viltolyckor\/\">h\u00e4r<\/a>&nbsp;om viltolyckor.&nbsp;<\/p>\n\n\n\n<h2 class=\"wp-block-heading\">&nbsp;Vilda djur<\/h2>\n\n\n\n<p><a href=\"http:\/\/www.naturvardsverket.se\/Var-natur\/Djur-och-vaxter\/Rad\/Skadade-vilda-djur\/\">H\u00e4r<\/a>&nbsp;kan du l\u00e4sa om skadade vilda djur och vad du f\u00e5r och inte f\u00e5r g\u00f6ra med dessa. Beroende p\u00e5 var du hittar ett skadat vilt djur finns det personer att v\u00e4nda sig till. Kontakt f\u00f6r rehabiliterare i olika regioner hittar Du&nbsp;<a href=\"http:\/\/www.kfv-riks.se\/medlemmar\">h\u00e4r<\/a>.<\/p>\n","protected":false},"excerpt":{"rendered":"<p>Ibland ser privatpersoner djur som p\u00e5 olika s\u00e4tt far illa eller som \u00e4r i n\u00f6d. Det kan d\u00e5 vara sv\u00e5rt att veta vart man b\u00f6r v\u00e4nda sig med sin oro och sina funderingar. H\u00e4r listar Djurskyddet Kronoberg olika myndigheter och f\u00f6reningar dit Du kan v\u00e4nda dig om du ser eller upplever att ett djur far illa. L\u00e4nsstyrelsen Om Du misst\u00e4nker att ett djur far illa eller vansk\u00f6ts \u00e4r det till&hellip;<\/p>\n<p><a class=\"more-link\" href=\"https:\/\/www.djurskyddet.se\/kronoberg\/djur-i-nod\/\" title=\"Continue reading &lsquo;Djur i n\u00f6d&rsquo;\">L&auml;s mer<span class=\"meta-nav\">&raquo;<\/span><\/a><\/p>\n","protected":false},"author":3,"featured_media":0,"parent":0,"menu_order":0,"comment_status":"closed","ping_status":"closed","template":"left-sidebar.php","meta":{"_acf_changed":false,"footnotes":""},"class_list":["post-5610","page","type-page","status-publish","hentry"],"acf":[],"_links":{"self":[{"href":"https:\/\/www.djurskyddet.se\/kronoberg\/wp-json\/wp\/v2\/pages\/5610","targetHints":{"allow":["GET"]}}],"collection":[{"href":"https:\/\/www.djurskyddet.se\/kronoberg\/wp-json\/wp\/v2\/pages"}],"about":[{"href":"https:\/\/www.djurskyddet.se\/kronoberg\/wp-json\/wp\/v2\/types\/page"}],"author":[{"embeddable":true,"href":"https:\/\/www.djurskyddet.se\/kronoberg\/wp-json\/wp\/v2\/users\/3"}],"replies":[{"embeddable":true,"href":"https:\/\/www.djurskyddet.se\/kronoberg\/wp-json\/wp\/v2\/comments?post=5610"}],"version-history":[{"count":3,"href":"https:\/\/www.djurskyddet.se\/kronoberg\/wp-json\/wp\/v2\/pages\/5610\/revisions"}],"predecessor-version":[{"id":6421,"href":"https:\/\/www.djurskyddet.se\/kronoberg\/wp-json\/wp\/v2\/pages\/5610\/revisions\/6421"}],"wp:attachment":[{"href":"https:\/\/www.djurskyddet.se\/kronoberg\/wp-json\/wp\/v2\/media?parent=5610"}],"curies":[{"name":"wp","href":"https:\/\/api.w.org\/{rel}","templated":true}]}}