{"id":5617,"date":"2020-11-25T12:08:51","date_gmt":"2020-11-25T12:08:51","guid":{"rendered":"https:\/\/www.djurskyddet.se\/kronoberg\/?page_id=5617"},"modified":"2020-11-25T12:10:25","modified_gmt":"2020-11-25T12:10:25","slug":"hund-i-bilen","status":"publish","type":"page","link":"https:\/\/www.djurskyddet.se\/kronoberg\/hund-i-bilen\/","title":{"rendered":"Hund i bilen"},"content":{"rendered":"\n<figure class=\"wp-block-image\"><img loading=\"lazy\" decoding=\"async\" width=\"665\" height=\"415\" src=\"https:\/\/www.djurskyddet.se\/kronoberg\/wp-content\/uploads\/sites\/45\/2020\/11\/hund-i-bil.jpg\" alt=\"\" class=\"wp-image-5619\" srcset=\"https:\/\/www.djurskyddet.se\/kronoberg\/wp-content\/uploads\/sites\/45\/2020\/11\/hund-i-bil.jpg 665w, https:\/\/www.djurskyddet.se\/kronoberg\/wp-content\/uploads\/sites\/45\/2020\/11\/hund-i-bil-300x187.jpg 300w, https:\/\/www.djurskyddet.se\/kronoberg\/wp-content\/uploads\/sites\/45\/2020\/11\/hund-i-bil-400x250.jpg 400w\" sizes=\"auto, (max-width: 665px) 100vw, 665px\" \/><\/figure>\n\n\n\n<p>Sommaren och v\u00e4rmen \u00e4r h\u00e4r. En tid som kan vara ganska jobbig f\u00f6r m\u00e5nga djur, inte minst hundar. L\u00e4mna hellre hunden hemma \u00e4n att ta med den i bilen om du vet att hunden m\u00e5ste v\u00e4nta i bilen.<\/p>\n\n\n\n<p>I v\u00e4rmen kan bilen snabbt bli en d\u00f6dsf\u00e4lla f\u00f6r hunden. Snabbare \u00e4n m\u00e5nga tror h\u00f6js temperaturen i bilen, oavsett om den st\u00e5r i sol eller skugga. En hund kan bara svettas genom munnen och tassarna och drabbas snart av \u00f6verhettning i en solvarm bild.<\/p>\n\n\n\n<p>Tecken p\u00e5 \u00f6verhettning \u00e4r kraftigt fl\u00e4mtande andning och att den till exempel verkar apatisk eller f\u00e5r panik. I det stadiet har hunden redan en livshotande h\u00f6g kroppstemeperatur och m\u00e5ste omedelbart f\u00e5 veterin\u00e4rv\u00e5rd.<\/p>\n\n\n\n<p>Se tabellen nedan f\u00f6r hur temperaturen i bilen f\u00f6rh\u00e5ller sig till temperaturen utomhus.<\/p>\n\n\n\n<table class=\"wp-block-table\"><tbody><tr><td><strong>Klockslag<\/strong><\/td><td><strong>Temp. ute<\/strong><\/td><td><strong>V\u00e4derlek<\/strong><\/td><td><strong>Temp. i bil<\/strong><\/td><\/tr><tr><td>08.30<\/td><td>+14\u00b0 C<\/td><td>Skugga<\/td><td>+19\u00b0 C<\/td><\/tr><tr><td>09.30<\/td><td>+18\u00b0 C<\/td><td>Skugga<\/td><td>+38\u00b0 C<\/td><\/tr><tr><td>10.30<\/td><td>+20\u00b0 C<\/td><td>Blandat<\/td><td>+47\u00b0 C<\/td><\/tr><tr><td>11.10<\/td><td>+20\u00b0 C<\/td><td>Sol<\/td><td>+57\u00b0 C<\/td><\/tr><tr><td>12.00<\/td><td>+23\u00b0 C<\/td><td>Sol<\/td><td>+62\u00b0 C<\/td><\/tr><tr><td>13.30<\/td><td>+22\u00b0 C<\/td><td>Sol<\/td><td>+85\u00b0 C<\/td><\/tr><\/tbody><\/table>\n\n\n\n<p>K\u00e4lla: Svenska Kennelklubben<\/p>\n","protected":false},"excerpt":{"rendered":"<p>Sommaren och v\u00e4rmen \u00e4r h\u00e4r. En tid som kan vara ganska jobbig f\u00f6r m\u00e5nga djur, inte minst hundar. L\u00e4mna hellre hunden hemma \u00e4n att ta med den i bilen om du vet att hunden m\u00e5ste v\u00e4nta i bilen. I v\u00e4rmen kan bilen snabbt bli en d\u00f6dsf\u00e4lla f\u00f6r hunden. Snabbare \u00e4n m\u00e5nga tror h\u00f6js temperaturen i bilen, oavsett om den st\u00e5r i sol eller skugga. En hund kan bara svettas genom&hellip;<\/p>\n<p><a class=\"more-link\" href=\"https:\/\/www.djurskyddet.se\/kronoberg\/hund-i-bilen\/\" title=\"Continue reading &lsquo;Hund i bilen&rsquo;\">L&auml;s mer<span class=\"meta-nav\">&raquo;<\/span><\/a><\/p>\n","protected":false},"author":3,"featured_media":0,"parent":0,"menu_order":0,"comment_status":"closed","ping_status":"closed","template":"left-sidebar.php","meta":{"_acf_changed":false,"footnotes":""},"class_list":["post-5617","page","type-page","status-publish","hentry"],"acf":[],"_links":{"self":[{"href":"https:\/\/www.djurskyddet.se\/kronoberg\/wp-json\/wp\/v2\/pages\/5617","targetHints":{"allow":["GET"]}}],"collection":[{"href":"https:\/\/www.djurskyddet.se\/kronoberg\/wp-json\/wp\/v2\/pages"}],"about":[{"href":"https:\/\/www.djurskyddet.se\/kronoberg\/wp-json\/wp\/v2\/types\/page"}],"author":[{"embeddable":true,"href":"https:\/\/www.djurskyddet.se\/kronoberg\/wp-json\/wp\/v2\/users\/3"}],"replies":[{"embeddable":true,"href":"https:\/\/www.djurskyddet.se\/kronoberg\/wp-json\/wp\/v2\/comments?post=5617"}],"version-history":[{"count":2,"href":"https:\/\/www.djurskyddet.se\/kronoberg\/wp-json\/wp\/v2\/pages\/5617\/revisions"}],"predecessor-version":[{"id":5621,"href":"https:\/\/www.djurskyddet.se\/kronoberg\/wp-json\/wp\/v2\/pages\/5617\/revisions\/5621"}],"wp:attachment":[{"href":"https:\/\/www.djurskyddet.se\/kronoberg\/wp-json\/wp\/v2\/media?parent=5617"}],"curies":[{"name":"wp","href":"https:\/\/api.w.org\/{rel}","templated":true}]}}