{"id":5622,"date":"2020-11-25T12:11:24","date_gmt":"2020-11-25T12:11:24","guid":{"rendered":"https:\/\/www.djurskyddet.se\/kronoberg\/?page_id=5622"},"modified":"2026-02-24T13:12:29","modified_gmt":"2026-02-24T13:12:29","slug":"kontakt","status":"publish","type":"page","link":"https:\/\/www.djurskyddet.se\/kronoberg\/kontakt\/","title":{"rendered":"Kontakt"},"content":{"rendered":"\n<h2 class=\"wp-block-heading\">Om ni vill ha kontakt med oss finns det n\u00e5gra olika v\u00e4gar att g\u00e5:<\/h2>\n\n\n\n<h2 class=\"wp-block-heading\">Kontaktuppgifter:<\/h2>\n\n\n\n<p>Djurskyddet Kronoberg<br>C\/o ordf\u00f6rande Bj\u00f6rn Dahlen<br><a href=\"mailto:ordforande@djurskyddetkronoberg.se\">ordforande@djurskyddetkronoberg.se<\/a><\/p>\n\n\n\n<h2 class=\"wp-block-heading\">Allm\u00e4n&nbsp;mailadress:<\/h2>\n\n\n\n<p><a href=\"mailto:info@djurskyddetkronoberg.se\">info@djurskyddetkronoberg.se<\/a><br>Organisationsnummer: 829500-4934<br>Bankgironummer: 5381-1949<\/p>\n","protected":false},"excerpt":{"rendered":"<p>Om ni vill ha kontakt med oss finns det n\u00e5gra olika v\u00e4gar att g\u00e5: Kontaktuppgifter: Djurskyddet KronobergC\/o ordf\u00f6rande Bj\u00f6rn Dahlenordforande@djurskyddetkronoberg.se Allm\u00e4n&nbsp;mailadress: info@djurskyddetkronoberg.seOrganisationsnummer: 829500-4934Bankgironummer: 5381-1949<\/p>\n","protected":false},"author":3,"featured_media":0,"parent":0,"menu_order":0,"comment_status":"closed","ping_status":"closed","template":"","meta":{"_acf_changed":false,"footnotes":""},"class_list":["post-5622","page","type-page","status-publish","hentry"],"acf":[],"_links":{"self":[{"href":"https:\/\/www.djurskyddet.se\/kronoberg\/wp-json\/wp\/v2\/pages\/5622","targetHints":{"allow":["GET"]}}],"collection":[{"href":"https:\/\/www.djurskyddet.se\/kronoberg\/wp-json\/wp\/v2\/pages"}],"about":[{"href":"https:\/\/www.djurskyddet.se\/kronoberg\/wp-json\/wp\/v2\/types\/page"}],"author":[{"embeddable":true,"href":"https:\/\/www.djurskyddet.se\/kronoberg\/wp-json\/wp\/v2\/users\/3"}],"replies":[{"embeddable":true,"href":"https:\/\/www.djurskyddet.se\/kronoberg\/wp-json\/wp\/v2\/comments?post=5622"}],"version-history":[{"count":3,"href":"https:\/\/www.djurskyddet.se\/kronoberg\/wp-json\/wp\/v2\/pages\/5622\/revisions"}],"predecessor-version":[{"id":6401,"href":"https:\/\/www.djurskyddet.se\/kronoberg\/wp-json\/wp\/v2\/pages\/5622\/revisions\/6401"}],"wp:attachment":[{"href":"https:\/\/www.djurskyddet.se\/kronoberg\/wp-json\/wp\/v2\/media?parent=5622"}],"curies":[{"name":"wp","href":"https:\/\/api.w.org\/{rel}","templated":true}]}}