{"id":5893,"date":"2021-12-15T14:51:47","date_gmt":"2021-12-15T14:51:47","guid":{"rendered":"https:\/\/www.djurskyddet.se\/kronoberg\/?page_id=5893"},"modified":"2021-12-15T18:20:51","modified_gmt":"2021-12-15T18:20:51","slug":"rede","status":"publish","type":"page","link":"https:\/\/www.djurskyddet.se\/kronoberg\/rede\/","title":{"rendered":"REDE &#8211; djurskydd f\u00f6r framtiden"},"content":{"rendered":"\n<p>REDE ger barnen en v\u00e4rdegrund som vilar p\u00e5 etik och respekt f\u00f6r allas egenv\u00e4rde, s\u00e5v\u00e4l djur&nbsp;som m\u00e4nniskor.<\/p>\n\n\n\n<p>REDE \u2013 Respekt, Empati, Djur, Etik \u00e4r Djurskyddet Sveriges djurinriktade v\u00e4rdegrundsmaterial f\u00f6r barn i skolan och f\u00f6rskolan. M\u00e5let med REDE \u00e4r att alla barn i Sverige ska utveckla ett respektfullt syns\u00e4tt gentemot djur och sina medm\u00e4nniskor och fungera som ett l\u00e5ngsiktigt djurskyddsprojekt.<\/p>\n\n\n\n<p>Djurskyddet Sverige tillhandah\u00e5ller fritt undervisningsmateriel att anv\u00e4ndas i f\u00f6rskolor och skolor.<\/p>\n\n\n\n<p>L\u00e4s mer p\u00e5 Djurskyddet Sveriges hemsida <a href=\"https:\/\/www.djurskyddet.se\/vad-vi-gor\/barn-och-djurskydd\/\">h\u00e4r<\/a>.<\/p>\n","protected":false},"excerpt":{"rendered":"<p>REDE ger barnen en v\u00e4rdegrund som vilar p\u00e5 etik och respekt f\u00f6r allas egenv\u00e4rde, s\u00e5v\u00e4l djur&nbsp;som m\u00e4nniskor. REDE \u2013 Respekt, Empati, Djur, Etik \u00e4r Djurskyddet Sveriges djurinriktade v\u00e4rdegrundsmaterial f\u00f6r barn i skolan och f\u00f6rskolan. M\u00e5let med REDE \u00e4r att alla barn i Sverige ska utveckla ett respektfullt syns\u00e4tt gentemot djur och sina medm\u00e4nniskor och fungera som ett l\u00e5ngsiktigt djurskyddsprojekt. Djurskyddet Sverige tillhandah\u00e5ller fritt undervisningsmateriel att anv\u00e4ndas i f\u00f6rskolor och skolor.&hellip;<\/p>\n<p><a class=\"more-link\" href=\"https:\/\/www.djurskyddet.se\/kronoberg\/rede\/\" title=\"Continue reading &lsquo;REDE &#8211; djurskydd f\u00f6r framtiden&rsquo;\">L&auml;s mer<span class=\"meta-nav\">&raquo;<\/span><\/a><\/p>\n","protected":false},"author":47,"featured_media":0,"parent":0,"menu_order":0,"comment_status":"closed","ping_status":"closed","template":"","meta":{"_acf_changed":false,"footnotes":""},"class_list":["post-5893","page","type-page","status-publish","hentry"],"acf":[],"_links":{"self":[{"href":"https:\/\/www.djurskyddet.se\/kronoberg\/wp-json\/wp\/v2\/pages\/5893","targetHints":{"allow":["GET"]}}],"collection":[{"href":"https:\/\/www.djurskyddet.se\/kronoberg\/wp-json\/wp\/v2\/pages"}],"about":[{"href":"https:\/\/www.djurskyddet.se\/kronoberg\/wp-json\/wp\/v2\/types\/page"}],"author":[{"embeddable":true,"href":"https:\/\/www.djurskyddet.se\/kronoberg\/wp-json\/wp\/v2\/users\/47"}],"replies":[{"embeddable":true,"href":"https:\/\/www.djurskyddet.se\/kronoberg\/wp-json\/wp\/v2\/comments?post=5893"}],"version-history":[{"count":5,"href":"https:\/\/www.djurskyddet.se\/kronoberg\/wp-json\/wp\/v2\/pages\/5893\/revisions"}],"predecessor-version":[{"id":5901,"href":"https:\/\/www.djurskyddet.se\/kronoberg\/wp-json\/wp\/v2\/pages\/5893\/revisions\/5901"}],"wp:attachment":[{"href":"https:\/\/www.djurskyddet.se\/kronoberg\/wp-json\/wp\/v2\/media?parent=5893"}],"curies":[{"name":"wp","href":"https:\/\/api.w.org\/{rel}","templated":true}]}}