{"id":10588,"date":"2024-03-13T16:38:02","date_gmt":"2024-03-13T16:38:02","guid":{"rendered":"https:\/\/www.djurskyddet.se\/landskrona\/?page_id=10588"},"modified":"2024-03-13T16:38:03","modified_gmt":"2024-03-13T16:38:03","slug":"om-djurskyddet-landskrona","status":"publish","type":"page","link":"https:\/\/www.djurskyddet.se\/landskrona\/om-djurskyddet-landskrona\/","title":{"rendered":"Om Djurskyddet Landskrona"},"content":{"rendered":"\n<p>Djurskyddet Sverige \u00e4r med sina n\u00e4stan 11 000 medlemmar en av Sveriges st\u00f6rsta djurskyddsorganisationer. Djurskyddet Landskrona med omkring 100 medlemmar \u00e4r en av cirka 45 anslutna lokalf\u00f6reningar. V\u00e5r f\u00f6rening arbetar med r\u00e5d, st\u00f6d och placering\/omplacering av heml\u00f6sa eller vanv\u00e5rdade djur, fr\u00e4mst katter. V\u00e5r vision \u00e4r att kunna starta upp ett djurhem men d\u00e4r \u00e4r vi inte idag, utan vi \u00e4r helt beroende av jourhem, det vill s\u00e4ga m\u00e4nniskor som \u00e4r villiga att \u00f6ppna upp sina hem under tiden vi s\u00f6ker eventuell \u00e4gare eller ett nytt hem f\u00f6r katten. Vi ger \u00e4ven r\u00e5d och st\u00f6d i djurfr\u00e5gor till allm\u00e4nheten. Vidare arbetar vi med informationsspridning och nationella kampanjer. Med st\u00f6d av Djurskyddet Sverige har vi ocks\u00e5 en lokal kampanj d\u00e5 djur\u00e4gare kan f\u00e5 bidrag n\u00e4r de kastrerat sina katter. Ut\u00f6ver detta har vi hand om djurminnesplatsen i staden d\u00e4r ett \u00e4lskat djur kan f\u00e5 sin sista vila. F\u00f6r att sprida information och f\u00e5 in pengar till verksamheten deltar vi p\u00e5 olika evenemang under \u00e5ret s\u00e5som Landskronakarnevalen, julskyltning, Kattens Dag och loppis.<\/p>\n\n\n\n<figure class=\"wp-block-image size-full\"><img loading=\"lazy\" decoding=\"async\" width=\"300\" height=\"225\" src=\"https:\/\/www.djurskyddet.se\/landskrona\/wp-content\/uploads\/sites\/22\/2024\/03\/image.png\" alt=\"\" class=\"wp-image-10589\" \/><\/figure>\n\n\n\n<p>Till minne av Nikita<\/p>\n","protected":false},"excerpt":{"rendered":"<p>Djurskyddet Sverige \u00e4r med sina n\u00e4stan 11 000 medlemmar en av Sveriges st\u00f6rsta djurskyddsorganisationer. Djurskyddet Landskrona med omkring 100 medlemmar \u00e4r en av cirka 45 anslutna lokalf\u00f6reningar. V\u00e5r f\u00f6rening arbetar med r\u00e5d, st\u00f6d och placering\/omplacering av heml\u00f6sa eller vanv\u00e5rdade djur, fr\u00e4mst katter. V\u00e5r vision \u00e4r att kunna starta upp ett djurhem men d\u00e4r \u00e4r vi inte idag, utan vi \u00e4r helt beroende av jourhem, det vill s\u00e4ga m\u00e4nniskor som \u00e4r&hellip;<\/p>\n<p><a class=\"more-link\" href=\"https:\/\/www.djurskyddet.se\/landskrona\/om-djurskyddet-landskrona\/\" title=\"Continue reading &lsquo;Om Djurskyddet Landskrona&rsquo;\">L&auml;s mer<span class=\"meta-nav\">&raquo;<\/span><\/a><\/p>\n","protected":false},"author":27,"featured_media":0,"parent":0,"menu_order":0,"comment_status":"closed","ping_status":"closed","template":"","meta":{"_acf_changed":false,"footnotes":""},"class_list":["post-10588","page","type-page","status-publish","hentry"],"acf":[],"_links":{"self":[{"href":"https:\/\/www.djurskyddet.se\/landskrona\/wp-json\/wp\/v2\/pages\/10588","targetHints":{"allow":["GET"]}}],"collection":[{"href":"https:\/\/www.djurskyddet.se\/landskrona\/wp-json\/wp\/v2\/pages"}],"about":[{"href":"https:\/\/www.djurskyddet.se\/landskrona\/wp-json\/wp\/v2\/types\/page"}],"author":[{"embeddable":true,"href":"https:\/\/www.djurskyddet.se\/landskrona\/wp-json\/wp\/v2\/users\/27"}],"replies":[{"embeddable":true,"href":"https:\/\/www.djurskyddet.se\/landskrona\/wp-json\/wp\/v2\/comments?post=10588"}],"version-history":[{"count":1,"href":"https:\/\/www.djurskyddet.se\/landskrona\/wp-json\/wp\/v2\/pages\/10588\/revisions"}],"predecessor-version":[{"id":10590,"href":"https:\/\/www.djurskyddet.se\/landskrona\/wp-json\/wp\/v2\/pages\/10588\/revisions\/10590"}],"wp:attachment":[{"href":"https:\/\/www.djurskyddet.se\/landskrona\/wp-json\/wp\/v2\/media?parent=10588"}],"curies":[{"name":"wp","href":"https:\/\/api.w.org\/{rel}","templated":true}]}}