{"id":11705,"date":"2025-03-15T19:36:06","date_gmt":"2025-03-15T19:36:06","guid":{"rendered":"https:\/\/www.djurskyddet.se\/landskrona\/?page_id=11705"},"modified":"2025-10-26T12:08:22","modified_gmt":"2025-10-26T12:08:22","slug":"erhallna-bidrag-2024-2025","status":"publish","type":"page","link":"https:\/\/www.djurskyddet.se\/landskrona\/sponsorer-asmundtorpsdagen-2023\/erhallna-bidrag-2024-2025\/","title":{"rendered":"Erh\u00e5llna bidrag 2024-2025"},"content":{"rendered":"\n<h3 class=\"wp-block-heading\"><strong>Vi vill skicka ett STORT och VARMT TACK till Stiftelsen Georg och Margit Tykesons fond f\u00f6r bidraget vi fick i oktober 2025.<\/strong> <strong>Ett v\u00e4lkommet bidrag f\u00f6r att klara veterin\u00e4rkostnaderna f\u00f6r v\u00e5ra katter. <\/strong><\/h3>\n\n\n\n<h3 class=\"wp-block-heading\"><strong>Vi vill skicka ett STORT och VARMT TACK till Stiftelsen Georg och Margit Tykesons fond f\u00f6r bidraget vi fick i mars 2025.<\/strong><\/h3>\n\n\n\n<h3 class=\"wp-block-heading\"><strong>Vi vill skicka ett STORT och VARMT TACK till STIFTELSEN PRO BENE ANIMALIUM f\u00f6r bidraget vi fick i september<\/strong> <strong>2024<\/strong>.<\/h3>\n\n\n\n<p><\/p>\n\n\n\n<p><strong>Tusen TACK till Petra Lundbergs stiftelse f\u00f6r bidraget vi fick i november 2024!<\/strong><\/p>\n\n\n<div class=\"wp-block-image\">\n<figure class=\"aligncenter\"><img loading=\"lazy\" decoding=\"async\" width=\"300\" height=\"294\" src=\"https:\/\/www.djurskyddet.se\/landskrona\/wp-content\/uploads\/sites\/22\/2024\/11\/Petra-Lundbergs-stiftelse-e1732969900809.jpg\" alt=\"\" class=\"wp-image-11353\" \/><\/figure><\/div>","protected":false},"excerpt":{"rendered":"<p>Vi vill skicka ett STORT och VARMT TACK till Stiftelsen Georg och Margit Tykesons fond f\u00f6r bidraget vi fick i oktober 2025. Ett v\u00e4lkommet bidrag f\u00f6r att klara veterin\u00e4rkostnaderna f\u00f6r v\u00e5ra katter. Vi vill skicka ett STORT och VARMT TACK till Stiftelsen Georg och Margit Tykesons fond f\u00f6r bidraget vi fick i mars 2025. Vi vill skicka ett STORT och VARMT TACK till STIFTELSEN PRO BENE ANIMALIUM f\u00f6r bidraget vi&hellip;<\/p>\n<p><a class=\"more-link\" href=\"https:\/\/www.djurskyddet.se\/landskrona\/sponsorer-asmundtorpsdagen-2023\/erhallna-bidrag-2024-2025\/\" title=\"Continue reading &lsquo;Erh\u00e5llna bidrag 2024-2025&rsquo;\">L&auml;s mer<span class=\"meta-nav\">&raquo;<\/span><\/a><\/p>\n","protected":false},"author":27,"featured_media":0,"parent":9570,"menu_order":0,"comment_status":"closed","ping_status":"closed","template":"","meta":{"_acf_changed":false,"footnotes":""},"class_list":["post-11705","page","type-page","status-publish","hentry"],"acf":[],"_links":{"self":[{"href":"https:\/\/www.djurskyddet.se\/landskrona\/wp-json\/wp\/v2\/pages\/11705","targetHints":{"allow":["GET"]}}],"collection":[{"href":"https:\/\/www.djurskyddet.se\/landskrona\/wp-json\/wp\/v2\/pages"}],"about":[{"href":"https:\/\/www.djurskyddet.se\/landskrona\/wp-json\/wp\/v2\/types\/page"}],"author":[{"embeddable":true,"href":"https:\/\/www.djurskyddet.se\/landskrona\/wp-json\/wp\/v2\/users\/27"}],"replies":[{"embeddable":true,"href":"https:\/\/www.djurskyddet.se\/landskrona\/wp-json\/wp\/v2\/comments?post=11705"}],"version-history":[{"count":6,"href":"https:\/\/www.djurskyddet.se\/landskrona\/wp-json\/wp\/v2\/pages\/11705\/revisions"}],"predecessor-version":[{"id":12171,"href":"https:\/\/www.djurskyddet.se\/landskrona\/wp-json\/wp\/v2\/pages\/11705\/revisions\/12171"}],"up":[{"embeddable":true,"href":"https:\/\/www.djurskyddet.se\/landskrona\/wp-json\/wp\/v2\/pages\/9570"}],"wp:attachment":[{"href":"https:\/\/www.djurskyddet.se\/landskrona\/wp-json\/wp\/v2\/media?parent=11705"}],"curies":[{"name":"wp","href":"https:\/\/api.w.org\/{rel}","templated":true}]}}