{"id":11761,"date":"2025-04-12T11:33:40","date_gmt":"2025-04-12T11:33:40","guid":{"rendered":"https:\/\/www.djurskyddet.se\/landskrona\/?page_id=11761"},"modified":"2025-04-12T11:33:41","modified_gmt":"2025-04-12T11:33:41","slug":"verksamhetsberattelse-2024","status":"publish","type":"page","link":"https:\/\/www.djurskyddet.se\/landskrona\/verksamhetsberattelse-2024\/","title":{"rendered":"Verksamhetsber\u00e4ttelse 2024"},"content":{"rendered":"\n<p>Styrelsen har under \u00e5ret haft f\u00f6ljande sammans\u00e4ttning<\/p>\n\n\n\n<p>Ordf\u00f6rande: Boel Olsson Vice ordf\u00f6rande: Britt-Marie Cederstam<\/p>\n\n\n\n<p>Sekreterare: Eva H\u00e5kansson Kass\u00f6r: Carina Trede<\/p>\n\n\n\n<p>Ledam\u00f6ter: EvaSaga Johnsson, Mauren Haugnes och Susan Joppien.<\/p>\n\n\n\n<p>Styrelsesuppleant: Christa Hansson och Lena Pettersson<\/p>\n\n\n\n<p>Revisorer: Martin Lindahl Revisorsuppleant: Emelie Dahl och vakant<\/p>\n\n\n\n<p>Medlemsantalet har under \u00e5ret 2024 varit 126 samt 4 friex medlemmar.<\/p>\n\n\n\n<p>Under \u00e5ret har styrelsen haft 11 ordinarie sammantr\u00e4den, 1 konstituerande m\u00f6te inklusive \u00e5rsm\u00f6tet. \u00c5rsm\u00f6tet h\u00f6lls 19 mars p\u00e5 \u00d6V-huset. Efter \u00e5rsm\u00f6tet tog pianounderh\u00e5llaren Morgan Liljestam \u00f6ver och bj\u00f6d p\u00e5 ett mycket trevligt musikquiz.<\/p>\n\n\n\n<p>Vi har varit och \u00e4r mycket aktiva p\u00e5 sociala medier eftersom det \u00e4r ett bra s\u00e4tt att snabbt n\u00e5 ut till m\u00e5nga. P\u00e5 facebook l\u00e4gger vi ocks\u00e5 ut lotterier varje vecka, samt har f\u00f6rs\u00e4ljning av djurtillbeh\u00f6r. P\u00e5 instagram och facebook har vi en webshop d\u00e4r vi s\u00e4ljer lite av varje s\u00e5som smycken, pennskrin och filtar. Vi har delat information och kampanjer fr\u00e5n Djurskyddet Sverige, meddelande om bortsprungna och upphittade djur i Landskronaomr\u00e5det, katter som genom Djurskyddet Landskrona s\u00f6ker nya hem, evenemang och h\u00e4ndelser m.m. Vi har i skrivande stund 2853 f\u00f6ljare p\u00e5 facebook och 345 f\u00f6ljare p\u00e5 Instagram. Vi har \u00e4ven en v\u00e4lbes\u00f6kt hemsida.<\/p>\n\n\n\n<p>Vi har sammanlagt tagit in 60 katter, 58 katter har vi adopterat ut till nya hem och 2 katter gick tyv\u00e4rr inte att r\u00e4dda eftersom de var f\u00f6r sjuka. Genom samarbete med Fonus kring djur som blivit ensamma efter matte eller husses bortg\u00e5ng har vi omplacerat katter fr\u00e5n flera d\u00f6dsbon. Vi har ocks\u00e5 samarbetat med andra djurskyddsf\u00f6reningar f\u00f6r att kunna hj\u00e4lpa fler katter. Flera katter har ocks\u00e5 f\u00e5tt hj\u00e4lp av privatpersoner med st\u00f6d av oss. En del samtal har under \u00e5ret inkommit ang\u00e5ende missk\u00f6tsel samt vanv\u00e5rd av djur. Vi ger r\u00e5d och h\u00e4nvisar till olika myndigheter n\u00e4r vi inte sj\u00e4lv kan agera.<\/p>\n\n\n\n<p>Under v\u00e5ren var vi p\u00e5 plats i K\u00e4vlinge vid 2 tillf\u00e4llen, K\u00e4vlinge v\u00e5rmarknad och ett par veckor senare Fun Run K9 biathlon (hinderlopp f\u00f6r hundar). I maj var det dags f\u00f6r Lomma Hamnfest och i augusti deltog vi p\u00e5 Borstahusdagen. Vi hade lotteri, s\u00e5lde egentillverkade smycken och myntadjur. samt informerade om v\u00e5r f\u00f6rening. Under Heml\u00f6sa katters vecka (vecka 43), ett initiativ fr\u00e5n djurmatsf\u00f6retaget Mjau f\u00f6r att belysa problemet med heml\u00f6sa katter, hade vi insamlingstunnor p\u00e5 Coop Borstahusen och Granng\u00e5rden i L\u00f6ddek\u00f6pinge. Under veckan la vi ut inl\u00e4gg p\u00e5 facebook varje dag med fokus p\u00e5 heml\u00f6sa katter, s\u00e5som heml\u00f6sa katters situation, lagar och regler och viktigt att t\u00e4nka p\u00e5 som katt\u00e4gare. Vi avslutade veckan med att st\u00e5 utanf\u00f6r ICA Kvantum. I oktober var det dags f\u00f6r h\u00f6stmarknad i Axeltofta d\u00e4r vi hade loppisf\u00f6rs\u00e4ljning. Julmarknadernas tid var en aktiv period f\u00f6r oss d\u00e4r vi deltog p\u00e5 julmarknad p\u00e5 Betong och Blandat i K\u00e5ger\u00f6d i november, och p\u00e5 Hela ideellas julmarknad p\u00e5 \u00d6V-huset samt julmarknad p\u00e5 Coop Borstahusen i december. Vi stod \u00e4ven p\u00e5 ICA Kvantum n\u00e5gra l\u00f6rdagar i december.<\/p>\n\n\n\n<p>Vi har haft 2 volont\u00e4rstr\u00e4ffar under \u00e5ret, vilket har lett till att vi nu \u00e4r n\u00e5gra till volont\u00e4rer i f\u00f6reningen, vilket vi \u00e4r mycket glada f\u00f6r.<\/p>\n\n\n\n<p>Tillsammans med v\u00e5r riksf\u00f6rening Djurskyddet Sverige har vi spridit information om kors r\u00e4tt till bete genom kampanjen \u201dL\u00e5t oss beta\u201d. Nyligen lanserade Djurskyddet Sverige en kampanj f\u00f6r att f\u00f6rbjuda fyrverkerier \u201dLevande bevis\u201d. En annan satsning \u00e4r Djurskyddet Sveriges forskningsstiftelse vars syfte \u00e4r att ge ekonomiskt st\u00f6d till forskningsprojekt som syftar till att fr\u00e4mja djurs v\u00e4lf\u00e4rd.<\/p>\n\n\n\n<p>Vi har l\u00f6pande tagit hand om djurminnesplatsen med sk\u00f6tsel och begravningar. Under vintern har vi st\u00f6dmatat sm\u00e5f\u00e5glar.<\/p>\n\n\n\n<p>Under \u00e5ret har vi haft insamlingstunnor f\u00f6r kattmat p\u00e5 Coop Borstahusen, Karlslunds Veterin\u00e4rklinik, Granng\u00e5rden i L\u00f6ddek\u00f6pinge, och Evidensia Veterin\u00e4rklinik i Limhamn. Vi har st\u00f6ttat Malvan med den mat vi inte sj\u00e4lva beh\u00f6vt. Ink\u00f6p av privatpersoner via Sponsorhuset.se och inl\u00e4mning av kvitton fr\u00e5n Citygross har ocks\u00e5 gett ett bidrag till f\u00f6reningen. Vi har f\u00e5tt beviljade bidrag fr\u00e5n stiftelsen Pro Bene Animalium och Petra Lundbergs stiftelse. Hill\u00b4s har sponsrat oss med torrfoder. Best Friend har delvis sponsrat oss med kattsand. Vi har ocks\u00e5 f\u00e5tt en leverans av kattmat via Mjau G\u00e5voshop.<\/p>\n\n\n\n<p>Djurskyddet Landskrona tackar sina medlemmar, sponsorer och g\u00e5vogivare, f\u00f6ljare och lottk\u00f6pare p\u00e5 facebook, Djurskyddet Sverige och dess personal samt alla sponsorer f\u00f6r deras st\u00f6d s\u00e5 vi kunnat v\u00e4rna om djurens b\u00e4sta.<\/p>\n\n\n\n<p>Styrelsen vill framf\u00f6ra sitt tack f\u00f6r visat f\u00f6rtroende.<\/p>\n","protected":false},"excerpt":{"rendered":"<p>Styrelsen har under \u00e5ret haft f\u00f6ljande sammans\u00e4ttning Ordf\u00f6rande: Boel Olsson Vice ordf\u00f6rande: Britt-Marie Cederstam Sekreterare: Eva H\u00e5kansson Kass\u00f6r: Carina Trede Ledam\u00f6ter: EvaSaga Johnsson, Mauren Haugnes och Susan Joppien. Styrelsesuppleant: Christa Hansson och Lena Pettersson Revisorer: Martin Lindahl Revisorsuppleant: Emelie Dahl och vakant Medlemsantalet har under \u00e5ret 2024 varit 126 samt 4 friex medlemmar. Under \u00e5ret har styrelsen haft 11 ordinarie sammantr\u00e4den, 1 konstituerande m\u00f6te inklusive \u00e5rsm\u00f6tet. \u00c5rsm\u00f6tet h\u00f6lls 19 mars&hellip;<\/p>\n<p><a class=\"more-link\" href=\"https:\/\/www.djurskyddet.se\/landskrona\/verksamhetsberattelse-2024\/\" title=\"Continue reading &lsquo;Verksamhetsber\u00e4ttelse 2024&rsquo;\">L&auml;s mer<span class=\"meta-nav\">&raquo;<\/span><\/a><\/p>\n","protected":false},"author":27,"featured_media":0,"parent":0,"menu_order":0,"comment_status":"closed","ping_status":"closed","template":"","meta":{"_acf_changed":false,"footnotes":""},"class_list":["post-11761","page","type-page","status-publish","hentry"],"acf":[],"_links":{"self":[{"href":"https:\/\/www.djurskyddet.se\/landskrona\/wp-json\/wp\/v2\/pages\/11761","targetHints":{"allow":["GET"]}}],"collection":[{"href":"https:\/\/www.djurskyddet.se\/landskrona\/wp-json\/wp\/v2\/pages"}],"about":[{"href":"https:\/\/www.djurskyddet.se\/landskrona\/wp-json\/wp\/v2\/types\/page"}],"author":[{"embeddable":true,"href":"https:\/\/www.djurskyddet.se\/landskrona\/wp-json\/wp\/v2\/users\/27"}],"replies":[{"embeddable":true,"href":"https:\/\/www.djurskyddet.se\/landskrona\/wp-json\/wp\/v2\/comments?post=11761"}],"version-history":[{"count":1,"href":"https:\/\/www.djurskyddet.se\/landskrona\/wp-json\/wp\/v2\/pages\/11761\/revisions"}],"predecessor-version":[{"id":11762,"href":"https:\/\/www.djurskyddet.se\/landskrona\/wp-json\/wp\/v2\/pages\/11761\/revisions\/11762"}],"wp:attachment":[{"href":"https:\/\/www.djurskyddet.se\/landskrona\/wp-json\/wp\/v2\/media?parent=11761"}],"curies":[{"name":"wp","href":"https:\/\/api.w.org\/{rel}","templated":true}]}}