{"id":5506,"date":"2018-09-24T11:11:04","date_gmt":"2018-09-24T11:11:04","guid":{"rendered":"http:\/\/www.djurskyddet.se\/landskrona\/?page_id=5506"},"modified":"2023-10-09T05:36:33","modified_gmt":"2023-10-09T05:36:33","slug":"stod-oss","status":"publish","type":"page","link":"https:\/\/www.djurskyddet.se\/landskrona\/stod-oss\/","title":{"rendered":"St\u00f6d oss"},"content":{"rendered":"\n<p>Vi i Djurskyddet Landskrona forts\u00e4tter hj\u00e4lpa \u00f6vergivna\/heml\u00f6sa djur, fr\u00e4mst katter &#8211; \u00e4ven i coronatider. Vi f\u00e5ngar in och tar hand om katter som dumpas p\u00e5 gatan. Vi har inget djurhem, v\u00e5r dr\u00f6m \u00e4r att kunna \u00f6ppna ett s\u00e5dant men till det saknas tyv\u00e4rr resurserna. Ist\u00e4llet placeras katterna i privata jourhem under den tid det tar att hitta en eventuell \u00e4gare eller ett nytt hem till katten. Vi st\u00e5r f\u00f6r alla kostnader s\u00e5som veterin\u00e4rkostnader inklusive medicin, mat, kattsand och andra tillbeh\u00f6r efter \u00f6verenskommelse med jourhemmet. Vi skriver alltid ett jourhemskontrakt. Katten blir kastrerad, vaccinerad tv\u00e5 g\u00e5nger, chipm\u00e4rkt och avmaskad innan den adopteras ut och d\u00e5 skrivs alltid ett \u00f6verl\u00e5telsekontrakt. Att arbeta f\u00f6r att h\u00f6ja kattens status \u00e4r viktigt f\u00f6r oss!<\/p>\n\n\n\n<p>V\u00e5rt arbete med de heml\u00f6sa katterna medf\u00f6r ofta h\u00f6ga veterin\u00e4rkostnader d\u00e5 de \u00e4r m\u00e5nga, en del \u00e4r sjuka och speciellt de \u00e4ldre katterna har ofta tandproblem. <\/p>\n\n\n\n<p>Genom Charity Bowl kan du ge ett bidrag till v\u00e5r verksamhet genom att k\u00f6pa ett djurhemspaket med valfritt inneh\u00e5ll, vi beh\u00f6ver mest leksaker, kl\u00f6sartiklar och b\u00e4ddar, och sedan v\u00e4lja att det levereras till oss. Vi lovar att vi blir j\u00e4tteglada och varje bidrag g\u00f6r att vi kan hj\u00e4lpa fler katter som vill komma in i v\u00e4rmen och tryggheten.<\/p>\n\n\n\n<p><a href=\"https:\/\/charitybowl.se\/\">https:\/\/charitybowl.se\/<\/a><\/p>\n","protected":false},"excerpt":{"rendered":"<p>Vi i Djurskyddet Landskrona forts\u00e4tter hj\u00e4lpa \u00f6vergivna\/heml\u00f6sa djur, fr\u00e4mst katter &#8211; \u00e4ven i coronatider. Vi f\u00e5ngar in och tar hand om katter som dumpas p\u00e5 gatan. Vi har inget djurhem, v\u00e5r dr\u00f6m \u00e4r att kunna \u00f6ppna ett s\u00e5dant men till det saknas tyv\u00e4rr resurserna. Ist\u00e4llet placeras katterna i privata jourhem under den tid det tar att hitta en eventuell \u00e4gare eller ett nytt hem till katten. Vi st\u00e5r f\u00f6r alla&hellip;<\/p>\n<p><a class=\"more-link\" href=\"https:\/\/www.djurskyddet.se\/landskrona\/stod-oss\/\" title=\"Continue reading &lsquo;St\u00f6d oss&rsquo;\">L&auml;s mer<span class=\"meta-nav\">&raquo;<\/span><\/a><\/p>\n","protected":false},"author":3,"featured_media":7070,"parent":0,"menu_order":0,"comment_status":"closed","ping_status":"closed","template":"page-templates\/left-sidebar.php","meta":{"_acf_changed":false,"footnotes":""},"class_list":["post-5506","page","type-page","status-publish","has-post-thumbnail","hentry"],"acf":[],"_links":{"self":[{"href":"https:\/\/www.djurskyddet.se\/landskrona\/wp-json\/wp\/v2\/pages\/5506","targetHints":{"allow":["GET"]}}],"collection":[{"href":"https:\/\/www.djurskyddet.se\/landskrona\/wp-json\/wp\/v2\/pages"}],"about":[{"href":"https:\/\/www.djurskyddet.se\/landskrona\/wp-json\/wp\/v2\/types\/page"}],"author":[{"embeddable":true,"href":"https:\/\/www.djurskyddet.se\/landskrona\/wp-json\/wp\/v2\/users\/3"}],"replies":[{"embeddable":true,"href":"https:\/\/www.djurskyddet.se\/landskrona\/wp-json\/wp\/v2\/comments?post=5506"}],"version-history":[{"count":10,"href":"https:\/\/www.djurskyddet.se\/landskrona\/wp-json\/wp\/v2\/pages\/5506\/revisions"}],"predecessor-version":[{"id":7131,"href":"https:\/\/www.djurskyddet.se\/landskrona\/wp-json\/wp\/v2\/pages\/5506\/revisions\/7131"}],"wp:featuredmedia":[{"embeddable":true,"href":"https:\/\/www.djurskyddet.se\/landskrona\/wp-json\/wp\/v2\/media\/7070"}],"wp:attachment":[{"href":"https:\/\/www.djurskyddet.se\/landskrona\/wp-json\/wp\/v2\/media?parent=5506"}],"curies":[{"name":"wp","href":"https:\/\/api.w.org\/{rel}","templated":true}]}}