{"id":5510,"date":"2018-09-24T11:11:43","date_gmt":"2018-09-24T11:11:43","guid":{"rendered":"http:\/\/www.djurskyddet.se\/landskrona\/?page_id=5510"},"modified":"2023-05-25T14:46:54","modified_gmt":"2023-05-25T14:46:54","slug":"tips-rad","status":"publish","type":"page","link":"https:\/\/www.djurskyddet.se\/landskrona\/tips-rad\/","title":{"rendered":"R\u00e5d"},"content":{"rendered":"<p>H\u00e4r till v\u00e4nster kan du klicka dig vidare till tips och r\u00e5d om djur.<\/p>\n<p><strong>Brevduva p\u00e5 villov\u00e4gar<em>? F\u00f6lj l\u00e4nken f\u00f6r r\u00e5d fr\u00e5n Svenska brevduvef\u00f6rbundet<\/em>&nbsp;: <\/strong><\/p>\n<p>https:\/\/brevduvesport.net\/tillvaratagen-duva.html<\/p>\n<p>Och nedan bara ett litet roligt tips:<\/p>\n<p>Kattagility &#8211; rolig aktivering f\u00f6r din katt<br \/>\n<a href=\"http:\/\/www.agria.se\/katt\/artiklar\/aktivering-och-traning\/kattagility--rolig-aktivering-for-fyrbenta-och-tvabenta\/\" target=\"_blank\" rel=\"noopener noreferrer\">http:\/\/www.agria.se\/katt\/artiklar\/aktivering-och-traning\/kattagility&#8211;rolig-aktivering-for-fyrbenta-och-tvabenta\/<\/a><\/p>\n<p>K\u00e4lla: Agria djurf\u00f6rs\u00e4kring, Mikaela Tonneman, 06 maj 2016<\/p>\n","protected":false},"excerpt":{"rendered":"<p>H\u00e4r till v\u00e4nster kan du klicka dig vidare till tips och r\u00e5d om djur. Brevduva p\u00e5 villov\u00e4gar? F\u00f6lj l\u00e4nken f\u00f6r r\u00e5d fr\u00e5n Svenska brevduvef\u00f6rbundet&nbsp;: https:\/\/brevduvesport.net\/tillvaratagen-duva.html Och nedan bara ett litet roligt tips: Kattagility &#8211; rolig aktivering f\u00f6r din katt http:\/\/www.agria.se\/katt\/artiklar\/aktivering-och-traning\/kattagility&#8211;rolig-aktivering-for-fyrbenta-och-tvabenta\/ K\u00e4lla: Agria djurf\u00f6rs\u00e4kring, Mikaela Tonneman, 06 maj 2016<\/p>\n","protected":false},"author":3,"featured_media":0,"parent":0,"menu_order":0,"comment_status":"closed","ping_status":"closed","template":"page-templates\/left-sidebar.php","meta":{"_acf_changed":false,"footnotes":""},"class_list":["post-5510","page","type-page","status-publish","hentry"],"acf":[],"_links":{"self":[{"href":"https:\/\/www.djurskyddet.se\/landskrona\/wp-json\/wp\/v2\/pages\/5510","targetHints":{"allow":["GET"]}}],"collection":[{"href":"https:\/\/www.djurskyddet.se\/landskrona\/wp-json\/wp\/v2\/pages"}],"about":[{"href":"https:\/\/www.djurskyddet.se\/landskrona\/wp-json\/wp\/v2\/types\/page"}],"author":[{"embeddable":true,"href":"https:\/\/www.djurskyddet.se\/landskrona\/wp-json\/wp\/v2\/users\/3"}],"replies":[{"embeddable":true,"href":"https:\/\/www.djurskyddet.se\/landskrona\/wp-json\/wp\/v2\/comments?post=5510"}],"version-history":[{"count":10,"href":"https:\/\/www.djurskyddet.se\/landskrona\/wp-json\/wp\/v2\/pages\/5510\/revisions"}],"predecessor-version":[{"id":9228,"href":"https:\/\/www.djurskyddet.se\/landskrona\/wp-json\/wp\/v2\/pages\/5510\/revisions\/9228"}],"wp:attachment":[{"href":"https:\/\/www.djurskyddet.se\/landskrona\/wp-json\/wp\/v2\/media?parent=5510"}],"curies":[{"name":"wp","href":"https:\/\/api.w.org\/{rel}","templated":true}]}}