{"id":5525,"date":"2018-09-24T11:18:59","date_gmt":"2018-09-24T11:18:59","guid":{"rendered":"http:\/\/www.djurskyddet.se\/landskrona\/?page_id=5525"},"modified":"2026-04-03T17:55:38","modified_gmt":"2026-04-03T17:55:38","slug":"verksamhetsberattelser","status":"publish","type":"page","link":"https:\/\/www.djurskyddet.se\/landskrona\/om-djurskyddet-landskrona\/om-oss\/verksamhetsberattelser\/","title":{"rendered":"Verksamhetsber\u00e4ttelser"},"content":{"rendered":"<p>H\u00e4r kan du l\u00e4sa om v\u00e5r verksamhet och vad vi gjort under de senaste \u00e5ren. V\u00e4lj en verksamhetsber\u00e4ttelse i menyn h\u00e4r intill.<br \/>\n<a href=\"https:\/\/www.djurskyddet.se\/landskrona\/wp-content\/uploads\/sites\/22\/2018\/09\/katt-f\u00f6r-vilse.jpg\"><img loading=\"lazy\" decoding=\"async\" width=\"235\" height=\"157\" class=\"aligncenter wp-image-5683 size-full\" alt=\"\" src=\"https:\/\/www.djurskyddet.se\/landskrona\/wp-content\/uploads\/sites\/22\/2018\/09\/katt-f\u00f6r-vilse.jpg\"><\/a><\/p>\n","protected":false},"excerpt":{"rendered":"<p>H\u00e4r kan du l\u00e4sa om v\u00e5r verksamhet och vad vi gjort under de senaste \u00e5ren. V\u00e4lj en verksamhetsber\u00e4ttelse i menyn h\u00e4r intill.<\/p>\n","protected":false},"author":3,"featured_media":0,"parent":5504,"menu_order":0,"comment_status":"closed","ping_status":"closed","template":"page-templates\/left-sidebar.php","meta":{"_acf_changed":false,"footnotes":""},"class_list":["post-5525","page","type-page","status-publish","hentry"],"acf":[],"_links":{"self":[{"href":"https:\/\/www.djurskyddet.se\/landskrona\/wp-json\/wp\/v2\/pages\/5525","targetHints":{"allow":["GET"]}}],"collection":[{"href":"https:\/\/www.djurskyddet.se\/landskrona\/wp-json\/wp\/v2\/pages"}],"about":[{"href":"https:\/\/www.djurskyddet.se\/landskrona\/wp-json\/wp\/v2\/types\/page"}],"author":[{"embeddable":true,"href":"https:\/\/www.djurskyddet.se\/landskrona\/wp-json\/wp\/v2\/users\/3"}],"replies":[{"embeddable":true,"href":"https:\/\/www.djurskyddet.se\/landskrona\/wp-json\/wp\/v2\/comments?post=5525"}],"version-history":[{"count":34,"href":"https:\/\/www.djurskyddet.se\/landskrona\/wp-json\/wp\/v2\/pages\/5525\/revisions"}],"predecessor-version":[{"id":12498,"href":"https:\/\/www.djurskyddet.se\/landskrona\/wp-json\/wp\/v2\/pages\/5525\/revisions\/12498"}],"up":[{"embeddable":true,"href":"https:\/\/www.djurskyddet.se\/landskrona\/wp-json\/wp\/v2\/pages\/5504"}],"wp:attachment":[{"href":"https:\/\/www.djurskyddet.se\/landskrona\/wp-json\/wp\/v2\/media?parent=5525"}],"curies":[{"name":"wp","href":"https:\/\/api.w.org\/{rel}","templated":true}]}}