{"id":5532,"date":"2018-09-24T11:21:33","date_gmt":"2018-09-24T11:21:33","guid":{"rendered":"http:\/\/www.djurskyddet.se\/landskrona\/?page_id=5532"},"modified":"2025-10-01T09:57:02","modified_gmt":"2025-10-01T09:57:02","slug":"bli-medlem","status":"publish","type":"page","link":"https:\/\/www.djurskyddet.se\/landskrona\/stod-oss\/bli-medlem\/","title":{"rendered":"Bli medlem"},"content":{"rendered":"\n<p>Medlemskap i Djurskyddet Landskrona kostar <strong>240 kr per \u00e5r<\/strong>. Medlemskapet \u00e4r inte baserat p\u00e5 kalender\u00e5r, utan om du blir medlem i dag f\u00e5r du en f\u00f6rfr\u00e5gan om att f\u00f6rl\u00e4nga ditt medlemskap om 12 m\u00e5nader.<\/p>\n\n\n\n<p>Som medlem i Djurskyddet Landskrona \u00e4r du ocks\u00e5 medlem i riksf\u00f6rbundet Djurskyddet Sverige och f\u00e5r Tidningen Djurskyddet fyra g\u00e5nger per \u00e5r, b\u00e5de i brevl\u00e5dan och i appen TD. Ladda ner den d\u00e4r appar finns! Dessutom kan du l\u00e4sa intressanta djurskyddsnyheter p\u00e5 <a href=\"https:\/\/tidningen.djurskyddet.se\/\"><strong>webbtidningen<\/strong> <\/a>och kan ta del av ett antal\u202ffina <strong><a href=\"https:\/\/www.djurskyddet.se\/stod-oss\/bli-medlem\/medlemsformaner\/\">medlemsf\u00f6rm\u00e5ner<\/a><\/strong>, s\u00e5som rabatt hos olika n\u00e4tbutiker.\u00a0<\/p>\n\n\n\n<p>Du blir ocks\u00e5 kallad till Djurskyddet Landskronas \u00e5rsm\u00f6te, d\u00e4r du kan ta del av vad som h\u00e4nt i f\u00f6reningen under det g\u00e5ngna \u00e5ret. Vi brukar d\u00e5 ocks\u00e5 bjuda in en intressant g\u00e4stf\u00f6rel\u00e4sare. Du f\u00f6rbinder dig inte till n\u00e5got som medlem men vill du aktivera dig finns det mycket att g\u00f6ra.&nbsp;Vi tar tacksamt emot f\u00f6rslag p\u00e5 hur vi kan bli b\u00e4ttre.<\/p>\n\n\n\n<p>Registrera dig som medlem p\u00e5\u202fDjurskyddet Sveriges hemsida. <strong>Se till att v\u00e4lja Djurskyddet Landskrona<\/strong> som din lokalf\u00f6rening.\u00a0<\/p>\n\n\n\n<div class=\"wp-block-buttons is-layout-flex wp-block-buttons-is-layout-flex\">\n<div class=\"wp-block-button has-custom-font-size has-small-font-size\"><a class=\"wp-block-button__link has-white-color has-text-color has-background has-link-color wp-element-button\" href=\"https:\/\/donation.djurskyddet.se\/s\/medlem\" style=\"background-color:#00a64a\">Bli medlem h\u00e4r<\/a><\/div>\n<\/div>\n\n\n\n<p><\/p>\n\n\n\n<p><strong>Tack f\u00f6r att du st\u00f6djer v\u00e5rt arbete f\u00f6r djuren!<\/strong><\/p>\n","protected":false},"excerpt":{"rendered":"<p>Medlemskap i Djurskyddet Landskrona kostar 240 kr per \u00e5r. Medlemskapet \u00e4r inte baserat p\u00e5 kalender\u00e5r, utan om du blir medlem i dag f\u00e5r du en f\u00f6rfr\u00e5gan om att f\u00f6rl\u00e4nga ditt medlemskap om 12 m\u00e5nader. Som medlem i Djurskyddet Landskrona \u00e4r du ocks\u00e5 medlem i riksf\u00f6rbundet Djurskyddet Sverige och f\u00e5r Tidningen Djurskyddet fyra g\u00e5nger per \u00e5r, b\u00e5de i brevl\u00e5dan och i appen TD. Ladda ner den d\u00e4r appar finns! Dessutom kan&hellip;<\/p>\n<p><a class=\"more-link\" href=\"https:\/\/www.djurskyddet.se\/landskrona\/stod-oss\/bli-medlem\/\" title=\"Continue reading &lsquo;Bli medlem&rsquo;\">L&auml;s mer<span class=\"meta-nav\">&raquo;<\/span><\/a><\/p>\n","protected":false},"author":3,"featured_media":0,"parent":5506,"menu_order":0,"comment_status":"closed","ping_status":"closed","template":"page-templates\/left-sidebar.php","meta":{"_acf_changed":false,"footnotes":""},"class_list":["post-5532","page","type-page","status-publish","hentry"],"acf":[],"_links":{"self":[{"href":"https:\/\/www.djurskyddet.se\/landskrona\/wp-json\/wp\/v2\/pages\/5532","targetHints":{"allow":["GET"]}}],"collection":[{"href":"https:\/\/www.djurskyddet.se\/landskrona\/wp-json\/wp\/v2\/pages"}],"about":[{"href":"https:\/\/www.djurskyddet.se\/landskrona\/wp-json\/wp\/v2\/types\/page"}],"author":[{"embeddable":true,"href":"https:\/\/www.djurskyddet.se\/landskrona\/wp-json\/wp\/v2\/users\/3"}],"replies":[{"embeddable":true,"href":"https:\/\/www.djurskyddet.se\/landskrona\/wp-json\/wp\/v2\/comments?post=5532"}],"version-history":[{"count":14,"href":"https:\/\/www.djurskyddet.se\/landskrona\/wp-json\/wp\/v2\/pages\/5532\/revisions"}],"predecessor-version":[{"id":12122,"href":"https:\/\/www.djurskyddet.se\/landskrona\/wp-json\/wp\/v2\/pages\/5532\/revisions\/12122"}],"up":[{"embeddable":true,"href":"https:\/\/www.djurskyddet.se\/landskrona\/wp-json\/wp\/v2\/pages\/5506"}],"wp:attachment":[{"href":"https:\/\/www.djurskyddet.se\/landskrona\/wp-json\/wp\/v2\/media?parent=5532"}],"curies":[{"name":"wp","href":"https:\/\/api.w.org\/{rel}","templated":true}]}}