{"id":5538,"date":"2018-09-24T11:28:04","date_gmt":"2018-09-24T11:28:04","guid":{"rendered":"http:\/\/www.djurskyddet.se\/landskrona\/?page_id=5538"},"modified":"2023-06-03T14:44:54","modified_gmt":"2023-06-03T14:44:54","slug":"bli-volontar","status":"publish","type":"page","link":"https:\/\/www.djurskyddet.se\/landskrona\/stod-oss\/bli-volontar\/","title":{"rendered":"Bli volont\u00e4r"},"content":{"rendered":"<p><strong>Vi \u00e4r i st\u00e4ndigt behov av volont\u00e4rer som vill hj\u00e4lpa till vid v\u00e5ra olika arrangemang. Vi \u00e4r tacksamma f\u00f6r all hj\u00e4lp vi kan f\u00e5. <a href=\"https:\/\/www.djurskyddet.se\/landskrona\/om-oss\/kontakta-oss\/\">Kontakta oss<\/a> s\u00e5 ber\u00e4ttar vi mer!<\/strong><\/p>\n","protected":false},"excerpt":{"rendered":"<p>Vi \u00e4r i st\u00e4ndigt behov av volont\u00e4rer som vill hj\u00e4lpa till vid v\u00e5ra olika arrangemang. Vi \u00e4r tacksamma f\u00f6r all hj\u00e4lp vi kan f\u00e5. Kontakta oss s\u00e5 ber\u00e4ttar vi mer!<\/p>\n","protected":false},"author":3,"featured_media":0,"parent":5506,"menu_order":0,"comment_status":"closed","ping_status":"closed","template":"page-templates\/left-sidebar.php","meta":{"_acf_changed":false,"footnotes":""},"class_list":["post-5538","page","type-page","status-publish","hentry"],"acf":[],"_links":{"self":[{"href":"https:\/\/www.djurskyddet.se\/landskrona\/wp-json\/wp\/v2\/pages\/5538","targetHints":{"allow":["GET"]}}],"collection":[{"href":"https:\/\/www.djurskyddet.se\/landskrona\/wp-json\/wp\/v2\/pages"}],"about":[{"href":"https:\/\/www.djurskyddet.se\/landskrona\/wp-json\/wp\/v2\/types\/page"}],"author":[{"embeddable":true,"href":"https:\/\/www.djurskyddet.se\/landskrona\/wp-json\/wp\/v2\/users\/3"}],"replies":[{"embeddable":true,"href":"https:\/\/www.djurskyddet.se\/landskrona\/wp-json\/wp\/v2\/comments?post=5538"}],"version-history":[{"count":6,"href":"https:\/\/www.djurskyddet.se\/landskrona\/wp-json\/wp\/v2\/pages\/5538\/revisions"}],"predecessor-version":[{"id":9319,"href":"https:\/\/www.djurskyddet.se\/landskrona\/wp-json\/wp\/v2\/pages\/5538\/revisions\/9319"}],"up":[{"embeddable":true,"href":"https:\/\/www.djurskyddet.se\/landskrona\/wp-json\/wp\/v2\/pages\/5506"}],"wp:attachment":[{"href":"https:\/\/www.djurskyddet.se\/landskrona\/wp-json\/wp\/v2\/media?parent=5538"}],"curies":[{"name":"wp","href":"https:\/\/api.w.org\/{rel}","templated":true}]}}