{"id":5540,"date":"2018-09-24T11:28:32","date_gmt":"2018-09-24T11:28:32","guid":{"rendered":"http:\/\/www.djurskyddet.se\/landskrona\/?page_id=5540"},"modified":"2024-06-09T19:32:33","modified_gmt":"2024-06-09T19:32:33","slug":"bli-jourhem","status":"publish","type":"page","link":"https:\/\/www.djurskyddet.se\/landskrona\/stod-oss\/bli-jourhem\/","title":{"rendered":"Bli jourhem"},"content":{"rendered":"<p>I Sverige finns omkring 100 000 heml\u00f6sa katter och vi i Djurskyddet Landskrona arbetar lokalt f\u00f6r att f\u00f6rs\u00f6ka r\u00e4dda s\u00e5 m\u00e5nga som vi kan och ge dem en chans till ett gott liv. I Landskrona finns inget djurhem och d\u00e4rf\u00f6r \u00e4r vi helt beroende av v\u00e5ra jourhem, vi m\u00e5ste ha n\u00e5gonstans att g\u00f6ra av en inf\u00e5ngad, heml\u00f6s katt. Ett jourhem \u00e4r ett tillf\u00e4lligt hem d\u00e4r en heml\u00f6s katt eller en katt som beh\u00f6ver omplaceras f\u00e5r ett tillf\u00e4lligt hem under tiden vi letar efter \u00e4garen alternativt ett nytt permanent hem. Detta kan ta allt ifr\u00e5n n\u00e5gra veckor till n\u00e5gra m\u00e5nader.<\/p>\n<h2>Vad inneb\u00e4r det att vara jourhem?<\/h2>\n<p>Att vara jourhem kan vara ett bra s\u00e4tt att prova p\u00e5 hur det \u00e4r att ha katt. Kanske blir det t.o.m. s\u00e5 att katten du tar hand om vinner ditt hj\u00e4rta och du v\u00e4ljer att adoptera den. Du f\u00e5r en kontaktperson i f\u00f6reningen som du alltid kan v\u00e4nda dig till vid fr\u00e5gor eller problem. Du tar hand om katten som om den var din egen, ser till att den m\u00e5r bra b\u00e5de fysiskt och psykiskt och har vad den beh\u00f6ver. Det inneb\u00e4r ocks\u00e5 att du beh\u00f6ver ordna kattvakt om du reser bort. Du st\u00e5r f\u00f6r den dagliga sk\u00f6tseln, k\u00e4rlek och socialisering och Djurskyddet st\u00e5r f\u00f6r mat och sand samt kattillbeh\u00f6r som kl\u00f6str\u00e4d, kattl\u00e5da och matsk\u00e5lar. Djurskyddet st\u00e5r ocks\u00e5 f\u00f6r all veterin\u00e4rv\u00e5rd, men t\u00e4nk p\u00e5 att ALL s\u00e5dan v\u00e5rd sker i samr\u00e5d med din kontaktperson. Det g\u00e4ller \u00e4ven avmaskning och medicinering, det kan vara direkt livsfarligt f\u00f6r katten att f\u00e5 i sig fel medicin\/medel. Om katten visar tecken p\u00e5 att vara sjuk kontakta Djurskyddet snarast.<\/p>\n<p>Det \u00e4r viktigt att b\u00e5de du och din familj noga t\u00e4nker igenom vad det inneb\u00e4r att vara jourhem. Det \u00e4r stressande f\u00f6r oss att beh\u00f6va leta nytt jourhem om jourhemmet tr\u00f6ttnar, och det \u00e4r inte heller bra f\u00f6r katten att slitas upp och beh\u00f6va anpassa sig till en ny tillvaro flera g\u00e5nger. En katt som varit heml\u00f6s beh\u00f6ver tid, t\u00e5lamod och massor av k\u00e4rlek f\u00f6r att k\u00e4nna sig trygg.<\/p>\n<p>Om du t\u00e4nkt igenom detta och vet att du har tid och ork att ge till en beh\u00f6vande katt h\u00f6r g\u00e4rna av dig till oss. Det \u00e4r mycket givande att vara jourhem och en stor gl\u00e4dje att f\u00e5 f\u00f6lja en katt en bit p\u00e5 v\u00e4gen till ett nytt liv. Sj\u00e4lvklart kan det uppst\u00e5 situationer n\u00e4r man inte kan vara jourhem l\u00e4ngre, meddela oss d\u00e5 s\u00e5 fort som m\u00f6jligt s\u00e5 vi kan b\u00f6rja leta efter ett nytt jourhem.<\/p>\n<h2>Jourhemskatt= Innekatt<\/h2>\n<p>Katten ska h\u00e5llas som innekatt. Det \u00e4r viktigt att du ser till att det inte finns n\u00e5gra \u201drymningsv\u00e4gar\u201d genom att s\u00e4kra f\u00f6nster och h\u00e5lla d\u00f6rrar st\u00e4ngda. Har du balkong och katten kommer att vistas d\u00e4r, ska den vara inn\u00e4tad. Om katten skulle f\u00f6rsvinna m\u00e5ste du genast meddela Djurskyddet!<\/p>\n<h2>Om du redan har katt eller andra djur<\/h2>\n<p>Vi kan inte l\u00e4mna n\u00e5gra garantier f\u00f6r att katten du f\u00e5r hem inte \u00e4r smittob\u00e4rare. Har du egna djur ska de vara vaccinerade och katter ska \u00e4ven vara kastrerade. Du b\u00f6r kunna h\u00e5lla dem \u00e5tskilda i olika rum om smittorisk finns (du f\u00e5r information av oss om s\u00e5 \u00e4r fallet) eller om problem skulle uppst\u00e5 mellan djuren.<\/p>\n<p>I v\u00e4rsta fall kan katten du tar in orsaka skador i ditt hem, dessa kan vi tyv\u00e4rr inte ers\u00e4tta. Kontakta oss s\u00e5 f\u00e5r vi f\u00f6rs\u00f6ka hitta en l\u00f6sning s\u00e5 att inte ytterligare skada sker. T\u00e4nk p\u00e5 att katter har behov av att kl\u00f6sa, Djurskyddet har kl\u00f6str\u00e4d till utl\u00e5ning om du inte sj\u00e4lv har ett s\u00e5dant.<\/p>\n<h2>Annonsering och visningar<\/h2>\n<p>Under tiden katten bor hos dig kommer vi att s\u00f6ka permanent hem p\u00e5 olika s\u00e4tt, via facebook, hemsida och annons p\u00e5 Blocket. F\u00f6r att en blivande katt\u00e4gare ska ha m\u00f6jlighet att l\u00e4ra k\u00e4nna katten m\u00e5ste du vara beredd att ta emot bes\u00f6k i ditt hem. Om du sj\u00e4lv skulle vilja beh\u00e5lla katten st\u00e5r du f\u00f6rst i tur. Om du k\u00e4nner n\u00e5gon som \u00e4r intresserad av att adoptera katten \u00e4r det f\u00f6rst\u00e5s j\u00e4ttebra, men t\u00e4nk p\u00e5 att all omplacering m\u00e5ste godk\u00e4nnas av Djurskyddet.<\/p>\n<p>Vi skriver ocks\u00e5 ett jourhemskontrakt, f\u00f6r din och kattens b\u00e4sta.<\/p>\n<p><strong>Vi tackar p\u00e5 f\u00f6rhand f\u00f6r Din v\u00e4rdefulla insats!<\/strong><\/p>\n<p>Och vi kan lova dig \u2013 du f\u00e5r massor tillbaka i form av tacksamhet och tillit fr\u00e5n djuret!<\/p>\n\n<div class=\"wpcf7 no-js\" id=\"wpcf7-f6674-o1\" lang=\"sv-SE\" dir=\"ltr\" data-wpcf7-id=\"6674\">\n<div class=\"screen-reader-response\"><p role=\"status\" aria-live=\"polite\" aria-atomic=\"true\"><\/p> <ul><\/ul><\/div>\n<form action=\"\/landskrona\/wp-json\/wp\/v2\/pages\/5540#wpcf7-f6674-o1\" method=\"post\" class=\"wpcf7-form init\" aria-label=\"Kontaktformul\u00e4r\" novalidate=\"novalidate\" data-status=\"init\">\n<fieldset class=\"hidden-fields-container\"><input type=\"hidden\" name=\"_wpcf7\" value=\"6674\" \/><input type=\"hidden\" name=\"_wpcf7_version\" value=\"6.1\" \/><input type=\"hidden\" name=\"_wpcf7_locale\" value=\"sv_SE\" \/><input type=\"hidden\" name=\"_wpcf7_unit_tag\" value=\"wpcf7-f6674-o1\" \/><input type=\"hidden\" name=\"_wpcf7_container_post\" value=\"0\" \/><input type=\"hidden\" name=\"_wpcf7_posted_data_hash\" value=\"\" \/><input type=\"hidden\" name=\"_wpcf7_recaptcha_response\" value=\"\" \/>\n<\/fieldset>\n<div class=\"uacf7-form-wrapper-container uacf7-form-6674  \"><label> Ditt namn*\n    <span class=\"wpcf7-form-control-wrap\" data-name=\"namn\"><input size=\"40\" maxlength=\"400\" class=\"wpcf7-form-control wpcf7-text wpcf7-validates-as-required\" aria-required=\"true\" aria-invalid=\"false\" value=\"\" type=\"text\" name=\"namn\" \/><\/span> <\/label>\n\n<label>Epostadress*\n    <span class=\"wpcf7-form-control-wrap\" data-name=\"epostadress\"><input size=\"40\" maxlength=\"400\" class=\"wpcf7-form-control wpcf7-email wpcf7-validates-as-required wpcf7-text wpcf7-validates-as-email\" aria-required=\"true\" aria-invalid=\"false\" value=\"\" type=\"email\" name=\"epostadress\" \/><\/span> <\/label>\n\n<label> Telefonnummer*\n    <span class=\"wpcf7-form-control-wrap\" data-name=\"telefonnummer\"><input class=\"wpcf7-form-control wpcf7-number wpcf7-validates-as-number\" aria-invalid=\"false\" value=\"\" type=\"number\" name=\"telefonnummer\" \/><\/span> <\/label>\n\n<label> Adress*\n    <span class=\"wpcf7-form-control-wrap\" data-name=\"Adress\"><input size=\"40\" maxlength=\"400\" class=\"wpcf7-form-control wpcf7-text wpcf7-validates-as-required\" aria-required=\"true\" aria-invalid=\"false\" value=\"\" type=\"text\" name=\"Adress\" \/><\/span> <\/label>\n\n<label>Ber\u00e4tta lite om dig\/din ev familj och din livssituation*\n<span class=\"wpcf7-form-control-wrap\" data-name=\"livssituation\"><input size=\"40\" maxlength=\"400\" class=\"wpcf7-form-control wpcf7-text wpcf7-validates-as-required\" aria-required=\"true\" aria-invalid=\"false\" value=\"\" type=\"text\" name=\"livssituation\" \/><\/span><\/label>\n\n<label>Finns det barn i familjen? Vilken \u00e5lder\/\u00e5ldrar?*\n<span class=\"wpcf7-form-control-wrap\" data-name=\"barn\"><input size=\"40\" maxlength=\"400\" class=\"wpcf7-form-control wpcf7-text\" aria-invalid=\"false\" value=\"\" type=\"text\" name=\"barn\" \/><\/span><\/label>\n\n<label>Kan du bara ha katten en begr\u00e4nsad tidsperiod, i s\u00e5 fall hur l\u00e4nge?*\n   <span class=\"wpcf7-form-control-wrap\" data-name=\"tidsperiod\"><input size=\"40\" maxlength=\"400\" class=\"wpcf7-form-control wpcf7-text wpcf7-validates-as-required\" aria-required=\"true\" aria-invalid=\"false\" value=\"\" type=\"text\" name=\"tidsperiod\" \/><\/span> <\/label>\n\n<label>Vem\/vilka \u00e4r kattvakt om du reser bort?*\n   <span class=\"wpcf7-form-control-wrap\" data-name=\"kattvakt\"><input size=\"40\" maxlength=\"400\" class=\"wpcf7-form-control wpcf7-text\" aria-invalid=\"false\" value=\"\" type=\"text\" name=\"kattvakt\" \/><\/span> <\/label>\n\n<label> Har ni husdjur? I s\u00e5 fall, ber\u00e4tta om dem!*\n    <span class=\"wpcf7-form-control-wrap\" data-name=\"husdjur\"><input size=\"40\" maxlength=\"400\" class=\"wpcf7-form-control wpcf7-text\" aria-invalid=\"false\" value=\"\" type=\"text\" name=\"husdjur\" \/><\/span> <\/label>\n\n<label> Har du haft katt f\u00f6rut och vad har du f\u00f6r erfarenheter?*\n    <span class=\"wpcf7-form-control-wrap\" data-name=\"erfarenhet\"><input size=\"40\" maxlength=\"400\" class=\"wpcf7-form-control wpcf7-text\" aria-invalid=\"false\" value=\"\" type=\"text\" name=\"erfarenhet\" \/><\/span> <\/label>\n\n<label> \u00c4r n\u00e5gon i hush\u00e5llet allergisk mot katt eller p\u00e4lsdjur?*\n    <span class=\"wpcf7-form-control-wrap\" data-name=\"allergisk\"><input size=\"40\" maxlength=\"400\" class=\"wpcf7-form-control wpcf7-text\" aria-invalid=\"false\" value=\"\" type=\"text\" name=\"allergisk\" \/><\/span> <\/label>\n\n<label> V\u00e5ra jourkatter \u00e4r alltid innekatter. Hur st\u00e4ller du dig till det?*\n    <span class=\"wpcf7-form-control-wrap\" data-name=\"meddelande\"><input size=\"40\" maxlength=\"400\" class=\"wpcf7-form-control wpcf7-text\" aria-invalid=\"false\" value=\"\" type=\"text\" name=\"meddelande\" \/><\/span> <\/label>\n\n<label> Vad f\u00f6rv\u00e4ntar du dig av att vara jourhem?*\n    <span class=\"wpcf7-form-control-wrap\" data-name=\"meddelande\"><input size=\"40\" maxlength=\"400\" class=\"wpcf7-form-control wpcf7-text\" aria-invalid=\"false\" value=\"\" type=\"text\" name=\"meddelande\" \/><\/span> <\/label>\n\n<label> Eventuellt \u00f6vrigt meddelande\n    <span class=\"wpcf7-form-control-wrap\" data-name=\"meddelande\"><input size=\"40\" maxlength=\"400\" class=\"wpcf7-form-control wpcf7-text\" aria-invalid=\"false\" value=\"\" type=\"text\" name=\"meddelande\" \/><\/span> <\/label>\n\nVilka katter kan du t\u00e4nka dig att ta emot? Kryssa f\u00f6r en eller flera alternativ <span class=\"wpcf7-form-control-wrap\" data-name=\"Vilkakatter\"><span class=\"wpcf7-form-control wpcf7-checkbox wpcf7-validates-as-required\"><span class=\"wpcf7-list-item first\"><input type=\"checkbox\" name=\"Vilkakatter[]\" value=\"Hanar\" \/><span class=\"wpcf7-list-item-label\">Hanar<\/span><\/span><span class=\"wpcf7-list-item\"><input type=\"checkbox\" name=\"Vilkakatter[]\" value=\"Honar\" \/><span class=\"wpcf7-list-item-label\">Honar<\/span><\/span><span class=\"wpcf7-list-item\"><input type=\"checkbox\" name=\"Vilkakatter[]\" value=\"Vuxna\" \/><span class=\"wpcf7-list-item-label\">Vuxna<\/span><\/span><span class=\"wpcf7-list-item\"><input type=\"checkbox\" name=\"Vilkakatter[]\" value=\"Ungar\" \/><span class=\"wpcf7-list-item-label\">Ungar<\/span><\/span><span class=\"wpcf7-list-item\"><input type=\"checkbox\" name=\"Vilkakatter[]\" value=\"\u00c4ldre\" \/><span class=\"wpcf7-list-item-label\">\u00c4ldre<\/span><\/span><span class=\"wpcf7-list-item\"><input type=\"checkbox\" name=\"Vilkakatter[]\" value=\"Tama\" \/><span class=\"wpcf7-list-item-label\">Tama<\/span><\/span><span class=\"wpcf7-list-item\"><input type=\"checkbox\" name=\"Vilkakatter[]\" value=\"Inte helt sociala\" \/><span class=\"wpcf7-list-item-label\">Inte helt sociala<\/span><\/span><span class=\"wpcf7-list-item\"><input type=\"checkbox\" name=\"Vilkakatter[]\" value=\"Hona med kattungar\" \/><span class=\"wpcf7-list-item-label\">Hona med kattungar<\/span><\/span><span class=\"wpcf7-list-item\"><input type=\"checkbox\" name=\"Vilkakatter[]\" value=\"Dr\u00e4ktig hona\/ Digivande\" \/><span class=\"wpcf7-list-item-label\">Dr\u00e4ktig hona\/ Digivande<\/span><\/span><span class=\"wpcf7-list-item last\"><input type=\"checkbox\" name=\"Vilkakatter[]\" value=\"Katt med speciella behov, t ex sjuk katt som beh\u00f6ver medicinering\" \/><span class=\"wpcf7-list-item-label\">Katt med speciella behov, t ex sjuk katt som beh\u00f6ver medicinering<\/span><\/span><\/span><\/span>\n\n*Obligatoriska f\u00e4lt.\n\n<input class=\"wpcf7-form-control wpcf7-submit has-spinner\" type=\"submit\" value=\"Skicka\" \/><\/div><div class=\"wpcf7-response-output\" aria-hidden=\"true\"><\/div>\n<\/form>\n<\/div>\n\n","protected":false},"excerpt":{"rendered":"<p>I Sverige finns omkring 100 000 heml\u00f6sa katter och vi i Djurskyddet Landskrona arbetar lokalt f\u00f6r att f\u00f6rs\u00f6ka r\u00e4dda s\u00e5 m\u00e5nga som vi kan och ge dem en chans till ett gott liv. I Landskrona finns inget djurhem och d\u00e4rf\u00f6r \u00e4r vi helt beroende av v\u00e5ra jourhem, vi m\u00e5ste ha n\u00e5gonstans att g\u00f6ra av en inf\u00e5ngad, heml\u00f6s katt. Ett jourhem \u00e4r ett tillf\u00e4lligt hem d\u00e4r en heml\u00f6s katt eller en&hellip;<\/p>\n<p><a class=\"more-link\" href=\"https:\/\/www.djurskyddet.se\/landskrona\/stod-oss\/bli-jourhem\/\" title=\"Continue reading &lsquo;Bli jourhem&rsquo;\">L&auml;s mer<span class=\"meta-nav\">&raquo;<\/span><\/a><\/p>\n","protected":false},"author":3,"featured_media":0,"parent":5506,"menu_order":0,"comment_status":"closed","ping_status":"closed","template":"page-templates\/left-sidebar.php","meta":{"_acf_changed":false,"footnotes":""},"class_list":["post-5540","page","type-page","status-publish","hentry"],"acf":[],"_links":{"self":[{"href":"https:\/\/www.djurskyddet.se\/landskrona\/wp-json\/wp\/v2\/pages\/5540","targetHints":{"allow":["GET"]}}],"collection":[{"href":"https:\/\/www.djurskyddet.se\/landskrona\/wp-json\/wp\/v2\/pages"}],"about":[{"href":"https:\/\/www.djurskyddet.se\/landskrona\/wp-json\/wp\/v2\/types\/page"}],"author":[{"embeddable":true,"href":"https:\/\/www.djurskyddet.se\/landskrona\/wp-json\/wp\/v2\/users\/3"}],"replies":[{"embeddable":true,"href":"https:\/\/www.djurskyddet.se\/landskrona\/wp-json\/wp\/v2\/comments?post=5540"}],"version-history":[{"count":14,"href":"https:\/\/www.djurskyddet.se\/landskrona\/wp-json\/wp\/v2\/pages\/5540\/revisions"}],"predecessor-version":[{"id":10871,"href":"https:\/\/www.djurskyddet.se\/landskrona\/wp-json\/wp\/v2\/pages\/5540\/revisions\/10871"}],"up":[{"embeddable":true,"href":"https:\/\/www.djurskyddet.se\/landskrona\/wp-json\/wp\/v2\/pages\/5506"}],"wp:attachment":[{"href":"https:\/\/www.djurskyddet.se\/landskrona\/wp-json\/wp\/v2\/media?parent=5540"}],"curies":[{"name":"wp","href":"https:\/\/api.w.org\/{rel}","templated":true}]}}