{"id":5544,"date":"2023-10-09T00:00:25","date_gmt":"2023-10-09T00:00:25","guid":{"rendered":"http:\/\/www.djurskyddet.se\/landskrona\/?page_id=5544"},"modified":"2023-10-09T05:39:48","modified_gmt":"2023-10-09T05:39:48","slug":"sponsorhuset-se","status":"publish","type":"page","link":"https:\/\/www.djurskyddet.se\/landskrona\/stod-oss\/sponsorhuset-se\/","title":{"rendered":"Sponsorhuset.se"},"content":{"rendered":"<p>Nu kan du st\u00f6tta Djurskyddet Landskrona varje g\u00e5ng du handlar p\u00e5 n\u00e4tet. Det enda du beh\u00f6ver g\u00f6ra \u00e4r att g\u00e5 till butiken via Sponsorhuset. Om du vill st\u00f6tta oss som lokalf\u00f6rening gl\u00f6m inte att skriva Djurskyddet Landskrona.<\/p>\n<p>Du kan v\u00e4lja att handla fr\u00e5n 537 k\u00e4nda n\u00e4tbutiker, och varje ink\u00f6p du g\u00f6r ger pengar till dig sj\u00e4lv och Djurskyddet Landskrona &#8211; utan att det kostar n\u00e5got extra f\u00f6r dig! B\u00e4ttre \u00e4n s\u00e5 blir det inte, <a href=\"http:\/\/www.sponsorhuset.se\/djurskyddetlandskrona\/\" target=\"_blank\" rel=\"noopener noreferrer\">klicka h\u00e4r<\/a><\/p>\n<\/p>\n<p style=\"text-align: center\"><strong>Tack f\u00f6r ditt st\u00f6d!<\/strong> ?<\/p>\n<p><img loading=\"lazy\" decoding=\"async\" class=\"aligncenter wp-image-9805 size-full\" src=\"https:\/\/www.djurskyddet.se\/landskrona\/wp-content\/uploads\/sites\/22\/2023\/10\/Sponsorhuset.png\" alt=\"\" width=\"739\" height=\"137\" srcset=\"https:\/\/www.djurskyddet.se\/landskrona\/wp-content\/uploads\/sites\/22\/2023\/10\/Sponsorhuset.png 739w, https:\/\/www.djurskyddet.se\/landskrona\/wp-content\/uploads\/sites\/22\/2023\/10\/Sponsorhuset-300x56.png 300w, https:\/\/www.djurskyddet.se\/landskrona\/wp-content\/uploads\/sites\/22\/2023\/10\/Sponsorhuset-400x74.png 400w\" sizes=\"auto, (max-width: 739px) 100vw, 739px\" \/><\/p>\n\n\n<pre class=\"wp-block-verse\"><\/pre>\n\n\n\n<p class=\"has-text-align-center has-medium-font-size\"><\/p>\n","protected":false},"excerpt":{"rendered":"<p>Nu kan du st\u00f6tta Djurskyddet Landskrona varje g\u00e5ng du handlar p\u00e5 n\u00e4tet. Det enda du beh\u00f6ver g\u00f6ra \u00e4r att g\u00e5 till butiken via Sponsorhuset. Om du vill st\u00f6tta oss som lokalf\u00f6rening gl\u00f6m inte att skriva Djurskyddet Landskrona. Du kan v\u00e4lja att handla fr\u00e5n 537 k\u00e4nda n\u00e4tbutiker, och varje ink\u00f6p du g\u00f6r ger pengar till dig sj\u00e4lv och Djurskyddet Landskrona &#8211; utan att det kostar n\u00e5got extra f\u00f6r dig! B\u00e4ttre \u00e4n&hellip;<\/p>\n<p><a class=\"more-link\" href=\"https:\/\/www.djurskyddet.se\/landskrona\/stod-oss\/sponsorhuset-se\/\" title=\"Continue reading &lsquo;Sponsorhuset.se&rsquo;\">L&auml;s mer<span class=\"meta-nav\">&raquo;<\/span><\/a><\/p>\n","protected":false},"author":3,"featured_media":0,"parent":5506,"menu_order":0,"comment_status":"closed","ping_status":"closed","template":"page-templates\/left-sidebar.php","meta":{"_acf_changed":false,"footnotes":""},"class_list":["post-5544","page","type-page","status-publish","hentry"],"acf":[],"_links":{"self":[{"href":"https:\/\/www.djurskyddet.se\/landskrona\/wp-json\/wp\/v2\/pages\/5544","targetHints":{"allow":["GET"]}}],"collection":[{"href":"https:\/\/www.djurskyddet.se\/landskrona\/wp-json\/wp\/v2\/pages"}],"about":[{"href":"https:\/\/www.djurskyddet.se\/landskrona\/wp-json\/wp\/v2\/types\/page"}],"author":[{"embeddable":true,"href":"https:\/\/www.djurskyddet.se\/landskrona\/wp-json\/wp\/v2\/users\/3"}],"replies":[{"embeddable":true,"href":"https:\/\/www.djurskyddet.se\/landskrona\/wp-json\/wp\/v2\/comments?post=5544"}],"version-history":[{"count":11,"href":"https:\/\/www.djurskyddet.se\/landskrona\/wp-json\/wp\/v2\/pages\/5544\/revisions"}],"predecessor-version":[{"id":9912,"href":"https:\/\/www.djurskyddet.se\/landskrona\/wp-json\/wp\/v2\/pages\/5544\/revisions\/9912"}],"up":[{"embeddable":true,"href":"https:\/\/www.djurskyddet.se\/landskrona\/wp-json\/wp\/v2\/pages\/5506"}],"wp:attachment":[{"href":"https:\/\/www.djurskyddet.se\/landskrona\/wp-json\/wp\/v2\/media?parent=5544"}],"curies":[{"name":"wp","href":"https:\/\/api.w.org\/{rel}","templated":true}]}}