{"id":5558,"date":"2018-09-24T11:36:26","date_gmt":"2018-09-24T11:36:26","guid":{"rendered":"http:\/\/www.djurskyddet.se\/landskrona\/?page_id=5558"},"modified":"2025-01-16T16:58:39","modified_gmt":"2025-01-16T16:58:39","slug":"omplacerade","status":"publish","type":"page","link":"https:\/\/www.djurskyddet.se\/landskrona\/djurformedling\/omplacerade\/","title":{"rendered":"Omplacerade"},"content":{"rendered":"<p>H\u00e4r hittar du alla de katter som vi omplacerat under \u00e5ren. Katterna \u00e4r sorterade \u00e5rsvis (se h\u00f6gerkolumnerna).<\/p>\n<p>V\u00e4lj ett \u00e5r och d\u00e4refter kan du sedan klicka p\u00e5 respektive katt f\u00f6r att f\u00e5 fram mer information.<\/p>\n<p>Trevlig l\u00e4sning!<\/p>\n","protected":false},"excerpt":{"rendered":"<p>H\u00e4r hittar du alla de katter som vi omplacerat under \u00e5ren. Katterna \u00e4r sorterade \u00e5rsvis (se h\u00f6gerkolumnerna). V\u00e4lj ett \u00e5r och d\u00e4refter kan du sedan klicka p\u00e5 respektive katt f\u00f6r att f\u00e5 fram mer information. Trevlig l\u00e4sning!<\/p>\n","protected":false},"author":3,"featured_media":9442,"parent":5508,"menu_order":0,"comment_status":"closed","ping_status":"closed","template":"page-templates\/left-sidebar.php","meta":{"_acf_changed":false,"footnotes":""},"class_list":["post-5558","page","type-page","status-publish","has-post-thumbnail","hentry"],"acf":[],"_links":{"self":[{"href":"https:\/\/www.djurskyddet.se\/landskrona\/wp-json\/wp\/v2\/pages\/5558","targetHints":{"allow":["GET"]}}],"collection":[{"href":"https:\/\/www.djurskyddet.se\/landskrona\/wp-json\/wp\/v2\/pages"}],"about":[{"href":"https:\/\/www.djurskyddet.se\/landskrona\/wp-json\/wp\/v2\/types\/page"}],"author":[{"embeddable":true,"href":"https:\/\/www.djurskyddet.se\/landskrona\/wp-json\/wp\/v2\/users\/3"}],"replies":[{"embeddable":true,"href":"https:\/\/www.djurskyddet.se\/landskrona\/wp-json\/wp\/v2\/comments?post=5558"}],"version-history":[{"count":29,"href":"https:\/\/www.djurskyddet.se\/landskrona\/wp-json\/wp\/v2\/pages\/5558\/revisions"}],"predecessor-version":[{"id":11512,"href":"https:\/\/www.djurskyddet.se\/landskrona\/wp-json\/wp\/v2\/pages\/5558\/revisions\/11512"}],"up":[{"embeddable":true,"href":"https:\/\/www.djurskyddet.se\/landskrona\/wp-json\/wp\/v2\/pages\/5508"}],"wp:featuredmedia":[{"embeddable":true,"href":"https:\/\/www.djurskyddet.se\/landskrona\/wp-json\/wp\/v2\/media\/9442"}],"wp:attachment":[{"href":"https:\/\/www.djurskyddet.se\/landskrona\/wp-json\/wp\/v2\/media?parent=5558"}],"curies":[{"name":"wp","href":"https:\/\/api.w.org\/{rel}","templated":true}]}}