{"id":5565,"date":"2024-01-28T09:27:40","date_gmt":"2024-01-28T09:27:40","guid":{"rendered":"http:\/\/www.djurskyddet.se\/landskrona\/?page_id=5565"},"modified":"2024-01-28T10:45:09","modified_gmt":"2024-01-28T10:45:09","slug":"om-ett-djur-far-illa","status":"publish","type":"page","link":"https:\/\/www.djurskyddet.se\/landskrona\/tips-rad\/om-ett-djur-far-illa\/","title":{"rendered":"Bra l\u00e4nkar"},"content":{"rendered":"\n<div class=\"wp-block-group\"><div class=\"wp-block-group__inner-container is-layout-constrained wp-block-group-is-layout-constrained\">\n<h3 style=\"text-align: center\"><span style=\"color: #ff0000\">VAD G\u00d6R JAG OM ETT DJUR FAR ILLA?<\/span><\/h3>\n<h4 style=\"text-align: center\"><strong>Telefonnummer\/l\u00e4nkar<\/strong><\/h4>\n<p>\u00a0<\/p>\n<p style=\"text-align: center\"><a href=\"https:\/\/www.lansstyrelsen.se\/skane.html\"><span style=\"color: #ff0000\"><strong>L\u00e4nsstyrelsen <\/strong><\/span><\/a><\/p>\n<p style=\"text-align: center\">Vanv\u00e5rd av djur \u00e4r ett brott mot djurskyddslagen och om du misst\u00e4nker att n\u00e5got djur \u00e4r utsatt f\u00f6r detta b\u00f6r du anm\u00e4la detta till l\u00e4nsstyrelsen, som ansvarar f\u00f6r s\u00e5v\u00e4l f\u00f6rebyggande som akuta djurskyddskontroller i Sk\u00e5ne.<\/p>\n<p style=\"text-align: center\"><strong>Telefon f\u00f6r att anm\u00e4la bristande djurh\u00e5llning:\u00a0<\/strong><a href=\"tel:010-2241000\"><strong>010-224 10 00<\/strong><\/a> (v\u00e4xel)<\/p>\n<p style=\"text-align: center\"><strong>Telefontider:\u00a0<\/strong>M\u00e5ndag till fredag klockan 9.15\u201311.15<br \/><strong>E-post: <\/strong><a href=\"mailto:skane@lansstyrelsen.se\"><strong>skane@lansstyrelsen.se<\/strong><\/a><\/p>\n<p style=\"text-align: center\">Offentlighetsprincipen<\/p>\n<p style=\"text-align: center\">T\u00e4nk p\u00e5 att om du ringer in din anm\u00e4lan kan du vara anonym. Om du vill vara anonym\u00a0ska du <span style=\"color: #ff0000\">inte <span style=\"color: #000000\">presentera dig med namn<\/span><\/span>. Skickar du d\u00e4remot e-post med en anm\u00e4lan till L\u00e4nsstyrelsen s\u00e5 g\u00e4ller offentlighetsprincipen. Avs\u00e4ndaradressen och eventuella namn och kontaktuppgifter som finns i e-posten blir d\u00e5 en offentlig handling som de inte kan sekretessbel\u00e4gga.<\/p>\n<p style=\"text-align: center\">L\u00e4s mer p\u00e5 L\u00e4nsstyrelsen Sk\u00e5nes hemsida:<\/p>\n<p style=\"text-align: center\"><a href=\"https:\/\/www.lansstyrelsen.se\/skane\/djur\/skotsel-av-djur\/anmal-bristande-djurhallning.html\">Anm\u00e4l bristande djurh\u00e5llning | L\u00e4nsstyrelsen Sk\u00e5ne (lansstyrelsen.se)<\/a><\/p>\n<p>\u00a0<\/p>\n<hr \/>\n<p style=\"text-align: center\"><a href=\"https:\/\/polisen.se\/\"><span style=\"color: #ff0000\"><strong>Polisen<\/strong><\/span><\/a><\/p>\n<p style=\"text-align: center\">Under \u00f6vrig tid (utanf\u00f6r kontorstid) kan Polisen kontaktas p\u00e5 telefon 114 14 om situationen f\u00f6r djuren anses vara s\u00e5 akut att anm\u00e4lan inte kan v\u00e4nta till n\u00e4sta vardag.\u00a0<\/p>\n<p>\u00a0<\/p>\n<hr \/>\n<p style=\"text-align: center\"><a href=\"https:\/\/www.landskrona.se\/\"><span style=\"color: #ff0000\"><strong>Landskrona Stad<\/strong><\/span><\/a><\/p>\n<p style=\"text-align: center\">Ol\u00e4genhet enligt milj\u00f6balken, som t.ex. sk\u00e4llande hundar, \u00e4r kommunens ansvar. Kontakta milj\u00f6f\u00f6rvaltningen. Teknik- och fritidsf\u00f6rvaltningen ansvarar f\u00f6r djurlivet i stadens parker och dammar. Kontakta via kommunens v\u00e4xel, telefon 0418-470 000 eller via mail kontaktcenter@landskrona.se.<\/p>\n<p style=\"text-align: center\">Beh\u00f6ver du ha tag i kommunj\u00e4garen, ring Landskrona Stads v\u00e4xel, telefon: 0418-470 000\u00a0<\/p>\n<p>\u00a0<\/p>\n<hr \/>\n<p style=\"text-align: center\"><a href=\"https:\/\/www.kfv-riks.se\/default.asp?iID=GFLKLF\"><span style=\"color: #ff0000\"><strong>KFV:s riksf\u00f6rbund (katastrof f\u00e5gel och vilt)<\/strong><\/span><\/a><\/p>\n<p style=\"text-align: center\">Om du hittat ett skadat djur, t.ex. en f\u00e5gel kontakta en lokal representant.<\/p>\n<p style=\"text-align: center\">L\u00e4s mer p\u00e5 deras hemsida: \u00a0\u00a0 <a href=\"https:\/\/www.kfv-riks.se\/default.asp?iID=GFLKLF\">KFV-Riks &#8211; Sk\u00e5ne | KFV-Riks<\/a><\/p>\n<hr \/>\n<p style=\"text-align: center\"><a href=\"https:\/\/brevduvesport.net\/tillvaratagen-duva.html\"><span style=\"color: #ff0000\">Tillvaratagen duva | Brevduvesport<\/span><\/a><\/p>\n<p style=\"text-align: center\">Om en brevduva har kommit p\u00e5 villov\u00e4gar.<\/p>\n<hr \/>\n<p style=\"text-align: center\"><strong><a href=\"https:\/\/djurambulans.se\/\"><span style=\"color: #ff0000\">Djurambulansen \u2013 i Sk\u00e5ne AB<\/span><\/a><\/strong><\/p>\n<p style=\"text-align: center\">Telefon: 042-211 118<\/p>\n<hr \/>\n<p style=\"text-align: center\"><a href=\"https:\/\/evidensia.se\/klinik\/evidensia-specialistdjursjukhuset-helsingborg\/\"><strong><span style=\"color: #ff0000\">Djursjukhuset Helsingborg<\/span><\/strong><\/a><\/p>\n<p style=\"text-align: center\">Telefon 042-168000<\/p>\n<hr \/>\n<p style=\"text-align: center\"><strong>Tips p\u00e5 kattpensionat: <\/strong><\/p>\n<p style=\"text-align: center\"><a href=\"https:\/\/www.engelholmskatthotell.com\/\">Engelholms Katthotell<\/a><\/p>\n<p style=\"text-align: center\"><a href=\"https:\/\/frokenagnes.se\/?page_id=15\">Fr\u00f6ken Agnes kattpensionat<\/a> (ligger utanf\u00f6r Munka-Ljungby) telefon:\u00a0 070-4838443, 0736-97 75 18<\/p>\n<hr \/>\n<p style=\"text-align: center\"><strong>Adoptera hund: <\/strong><\/p>\n<p style=\"text-align: center\">SPCA i Sk\u00e5ne (ligger utanf\u00f6r \u00d6rkelljunga): <a href=\"https:\/\/spcasweden.se\/\">SPCA Sweden \u2013 Animal Rescue Center<\/a><\/p>\n<p style=\"text-align: center\"><a href=\"https:\/\/hundstallet.se\/?_gl=1%2Au8i8j3%2A_up%2AMQ..&amp;gclid=Cj0KCQiA2KitBhCIARIsAPPMEhL24otoWL244sGb5cWPekvZYQvjjwKqhs-bK299_yzI_eV2DKnPo_YaAkrREALw_wcB\">Hundstallet i Staffanstorp<\/a><\/p>\n<hr \/>\n<p style=\"text-align: center\"><span style=\"color: #008000\">L\u00e4s mer om djurskydd p\u00e5 Jordbrukverkets hemsida<\/span> <a href=\"https:\/\/jordbruksverket.se\/\">Jordbruksverket.se<\/a><\/p>\n<hr \/>\n<p>\u00a0<\/p>\n<\/div><\/div>\n","protected":false},"excerpt":{"rendered":"<p>VAD G\u00d6R JAG OM ETT DJUR FAR ILLA? Telefonnummer\/l\u00e4nkar \u00a0 L\u00e4nsstyrelsen Vanv\u00e5rd av djur \u00e4r ett brott mot djurskyddslagen och om du misst\u00e4nker att n\u00e5got djur \u00e4r utsatt f\u00f6r detta b\u00f6r du anm\u00e4la detta till l\u00e4nsstyrelsen, som ansvarar f\u00f6r s\u00e5v\u00e4l f\u00f6rebyggande som akuta djurskyddskontroller i Sk\u00e5ne. Telefon f\u00f6r att anm\u00e4la bristande djurh\u00e5llning:\u00a0010-224 10 00 (v\u00e4xel) Telefontider:\u00a0M\u00e5ndag till fredag klockan 9.15\u201311.15E-post: skane@lansstyrelsen.se Offentlighetsprincipen T\u00e4nk p\u00e5 att om du ringer in din&hellip;<\/p>\n<p><a class=\"more-link\" href=\"https:\/\/www.djurskyddet.se\/landskrona\/tips-rad\/om-ett-djur-far-illa\/\" title=\"Continue reading &lsquo;Bra l\u00e4nkar&rsquo;\">L&auml;s mer<span class=\"meta-nav\">&raquo;<\/span><\/a><\/p>\n","protected":false},"author":3,"featured_media":0,"parent":5510,"menu_order":0,"comment_status":"closed","ping_status":"closed","template":"page-templates\/left-sidebar.php","meta":{"_acf_changed":false,"footnotes":""},"class_list":["post-5565","page","type-page","status-publish","hentry"],"acf":[],"_links":{"self":[{"href":"https:\/\/www.djurskyddet.se\/landskrona\/wp-json\/wp\/v2\/pages\/5565","targetHints":{"allow":["GET"]}}],"collection":[{"href":"https:\/\/www.djurskyddet.se\/landskrona\/wp-json\/wp\/v2\/pages"}],"about":[{"href":"https:\/\/www.djurskyddet.se\/landskrona\/wp-json\/wp\/v2\/types\/page"}],"author":[{"embeddable":true,"href":"https:\/\/www.djurskyddet.se\/landskrona\/wp-json\/wp\/v2\/users\/3"}],"replies":[{"embeddable":true,"href":"https:\/\/www.djurskyddet.se\/landskrona\/wp-json\/wp\/v2\/comments?post=5565"}],"version-history":[{"count":26,"href":"https:\/\/www.djurskyddet.se\/landskrona\/wp-json\/wp\/v2\/pages\/5565\/revisions"}],"predecessor-version":[{"id":10178,"href":"https:\/\/www.djurskyddet.se\/landskrona\/wp-json\/wp\/v2\/pages\/5565\/revisions\/10178"}],"up":[{"embeddable":true,"href":"https:\/\/www.djurskyddet.se\/landskrona\/wp-json\/wp\/v2\/pages\/5510"}],"wp:attachment":[{"href":"https:\/\/www.djurskyddet.se\/landskrona\/wp-json\/wp\/v2\/media?parent=5565"}],"curies":[{"name":"wp","href":"https:\/\/api.w.org\/{rel}","templated":true}]}}