{"id":5567,"date":"2018-09-24T11:42:26","date_gmt":"2018-09-24T11:42:26","guid":{"rendered":"http:\/\/www.djurskyddet.se\/landskrona\/?page_id=5567"},"modified":"2023-05-25T14:52:33","modified_gmt":"2023-05-25T14:52:33","slug":"om-din-katt-sprungit-bort-eller-du-hittat-en-katt","status":"publish","type":"page","link":"https:\/\/www.djurskyddet.se\/landskrona\/tips-rad\/om-din-katt-sprungit-bort-eller-du-hittat-en-katt\/","title":{"rendered":"Om din katt sprungit bort eller du hittat en katt"},"content":{"rendered":"<h3>MIN KATT HAR SPRUNGIT BORT, HUR G\u00d6R JAG?<\/h3>\n<p>\u2022 G\u00f6r en polisanm\u00e4lan<br \/>\n\u2022 Efterlys katten p\u00e5 facebook och p\u00e5 Vilse.nu<br \/>\n\u2022 Annonsera p\u00e5 Blocket under Efterlysning<br \/>\n\u2022 S\u00e4tt upp lappar i olika aff\u00e4rer och p\u00e5 exempelvis lyktstolpar<br \/>\n\u2022 GL\u00d6M INTE BORT ATT DET B\u00c4STA \u00c4R ATT OM KATTEN \u00c4R \u00d6RONM\u00c4RKT ELLER CHIPPAD OCH REGISTRERAD HOS SVENSKA KENNELKLUBBEN ELLER SVERAK. D\u00c5 \u00c4R DET L\u00c4TTARE F\u00d6R KATTEN ATT KOMMA TILLR\u00c4TTA IGEN.<\/p>\n<h3>JAG HAR HITTAT EN KATT, HUR G\u00d6R JAG?<\/h3>\n<p>\u2022 Om det \u00e4r m\u00f6jligt att n\u00e4rma sig katten, kontrollera om katten har ett halsband p\u00e5 sig med telefonnummer, om inte \u00e4r det bra om du kan s\u00e4tta p\u00e5 ett halsband med ditt telefonnummer s\u00e5 att den eventuella \u00e4garen kan kontakta dig<br \/>\n\u2022 Om det \u00e4r m\u00f6jligt att n\u00e4rma sig katten, kontrollera om katten \u00e4r \u00f6ronm\u00e4rkt, har tatueringsnummer i v\u00e4nster \u00f6ra, katten kan ocks\u00e5 vara chippad och detta kan kontrolleras av en veterin\u00e4r, djurskyddet Landskrona eller polisen. Om katten \u00e4r id-m\u00e4rkt, b\u00f6r den vara registrerad hos Svenska Kennelklubben eller SVERAK (Sveriges kattklubbars riksf\u00f6rbund).<br \/>\n\u2022 G\u00f6r en polisanm\u00e4lan<br \/>\n\u2022 Efterlys katt\u00e4garen p\u00e5 facebook och p\u00e5 Vilse.nu<br \/>\n\u2022 Annonsera p\u00e5 Blocket under Efterlyst<br \/>\n\u2022 S\u00e4tt upp lappar i olika aff\u00e4rer och p\u00e5 exempelvis lyktstolpar<br \/>\n\u2022 ST\u00c4LL DIG FR\u00c5GAN, HAR JAG M\u00d6JLIGHET ATT TA HAND OM DENNA KATT TILLS \u00c4GAREN \u00c4R FUNNEN ELLER HAR HITTAT EN NY \u00c4GARE.<\/p>\n","protected":false},"excerpt":{"rendered":"<p>MIN KATT HAR SPRUNGIT BORT, HUR G\u00d6R JAG? \u2022 G\u00f6r en polisanm\u00e4lan \u2022 Efterlys katten p\u00e5 facebook och p\u00e5 Vilse.nu \u2022 Annonsera p\u00e5 Blocket under Efterlysning \u2022 S\u00e4tt upp lappar i olika aff\u00e4rer och p\u00e5 exempelvis lyktstolpar \u2022 GL\u00d6M INTE BORT ATT DET B\u00c4STA \u00c4R ATT OM KATTEN \u00c4R \u00d6RONM\u00c4RKT ELLER CHIPPAD OCH REGISTRERAD HOS SVENSKA KENNELKLUBBEN ELLER SVERAK. D\u00c5 \u00c4R DET L\u00c4TTARE F\u00d6R KATTEN ATT KOMMA TILLR\u00c4TTA IGEN. JAG&hellip;<\/p>\n<p><a class=\"more-link\" href=\"https:\/\/www.djurskyddet.se\/landskrona\/tips-rad\/om-din-katt-sprungit-bort-eller-du-hittat-en-katt\/\" title=\"Continue reading &lsquo;Om din katt sprungit bort eller du hittat en katt&rsquo;\">L&auml;s mer<span class=\"meta-nav\">&raquo;<\/span><\/a><\/p>\n","protected":false},"author":3,"featured_media":0,"parent":5510,"menu_order":0,"comment_status":"closed","ping_status":"closed","template":"page-templates\/left-sidebar.php","meta":{"_acf_changed":false,"footnotes":""},"class_list":["post-5567","page","type-page","status-publish","hentry"],"acf":[],"_links":{"self":[{"href":"https:\/\/www.djurskyddet.se\/landskrona\/wp-json\/wp\/v2\/pages\/5567","targetHints":{"allow":["GET"]}}],"collection":[{"href":"https:\/\/www.djurskyddet.se\/landskrona\/wp-json\/wp\/v2\/pages"}],"about":[{"href":"https:\/\/www.djurskyddet.se\/landskrona\/wp-json\/wp\/v2\/types\/page"}],"author":[{"embeddable":true,"href":"https:\/\/www.djurskyddet.se\/landskrona\/wp-json\/wp\/v2\/users\/3"}],"replies":[{"embeddable":true,"href":"https:\/\/www.djurskyddet.se\/landskrona\/wp-json\/wp\/v2\/comments?post=5567"}],"version-history":[{"count":8,"href":"https:\/\/www.djurskyddet.se\/landskrona\/wp-json\/wp\/v2\/pages\/5567\/revisions"}],"predecessor-version":[{"id":9232,"href":"https:\/\/www.djurskyddet.se\/landskrona\/wp-json\/wp\/v2\/pages\/5567\/revisions\/9232"}],"up":[{"embeddable":true,"href":"https:\/\/www.djurskyddet.se\/landskrona\/wp-json\/wp\/v2\/pages\/5510"}],"wp:attachment":[{"href":"https:\/\/www.djurskyddet.se\/landskrona\/wp-json\/wp\/v2\/media?parent=5567"}],"curies":[{"name":"wp","href":"https:\/\/api.w.org\/{rel}","templated":true}]}}