{"id":5575,"date":"2018-09-24T12:21:54","date_gmt":"2018-09-24T12:21:54","guid":{"rendered":"http:\/\/www.djurskyddet.se\/landskrona\/?page_id=5575"},"modified":"2024-09-21T10:00:51","modified_gmt":"2024-09-21T10:00:51","slug":"kontakta-oss","status":"publish","type":"page","link":"https:\/\/www.djurskyddet.se\/landskrona\/om-djurskyddet-landskrona\/om-oss\/kontakta-oss\/","title":{"rendered":"Kontakta oss"},"content":{"rendered":"<p><strong>Postadress:<\/strong><br \/>\nDjurskyddet Landskrona<br \/>\nc\/o Boel Olsson<br \/>\nVengatan 9<br \/>\n261 39 Landskrona<\/p>\n<p><b>Bes\u00f6ksadress:<\/b>\u00a0Vi hyr en lokal i k\u00e4llaren p\u00e5 Larvigatan 17 E.<\/p>\n<p>Kontakta oss enklast genom att maila alternativt via Facebook eller Instagram. Vi har inte alltid m\u00f6jlighet att svara er direkt, men vi \u00e5terkommer s\u00e5 fort vi kan.<\/p>\n<p><strong>E-mail: <\/strong><a href=\"mailto:landskrona@djurskyddet.se\">landskrona@djurskyddet.se<\/a><\/p>\n<p><a href=\"https:\/\/www.facebook.com\/Djurskyddet-Landskrona-385313984828784\/\" target=\"_blank\" rel=\"noopener noreferrer\">Djurskyddet Landskrona p\u00e5 Facebook<\/a><\/p>\n<p><a href=\"https:\/\/www.instagram.com\/djurskyddetlandskrona\/\">Djurskyddet Landskrona p\u00e5 Instagram<\/a><\/p>\n","protected":false},"excerpt":{"rendered":"<p>Postadress: Djurskyddet Landskrona c\/o Boel Olsson Vengatan 9 261 39 Landskrona Bes\u00f6ksadress:\u00a0Vi hyr en lokal i k\u00e4llaren p\u00e5 Larvigatan 17 E. Kontakta oss enklast genom att maila alternativt via Facebook eller Instagram. Vi har inte alltid m\u00f6jlighet att svara er direkt, men vi \u00e5terkommer s\u00e5 fort vi kan. E-mail: landskrona@djurskyddet.se Djurskyddet Landskrona p\u00e5 Facebook Djurskyddet Landskrona p\u00e5 Instagram<\/p>\n","protected":false},"author":3,"featured_media":0,"parent":5504,"menu_order":0,"comment_status":"closed","ping_status":"closed","template":"page-templates\/left-sidebar.php","meta":{"_acf_changed":false,"footnotes":""},"class_list":["post-5575","page","type-page","status-publish","hentry"],"acf":[],"_links":{"self":[{"href":"https:\/\/www.djurskyddet.se\/landskrona\/wp-json\/wp\/v2\/pages\/5575","targetHints":{"allow":["GET"]}}],"collection":[{"href":"https:\/\/www.djurskyddet.se\/landskrona\/wp-json\/wp\/v2\/pages"}],"about":[{"href":"https:\/\/www.djurskyddet.se\/landskrona\/wp-json\/wp\/v2\/types\/page"}],"author":[{"embeddable":true,"href":"https:\/\/www.djurskyddet.se\/landskrona\/wp-json\/wp\/v2\/users\/3"}],"replies":[{"embeddable":true,"href":"https:\/\/www.djurskyddet.se\/landskrona\/wp-json\/wp\/v2\/comments?post=5575"}],"version-history":[{"count":20,"href":"https:\/\/www.djurskyddet.se\/landskrona\/wp-json\/wp\/v2\/pages\/5575\/revisions"}],"predecessor-version":[{"id":11138,"href":"https:\/\/www.djurskyddet.se\/landskrona\/wp-json\/wp\/v2\/pages\/5575\/revisions\/11138"}],"up":[{"embeddable":true,"href":"https:\/\/www.djurskyddet.se\/landskrona\/wp-json\/wp\/v2\/pages\/5504"}],"wp:attachment":[{"href":"https:\/\/www.djurskyddet.se\/landskrona\/wp-json\/wp\/v2\/media?parent=5575"}],"curies":[{"name":"wp","href":"https:\/\/api.w.org\/{rel}","templated":true}]}}