{"id":5594,"date":"2018-09-25T07:15:27","date_gmt":"2018-09-25T07:15:27","guid":{"rendered":"http:\/\/www.djurskyddet.se\/landskrona\/?page_id=5594"},"modified":"2020-01-14T09:44:15","modified_gmt":"2020-01-14T09:44:15","slug":"vb-2014","status":"publish","type":"page","link":"https:\/\/www.djurskyddet.se\/landskrona\/om-djurskyddet-landskrona\/om-oss\/verksamhetsberattelser\/vb-2014\/","title":{"rendered":"Verksamhetsber\u00e4ttelse 2014"},"content":{"rendered":"<h2>Styrelsen har under \u00e5ret haft f\u00f6ljande sammans\u00e4ttning:<\/h2>\n<p><strong>Ordf\u00f6rande:<\/strong> Rebecka Kainulainen<br \/>\n<strong>Vice ordf\u00f6rande:<\/strong> Lena Petersson<br \/>\n<strong>Sekreterare:<\/strong> Eva H\u00e5kansson<br \/>\n<strong>Kass\u00f6r:<\/strong> Susanne M\u00fcller<br \/>\n<strong>Ledam\u00f6ter:<\/strong> Dan Johnsson, Ida Olesen, Anette Nilsson och Britt-Marie Cederstam<br \/>\n<strong>Styrelsesuppleant:<\/strong> Sol-Britt Persson (En suppleant avgick fr\u00e5n sina uppdrag under \u00e5ret.)<br \/>\n<strong>Revisorer:<\/strong> Sarah Andersson, Boel Hansson<br \/>\n<strong>Revisorsuppleant:<\/strong> Susan Joppien<\/p>\n<p>Medlemsantalet har under \u00e5ret 2014 varit 176 medlemmar. &gt;Under \u00e5ret har styrelsen haft 5 ordinarie\u00a0sammantr\u00e4den, 1 konstituerande m\u00f6te inkl. \u00c5rsm\u00f6tet. \u00c5rsm\u00f6tet h\u00f6lls p\u00e5 Larvi Festlokal Larvigatan och f\u00f6rel\u00e4sare var Susanne Hellman Hellstr\u00f6m kattbeteender\u00e5dgivare. Konditori Lorry bj\u00f6d p\u00e5 fika.<\/p>\n<p>Vi har deltagit p\u00e5 kattens dag\/skylts\u00f6ndagen. Vi pratade om djurskydd, delade ut djurskyddsinformation och hade f\u00f6rs\u00e4ljning av lotter samt s\u00e5 har vi haft loppis. Vi har l\u00f6pande tagit hand om djurminnesplatsen med begravningar. Vi har under \u00e5ret tagit hand om 3 katter, som har f\u00e5tt v\u00e5rd och behandling efter behov och omplacerats i nya hem. Flera katter har ocks\u00e5 f\u00e5tt hj\u00e4lp av privatpersoner med st\u00f6d av oss. <em>Under 2014 har kastreringsbidrag l\u00f6pande delats ut till dem som kastrerat sina katter<\/em>. En del samtal har under \u00e5ret inkommit ang\u00e5ende missk\u00f6tsel samt vanv\u00e5rd av djur. R\u00e5d och h\u00e4nvisning ges till olika myndigheter n\u00e4r vi inte sj\u00e4lv kan agera.<\/p>\n<p>Djurskyddet Landskrona tackar sina medlemmar, Djurskyddet Sverige och dess personal samt alla sponsorer f\u00f6r deras st\u00f6d s\u00e5 vi kunnat v\u00e4rna om djurens b\u00e4sta.<br \/>\nF\u00f6reningen hyr lokal p\u00e5 Larvigatan 17 E.<br \/>\nStyrelsen vill framf\u00f6ra sitt tack f\u00f6r visat f\u00f6rtroende.<\/p>\n","protected":false},"excerpt":{"rendered":"<p>Styrelsen har under \u00e5ret haft f\u00f6ljande sammans\u00e4ttning: Ordf\u00f6rande: Rebecka Kainulainen Vice ordf\u00f6rande: Lena Petersson Sekreterare: Eva H\u00e5kansson Kass\u00f6r: Susanne M\u00fcller Ledam\u00f6ter: Dan Johnsson, Ida Olesen, Anette Nilsson och Britt-Marie Cederstam Styrelsesuppleant: Sol-Britt Persson (En suppleant avgick fr\u00e5n sina uppdrag under \u00e5ret.) Revisorer: Sarah Andersson, Boel Hansson Revisorsuppleant: Susan Joppien Medlemsantalet har under \u00e5ret 2014 varit 176 medlemmar. &gt;Under \u00e5ret har styrelsen haft 5 ordinarie\u00a0sammantr\u00e4den, 1 konstituerande m\u00f6te inkl. \u00c5rsm\u00f6tet. \u00c5rsm\u00f6tet&hellip;<\/p>\n<p><a class=\"more-link\" href=\"https:\/\/www.djurskyddet.se\/landskrona\/om-djurskyddet-landskrona\/om-oss\/verksamhetsberattelser\/vb-2014\/\" title=\"Continue reading &lsquo;Verksamhetsber\u00e4ttelse 2014&rsquo;\">L&auml;s mer<span class=\"meta-nav\">&raquo;<\/span><\/a><\/p>\n","protected":false},"author":3,"featured_media":0,"parent":5525,"menu_order":0,"comment_status":"closed","ping_status":"closed","template":"page-templates\/left-sidebar.php","meta":{"_acf_changed":false,"footnotes":""},"class_list":["post-5594","page","type-page","status-publish","hentry"],"acf":[],"_links":{"self":[{"href":"https:\/\/www.djurskyddet.se\/landskrona\/wp-json\/wp\/v2\/pages\/5594","targetHints":{"allow":["GET"]}}],"collection":[{"href":"https:\/\/www.djurskyddet.se\/landskrona\/wp-json\/wp\/v2\/pages"}],"about":[{"href":"https:\/\/www.djurskyddet.se\/landskrona\/wp-json\/wp\/v2\/types\/page"}],"author":[{"embeddable":true,"href":"https:\/\/www.djurskyddet.se\/landskrona\/wp-json\/wp\/v2\/users\/3"}],"replies":[{"embeddable":true,"href":"https:\/\/www.djurskyddet.se\/landskrona\/wp-json\/wp\/v2\/comments?post=5594"}],"version-history":[{"count":8,"href":"https:\/\/www.djurskyddet.se\/landskrona\/wp-json\/wp\/v2\/pages\/5594\/revisions"}],"predecessor-version":[{"id":6061,"href":"https:\/\/www.djurskyddet.se\/landskrona\/wp-json\/wp\/v2\/pages\/5594\/revisions\/6061"}],"up":[{"embeddable":true,"href":"https:\/\/www.djurskyddet.se\/landskrona\/wp-json\/wp\/v2\/pages\/5525"}],"wp:attachment":[{"href":"https:\/\/www.djurskyddet.se\/landskrona\/wp-json\/wp\/v2\/media?parent=5594"}],"curies":[{"name":"wp","href":"https:\/\/api.w.org\/{rel}","templated":true}]}}