{"id":5596,"date":"2018-09-25T07:15:57","date_gmt":"2018-09-25T07:15:57","guid":{"rendered":"http:\/\/www.djurskyddet.se\/landskrona\/?page_id=5596"},"modified":"2020-01-14T09:43:28","modified_gmt":"2020-01-14T09:43:28","slug":"vb-2015","status":"publish","type":"page","link":"https:\/\/www.djurskyddet.se\/landskrona\/om-djurskyddet-landskrona\/om-oss\/verksamhetsberattelser\/vb-2015\/","title":{"rendered":"Verksamhetsber\u00e4ttelse 2015"},"content":{"rendered":"<h2>Styrelsen har under \u00e5ret haft f\u00f6ljande sammans\u00e4ttning:<\/h2>\n<p><strong>Ordf\u00f6rande:<\/strong> Hanny Rosendahl<br \/>\n<strong>Vice ordf\u00f6rande:<\/strong> Britt-Marie Cederstam<br \/>\n<strong>Sekreterare:<\/strong> Eva H\u00e5kansson<br \/>\n<strong>Kass\u00f6r:<\/strong> Susanne M\u00fcller<br \/>\n<strong>Ledam\u00f6ter:<\/strong> Anette Nilsson, Ida Olesen, Lisetth Hagerman<br \/>\n<strong>Styrelsesuppleanter:<\/strong> Sol-Britt Persson, Mona Andersson, Lena Pettersson och Birgitta Kullv\u00e9n<br \/>\n<strong>Revisorer:<\/strong> Boel Hansson, Sarah Andersson<br \/>\n<strong>Revisorsuppleant:<\/strong> Susan Joppien<\/p>\n<p>Medlemsantalet har under \u00e5ret 2015 varit 135 medlemmar. Under \u00e5ret har styrelsen haft 5 ordinarie\u00a0sammantr\u00e4den, 1 konstituerande m\u00f6te inkl. \u00c5rsm\u00f6tet. \u00c5rsm\u00f6tet h\u00f6lls p\u00e5 Larvi Festlokal Larvigatan och f\u00f6rel\u00e4sare var Katarina Lingehag Ekholm som pratade om hur djur t\u00e4nker och k\u00e4nner, det senaste inom kognitionsforskningen.\u00a0Konditori Lorry bj\u00f6d p\u00e5 fika.<\/p>\n<p>Vi har l\u00f6pande tagit hand om djurminnesplatsen med begravningar. Vi har under \u00e5ret tagit hand om 11 katter, som har f\u00e5tt v\u00e5rd och behandling efter behov och\/eller omplacerats i nya hem. Flera katter har ocks\u00e5 f\u00e5tt hj\u00e4lp av privatpersoner med st\u00f6d av oss. <em>Under 2015 har kastreringsbidrag l\u00f6pande delats ut till dem som kastrerat sina katter<\/em>. En del samtal har under \u00e5ret inkommit ang\u00e5ende missk\u00f6tsel samt vanv\u00e5rd av djur. R\u00e5d och h\u00e4nvisning ges till olika myndigheter n\u00e4r vi inte sj\u00e4lv kan agera. Dessutom har f\u00f6reningen bidragit med f\u00e5gelfr\u00f6 till en f\u00f6rskola i Helsingborg (d\u00e4r en i styrelsen arbetar) f\u00f6r st\u00f6dmatning till vintern. Detta f\u00f6r att l\u00e4ra barnen att v\u00e4rna om djur.<\/p>\n<p>Djurskyddet Landskrona tackar sina medlemmar, Djurskyddet Sverige och dess personal samt alla sponsorer f\u00f6r deras st\u00f6d s\u00e5 vi kunnat v\u00e4rna om djurens b\u00e4sta.<br \/>\nF\u00f6reningen hyr lokal p\u00e5 Larvigatan 17 E.<br \/>\nStyrelsen vill framf\u00f6ra sitt tack f\u00f6r visat f\u00f6rtroende.<\/p>\n","protected":false},"excerpt":{"rendered":"<p>Styrelsen har under \u00e5ret haft f\u00f6ljande sammans\u00e4ttning: Ordf\u00f6rande: Hanny Rosendahl Vice ordf\u00f6rande: Britt-Marie Cederstam Sekreterare: Eva H\u00e5kansson Kass\u00f6r: Susanne M\u00fcller Ledam\u00f6ter: Anette Nilsson, Ida Olesen, Lisetth Hagerman Styrelsesuppleanter: Sol-Britt Persson, Mona Andersson, Lena Pettersson och Birgitta Kullv\u00e9n Revisorer: Boel Hansson, Sarah Andersson Revisorsuppleant: Susan Joppien Medlemsantalet har under \u00e5ret 2015 varit 135 medlemmar. Under \u00e5ret har styrelsen haft 5 ordinarie\u00a0sammantr\u00e4den, 1 konstituerande m\u00f6te inkl. \u00c5rsm\u00f6tet. \u00c5rsm\u00f6tet h\u00f6lls p\u00e5 Larvi Festlokal&hellip;<\/p>\n<p><a class=\"more-link\" href=\"https:\/\/www.djurskyddet.se\/landskrona\/om-djurskyddet-landskrona\/om-oss\/verksamhetsberattelser\/vb-2015\/\" title=\"Continue reading &lsquo;Verksamhetsber\u00e4ttelse 2015&rsquo;\">L&auml;s mer<span class=\"meta-nav\">&raquo;<\/span><\/a><\/p>\n","protected":false},"author":3,"featured_media":0,"parent":5525,"menu_order":0,"comment_status":"closed","ping_status":"closed","template":"page-templates\/left-sidebar.php","meta":{"_acf_changed":false,"footnotes":""},"class_list":["post-5596","page","type-page","status-publish","hentry"],"acf":[],"_links":{"self":[{"href":"https:\/\/www.djurskyddet.se\/landskrona\/wp-json\/wp\/v2\/pages\/5596","targetHints":{"allow":["GET"]}}],"collection":[{"href":"https:\/\/www.djurskyddet.se\/landskrona\/wp-json\/wp\/v2\/pages"}],"about":[{"href":"https:\/\/www.djurskyddet.se\/landskrona\/wp-json\/wp\/v2\/types\/page"}],"author":[{"embeddable":true,"href":"https:\/\/www.djurskyddet.se\/landskrona\/wp-json\/wp\/v2\/users\/3"}],"replies":[{"embeddable":true,"href":"https:\/\/www.djurskyddet.se\/landskrona\/wp-json\/wp\/v2\/comments?post=5596"}],"version-history":[{"count":5,"href":"https:\/\/www.djurskyddet.se\/landskrona\/wp-json\/wp\/v2\/pages\/5596\/revisions"}],"predecessor-version":[{"id":6060,"href":"https:\/\/www.djurskyddet.se\/landskrona\/wp-json\/wp\/v2\/pages\/5596\/revisions\/6060"}],"up":[{"embeddable":true,"href":"https:\/\/www.djurskyddet.se\/landskrona\/wp-json\/wp\/v2\/pages\/5525"}],"wp:attachment":[{"href":"https:\/\/www.djurskyddet.se\/landskrona\/wp-json\/wp\/v2\/media?parent=5596"}],"curies":[{"name":"wp","href":"https:\/\/api.w.org\/{rel}","templated":true}]}}