{"id":5598,"date":"2018-09-25T07:16:22","date_gmt":"2018-09-25T07:16:22","guid":{"rendered":"http:\/\/www.djurskyddet.se\/landskrona\/?page_id=5598"},"modified":"2020-01-14T09:41:40","modified_gmt":"2020-01-14T09:41:40","slug":"vb-2016","status":"publish","type":"page","link":"https:\/\/www.djurskyddet.se\/landskrona\/om-djurskyddet-landskrona\/om-oss\/verksamhetsberattelser\/vb-2016\/","title":{"rendered":"Verksamhetsber\u00e4ttelse 2016"},"content":{"rendered":"<h3>Styrelsen har under \u00e5ret haft f\u00f6ljande sammans\u00e4ttning:<\/h3>\n<p><strong>Ordf\u00f6rande:<\/strong> Hanny Rosendahl<br \/>\n<strong>Vice ordf\u00f6rande:<\/strong> Britt-Marie Cederstam,<br \/>\n<strong>Sekreterare:<\/strong> Eva H\u00e5kansson<br \/>\n<strong>Kass\u00f6r:<\/strong> Carina Trede.<br \/>\n<strong>Ledam\u00f6ter:<\/strong> Dan Johnsson, Anette Nilsson, Kerstin Nilsson och Ida Olesen.<br \/>\n<strong>Styrelsesuppleanter:<\/strong> Mona Andersson och Lena Pettersson.<br \/>\n<strong>Revisorer:<\/strong> Boel Hansson, Sarah Andersson<br \/>\n<strong>Revisorsuppleant:<\/strong> Annie Rosendahl.<\/p>\n<p>En ledamot och en suppleant avgick fr\u00e5n sina uppdrag under \u00e5ret. Medlemsantalet har under \u00e5ret 2016 varit 134 medlemmar. Under \u00e5ret har styrelsen haft 5 ordinarie sammantr\u00e4den, 1 konstituerande m\u00f6te inkl. \u00e5rsm\u00f6tet. \u00c5rsm\u00f6tet h\u00f6lls p\u00e5 Larvi Festlokal Larvigatan. \u00c5sa Hagelstedt fr\u00e5n Djurskyddet Sverige deltog vid m\u00f6tet d\u00e5 styrelsen kontaktat henne och bett om hj\u00e4lp och st\u00f6d f\u00f6r att r\u00e4dda en f\u00f6rening i kris. Konditori Lorry bj\u00f6d p\u00e5 fika.<\/p>\n<p>Vi har l\u00f6pande tagit hand om djurminnesplatsen med begravningar. Vi har under \u00e5ret tagit hand om 10 katter, 4 marsvin och 1 kanin, som har f\u00e5tt v\u00e5rd och behandling efter behov och\/eller omplacerats i nya hem. Flera katter har ocks\u00e5 f\u00e5tt hj\u00e4lp av privatpersoner med st\u00f6d av oss. Under 2016 har kastreringsbidrag l\u00f6pande delats ut till dem som kastrerat sina katter. En del samtal har under \u00e5ret inkommit ang\u00e5ende missk\u00f6tsel samt vanv\u00e5rd av djur. R\u00e5d och h\u00e4nvisning ges till olika myndigheter n\u00e4r vi inte sj\u00e4lv kan agera. Vi har st\u00e5tt p\u00e5 torget och informerat om v\u00e5r f\u00f6rening, deltagit p\u00e5 karnevalen och st\u00e5tt utanf\u00f6r Spiggens djuraff\u00e4r till jul. Vi har \u00e4ven haft loppis i v\u00e5r lokal.<\/p>\n<p>Djurskyddet Landskrona tackar sina medlemmar, Djurskyddet Sverige och dess personal samt alla sponsorer f\u00f6r deras st\u00f6d s\u00e5 vi kunnat v\u00e4rna om djurens b\u00e4sta.<br \/>\nF\u00f6reningen hyr lokal p\u00e5 Larvigatan 17 E.<br \/>\nStyrelsen vill framf\u00f6ra sitt tack f\u00f6r visat f\u00f6rtroende.<\/p>\n","protected":false},"excerpt":{"rendered":"<p>Styrelsen har under \u00e5ret haft f\u00f6ljande sammans\u00e4ttning: Ordf\u00f6rande: Hanny Rosendahl Vice ordf\u00f6rande: Britt-Marie Cederstam, Sekreterare: Eva H\u00e5kansson Kass\u00f6r: Carina Trede. Ledam\u00f6ter: Dan Johnsson, Anette Nilsson, Kerstin Nilsson och Ida Olesen. Styrelsesuppleanter: Mona Andersson och Lena Pettersson. Revisorer: Boel Hansson, Sarah Andersson Revisorsuppleant: Annie Rosendahl. En ledamot och en suppleant avgick fr\u00e5n sina uppdrag under \u00e5ret. Medlemsantalet har under \u00e5ret 2016 varit 134 medlemmar. Under \u00e5ret har styrelsen haft 5 ordinarie&hellip;<\/p>\n<p><a class=\"more-link\" href=\"https:\/\/www.djurskyddet.se\/landskrona\/om-djurskyddet-landskrona\/om-oss\/verksamhetsberattelser\/vb-2016\/\" title=\"Continue reading &lsquo;Verksamhetsber\u00e4ttelse 2016&rsquo;\">L&auml;s mer<span class=\"meta-nav\">&raquo;<\/span><\/a><\/p>\n","protected":false},"author":3,"featured_media":0,"parent":5525,"menu_order":0,"comment_status":"closed","ping_status":"closed","template":"page-templates\/left-sidebar.php","meta":{"_acf_changed":false,"footnotes":""},"class_list":["post-5598","page","type-page","status-publish","hentry"],"acf":[],"_links":{"self":[{"href":"https:\/\/www.djurskyddet.se\/landskrona\/wp-json\/wp\/v2\/pages\/5598","targetHints":{"allow":["GET"]}}],"collection":[{"href":"https:\/\/www.djurskyddet.se\/landskrona\/wp-json\/wp\/v2\/pages"}],"about":[{"href":"https:\/\/www.djurskyddet.se\/landskrona\/wp-json\/wp\/v2\/types\/page"}],"author":[{"embeddable":true,"href":"https:\/\/www.djurskyddet.se\/landskrona\/wp-json\/wp\/v2\/users\/3"}],"replies":[{"embeddable":true,"href":"https:\/\/www.djurskyddet.se\/landskrona\/wp-json\/wp\/v2\/comments?post=5598"}],"version-history":[{"count":6,"href":"https:\/\/www.djurskyddet.se\/landskrona\/wp-json\/wp\/v2\/pages\/5598\/revisions"}],"predecessor-version":[{"id":6058,"href":"https:\/\/www.djurskyddet.se\/landskrona\/wp-json\/wp\/v2\/pages\/5598\/revisions\/6058"}],"up":[{"embeddable":true,"href":"https:\/\/www.djurskyddet.se\/landskrona\/wp-json\/wp\/v2\/pages\/5525"}],"wp:attachment":[{"href":"https:\/\/www.djurskyddet.se\/landskrona\/wp-json\/wp\/v2\/media?parent=5598"}],"curies":[{"name":"wp","href":"https:\/\/api.w.org\/{rel}","templated":true}]}}