{"id":5600,"date":"2018-09-25T07:16:46","date_gmt":"2018-09-25T07:16:46","guid":{"rendered":"http:\/\/www.djurskyddet.se\/landskrona\/?page_id=5600"},"modified":"2020-01-14T09:39:44","modified_gmt":"2020-01-14T09:39:44","slug":"vb-2017","status":"publish","type":"page","link":"https:\/\/www.djurskyddet.se\/landskrona\/om-djurskyddet-landskrona\/om-oss\/verksamhetsberattelser\/vb-2017\/","title":{"rendered":"Verksamhetsber\u00e4ttelse 2017"},"content":{"rendered":"<h3>Styrelsen har under \u00e5ret haft f\u00f6ljande sammans\u00e4ttning:<\/h3>\n<p><strong>Ordf\u00f6rande:<\/strong> Hanny Rosendahl<br \/>\n<strong>Vice ordf\u00f6rande:<\/strong> Britt-Marie Cederstam<br \/>\n<strong>Sekreterare:<\/strong> Eva H\u00e5kansson<br \/>\n<strong>Kass\u00f6r:<\/strong> Carina Trede<br \/>\n<strong>Ledam\u00f6ter:<\/strong> Dan Johnsson, Anette Nilsson, Kerstin Nilsson och Ida Olesen.<br \/>\n<strong>Styrelsesuppleanter:<\/strong> Susan Joppien och Lena Pettersson.<br \/>\n<strong>Revisorer:<\/strong> Boel Hansson och Sarah Andersson.<br \/>\n<strong>Revisorsuppleant:<\/strong> Anni Rosendahl.<\/p>\n<p>Tre ledam\u00f6ter har hoppat av under \u00e5ret. Medlemsantalet har under \u00e5ret 2017 varit 99 medlemmar. Under \u00e5ret har styrelsen haft 8 ordinarie sammantr\u00e4den, 1 konstituerande m\u00f6te inkl. \u00e5rsm\u00f6tet. \u00c5rsm\u00f6tet h\u00f6lls p\u00e5 Larvi Festlokal Larvigatan. Konditori Lorry bj\u00f6d p\u00e5 fika.<\/p>\n<p>Vi har l\u00f6pande tagit hand om djurminnesplatsen med begravningar. Vi har under \u00e5ret tagit hand om 10 katter och 2 kaniner, som har f\u00e5tt v\u00e5rd och behandling efter behov och\/eller omplacerats i nya hem. Flera katter har ocks\u00e5 f\u00e5tt hj\u00e4lp av privatpersoner med st\u00f6d av oss. Vi har inf\u00f6rskaffat tv\u00e5 nya f\u00e4llor, som vi ofta l\u00e5nar ut som en service till allm\u00e4nheten n\u00e4r vi inte sj\u00e4lva beh\u00f6ver dem. <em>Under 2017 har kastreringsbidrag l\u00f6pande delats ut till dem som kastrerat sina katter.<\/em> Utbetalade kastreringsbidrag har \u00f6kat kraftigt sedan vi h\u00f6jde ers\u00e4ttningen 170401 till 200 kr\/hane och 300 kr\/hona, vilket vi sj\u00e4lvklart tycker \u00e4r mycket positivt. En del samtal har under \u00e5ret inkommit ang\u00e5ende missk\u00f6tsel samt vanv\u00e5rd av djur. Vi ger r\u00e5d och h\u00e4nvisar till olika myndigheter n\u00e4r vi inte sj\u00e4lv kan agera. Vi har st\u00e5tt p\u00e5 torget och informerat om v\u00e5r f\u00f6rening, deltagit p\u00e5 karnevalen och st\u00e5tt utanf\u00f6r Spiggens djuraff\u00e4r under deras jubileumsdagar i september samt till jul. Vi har \u00e4ven st\u00e5tt p\u00e5 bakluckeloppis.<\/p>\n<p>Djurskyddet Landskrona tackar sina medlemmar, Djurskyddet Sverige och dess personal samt alla sponsorer f\u00f6r deras st\u00f6d s\u00e5 vi kunnat v\u00e4rna om djurens b\u00e4sta.<br \/>\nF\u00f6reningen hyr lokal p\u00e5 Larvigatan 17 E.<br \/>\nStyrelsen vill framf\u00f6ra sitt tack f\u00f6r visat f\u00f6rtroende.<\/p>\n","protected":false},"excerpt":{"rendered":"<p>Styrelsen har under \u00e5ret haft f\u00f6ljande sammans\u00e4ttning: Ordf\u00f6rande: Hanny Rosendahl Vice ordf\u00f6rande: Britt-Marie Cederstam Sekreterare: Eva H\u00e5kansson Kass\u00f6r: Carina Trede Ledam\u00f6ter: Dan Johnsson, Anette Nilsson, Kerstin Nilsson och Ida Olesen. Styrelsesuppleanter: Susan Joppien och Lena Pettersson. Revisorer: Boel Hansson och Sarah Andersson. Revisorsuppleant: Anni Rosendahl. Tre ledam\u00f6ter har hoppat av under \u00e5ret. Medlemsantalet har under \u00e5ret 2017 varit 99 medlemmar. Under \u00e5ret har styrelsen haft 8 ordinarie sammantr\u00e4den, 1 konstituerande&hellip;<\/p>\n<p><a class=\"more-link\" href=\"https:\/\/www.djurskyddet.se\/landskrona\/om-djurskyddet-landskrona\/om-oss\/verksamhetsberattelser\/vb-2017\/\" title=\"Continue reading &lsquo;Verksamhetsber\u00e4ttelse 2017&rsquo;\">L&auml;s mer<span class=\"meta-nav\">&raquo;<\/span><\/a><\/p>\n","protected":false},"author":3,"featured_media":0,"parent":5525,"menu_order":0,"comment_status":"closed","ping_status":"closed","template":"page-templates\/left-sidebar.php","meta":{"_acf_changed":false,"footnotes":""},"class_list":["post-5600","page","type-page","status-publish","hentry"],"acf":[],"_links":{"self":[{"href":"https:\/\/www.djurskyddet.se\/landskrona\/wp-json\/wp\/v2\/pages\/5600","targetHints":{"allow":["GET"]}}],"collection":[{"href":"https:\/\/www.djurskyddet.se\/landskrona\/wp-json\/wp\/v2\/pages"}],"about":[{"href":"https:\/\/www.djurskyddet.se\/landskrona\/wp-json\/wp\/v2\/types\/page"}],"author":[{"embeddable":true,"href":"https:\/\/www.djurskyddet.se\/landskrona\/wp-json\/wp\/v2\/users\/3"}],"replies":[{"embeddable":true,"href":"https:\/\/www.djurskyddet.se\/landskrona\/wp-json\/wp\/v2\/comments?post=5600"}],"version-history":[{"count":10,"href":"https:\/\/www.djurskyddet.se\/landskrona\/wp-json\/wp\/v2\/pages\/5600\/revisions"}],"predecessor-version":[{"id":6056,"href":"https:\/\/www.djurskyddet.se\/landskrona\/wp-json\/wp\/v2\/pages\/5600\/revisions\/6056"}],"up":[{"embeddable":true,"href":"https:\/\/www.djurskyddet.se\/landskrona\/wp-json\/wp\/v2\/pages\/5525"}],"wp:attachment":[{"href":"https:\/\/www.djurskyddet.se\/landskrona\/wp-json\/wp\/v2\/media?parent=5600"}],"curies":[{"name":"wp","href":"https:\/\/api.w.org\/{rel}","templated":true}]}}