{"id":6018,"date":"2023-10-09T00:00:37","date_gmt":"2023-10-09T00:00:37","guid":{"rendered":"https:\/\/www.djurskyddet.se\/landskrona\/?page_id=6018"},"modified":"2026-04-15T17:38:54","modified_gmt":"2026-04-15T17:38:54","slug":"styrelsen","status":"publish","type":"page","link":"https:\/\/www.djurskyddet.se\/landskrona\/styrelsen\/","title":{"rendered":"Styrelsen 2026"},"content":{"rendered":"\n<p><strong>Ordf\u00f6rande<\/strong><br>Boel Olsson&nbsp;<\/p>\n\n\n\n<p><strong>Vice Ordf\u00f6rande<\/strong><br>Britt-Marie Cederstam<\/p>\n\n\n\n<p><strong>Kass\u00f6r<\/strong><br>Carina Trede<\/p>\n\n\n\n<p><strong>Sekreterare<\/strong><br>Eva H\u00e5kansson&nbsp;<\/p>\n\n\n\n<p><strong>Styrelseledam\u00f6ter<\/strong><\/p>\n\n\n\n<p>Susan Joppien<br><\/p>\n\n\n\n<p><\/p>\n\n\n\n<p><\/p>\n","protected":false},"excerpt":{"rendered":"<p>Ordf\u00f6randeBoel Olsson&nbsp; Vice Ordf\u00f6randeBritt-Marie Cederstam Kass\u00f6rCarina Trede SekreterareEva H\u00e5kansson&nbsp; Styrelseledam\u00f6ter Susan Joppien<\/p>\n","protected":false},"author":3,"featured_media":0,"parent":0,"menu_order":0,"comment_status":"closed","ping_status":"closed","template":"","meta":{"_acf_changed":false,"footnotes":""},"class_list":["post-6018","page","type-page","status-publish","hentry"],"acf":[],"_links":{"self":[{"href":"https:\/\/www.djurskyddet.se\/landskrona\/wp-json\/wp\/v2\/pages\/6018","targetHints":{"allow":["GET"]}}],"collection":[{"href":"https:\/\/www.djurskyddet.se\/landskrona\/wp-json\/wp\/v2\/pages"}],"about":[{"href":"https:\/\/www.djurskyddet.se\/landskrona\/wp-json\/wp\/v2\/types\/page"}],"author":[{"embeddable":true,"href":"https:\/\/www.djurskyddet.se\/landskrona\/wp-json\/wp\/v2\/users\/3"}],"replies":[{"embeddable":true,"href":"https:\/\/www.djurskyddet.se\/landskrona\/wp-json\/wp\/v2\/comments?post=6018"}],"version-history":[{"count":15,"href":"https:\/\/www.djurskyddet.se\/landskrona\/wp-json\/wp\/v2\/pages\/6018\/revisions"}],"predecessor-version":[{"id":12524,"href":"https:\/\/www.djurskyddet.se\/landskrona\/wp-json\/wp\/v2\/pages\/6018\/revisions\/12524"}],"wp:attachment":[{"href":"https:\/\/www.djurskyddet.se\/landskrona\/wp-json\/wp\/v2\/media?parent=6018"}],"curies":[{"name":"wp","href":"https:\/\/api.w.org\/{rel}","templated":true}]}}