{"id":6050,"date":"2019-12-19T11:49:32","date_gmt":"2019-12-19T11:49:32","guid":{"rendered":"https:\/\/www.djurskyddet.se\/landskrona\/?page_id=6050"},"modified":"2021-05-26T18:25:04","modified_gmt":"2021-05-26T18:25:04","slug":"verksamhetsberattelse-2018","status":"publish","type":"page","link":"https:\/\/www.djurskyddet.se\/landskrona\/om-djurskyddet-landskrona\/om-oss\/verksamhetsberattelser\/verksamhetsberattelse-2018\/","title":{"rendered":"Verksamhetsber\u00e4ttelse 2018"},"content":{"rendered":"\n<p class=\"has-medium-font-size\">Styrelsen har under \u00e5ret haft f\u00f6ljande sammans\u00e4ttning:<\/p>\n\n\n\n<p><strong>Ordf\u00f6rande:<\/strong> Hanny Rosendahl <br><strong>Vice ordf\u00f6rande<\/strong> Britt-Marie Cederstam<br><strong>Sekreterare:<\/strong> Eva H\u00e5kansson <br><strong>Kass\u00f6r:<\/strong> Carina Trede<br><strong>Ledam\u00f6ter:<\/strong> Anette Nilsson, Sanne Kilemar och Olle Wallin<br><strong>Styrelsesuppleanter:<\/strong> Susan Joppien och Lena Pettersson.<\/p>\n\n\n\n<p><strong>Revisorer:<\/strong> Boel Hansson och vakant Revisorsuppleant: Vakant<br>Tv\u00e5 ledam\u00f6ter har hoppat av under \u00e5ret.<\/p>\n\n\n\n<p>Medlemsantalet har under \u00e5ret 2018 varit&nbsp;113 samt 13 friex&nbsp;medlemmar.<\/p>\n\n\n\n<p>Under \u00e5ret har styrelsen haft&nbsp;8&nbsp;ordinarie&nbsp;sammantr\u00e4den, 1 konstituerande m\u00f6te inkl. \u00e5rsm\u00f6tet. \u00c5rsm\u00f6tet h\u00f6lls p\u00e5 Larvi Festlokal Larvigatan. Inbjuden f\u00f6rel\u00e4sare var Jeanette Thelander, fil kand i psykologi, fil mag i etnologi, f\u00f6rfattare och journalist, som h\u00f6ll ett intressant f\u00f6redrag om hur djur t\u00e4nker och uppfattar verkligheten. Det har varit ett aktivt \u00e5r d\u00e4r vi har tagit hand om&nbsp;19 katter och 1 hund, som har f\u00e5tt v\u00e5rd och behandling efter behov och\/eller omplacerats i nya hem.&nbsp;Vi har ocks\u00e5 ansvar f\u00f6r 3 TNR (Trap Neuter Return)-katter, Precious, Blacky och Brutus i ett koloniomr\u00e5de i Landskrona. Precious finns nu i ett st\u00f6dhem sedan slutet av december. Daglig tillsyn och omh\u00e4ndertagande sk\u00f6ts av en ledamot i styrelsen. <\/p>\n\n\n\n<p>I somras fick vi k\u00e4nnedom om en kattkoloni i Ekeby och best\u00e4mde oss f\u00f6r att g\u00f6ra ett f\u00f6rs\u00f6k med TNR-modellen&nbsp;\u00e4ven f\u00f6r dessa katter. Tyv\u00e4rr visade sig flera av katterna vara s\u00e5 pass sjuka att vi i samr\u00e5d med veterin\u00e4r tvingades ta beslut om avlivning. De katter som m\u00e5dde b\u00e4ttre hade \u00e4nd\u00e5 stora v\u00e5rdbehov och har tagits in f\u00f6r omplacering. \u00c4ven flera andra katter vi tagit oss an under \u00e5ret har varit i d\u00e5ligt skick ock kr\u00e4vt omfattande veterin\u00e4rbehandling. Flera katter har ocks\u00e5 f\u00e5tt hj\u00e4lp av privatpersoner med st\u00f6d av oss.&nbsp;En del samtal har under \u00e5ret inkommit ang\u00e5ende missk\u00f6tsel samt vanv\u00e5rd av djur. Vi ger r\u00e5d och h\u00e4nvisar till olika myndigheter n\u00e4r vi inte sj\u00e4lv kan agera.&nbsp;<em>Under 2018 har kastreringsbidrag l\u00f6pande delats ut till dem som kastrerat sina katter<\/em>. Vi har l\u00f6pande tagit hand om djurminnesplatsen med sk\u00f6tsel samt begravningar. Vi har under \u00e5ret haft en insamlingsl\u00e5da f\u00f6r kattmat p\u00e5 Kvantum och st\u00f6ttat Tassebo, Matelvan och Malvan med den mat vi inte sj\u00e4lva beh\u00f6vt. Vi har deltagit p\u00e5 karnevalen och st\u00e5tt utanf\u00f6r Spiggens djuraff\u00e4r till jul.<\/p>\n\n\n\n<p>Djurskyddet Landskrona tackar sina medlemmar, Djurskyddet Sverige och dess personal samt alla sponsorer f\u00f6r deras st\u00f6d s\u00e5 vi kunnat v\u00e4rna om djurens b\u00e4sta.<\/p>\n\n\n\n<p>F\u00f6reningen hyr lokal p\u00e5 Larvigatan 17 E<\/p>\n\n\n\n<p>Styrelsen vill framf\u00f6ra sitt tack f\u00f6r visat f\u00f6rtroende.<\/p>\n","protected":false},"excerpt":{"rendered":"<p>Styrelsen har under \u00e5ret haft f\u00f6ljande sammans\u00e4ttning: Ordf\u00f6rande: Hanny Rosendahl Vice ordf\u00f6rande Britt-Marie CederstamSekreterare: Eva H\u00e5kansson Kass\u00f6r: Carina TredeLedam\u00f6ter: Anette Nilsson, Sanne Kilemar och Olle WallinStyrelsesuppleanter: Susan Joppien och Lena Pettersson. Revisorer: Boel Hansson och vakant Revisorsuppleant: VakantTv\u00e5 ledam\u00f6ter har hoppat av under \u00e5ret. Medlemsantalet har under \u00e5ret 2018 varit&nbsp;113 samt 13 friex&nbsp;medlemmar. Under \u00e5ret har styrelsen haft&nbsp;8&nbsp;ordinarie&nbsp;sammantr\u00e4den, 1 konstituerande m\u00f6te inkl. \u00e5rsm\u00f6tet. \u00c5rsm\u00f6tet h\u00f6lls p\u00e5 Larvi Festlokal Larvigatan. Inbjuden&hellip;<\/p>\n<p><a class=\"more-link\" href=\"https:\/\/www.djurskyddet.se\/landskrona\/om-djurskyddet-landskrona\/om-oss\/verksamhetsberattelser\/verksamhetsberattelse-2018\/\" title=\"Continue reading &lsquo;Verksamhetsber\u00e4ttelse 2018&rsquo;\">L&auml;s mer<span class=\"meta-nav\">&raquo;<\/span><\/a><\/p>\n","protected":false},"author":3,"featured_media":0,"parent":5525,"menu_order":0,"comment_status":"closed","ping_status":"closed","template":"left-sidebar.php","meta":{"_acf_changed":false,"footnotes":""},"class_list":["post-6050","page","type-page","status-publish","hentry"],"acf":[],"_links":{"self":[{"href":"https:\/\/www.djurskyddet.se\/landskrona\/wp-json\/wp\/v2\/pages\/6050","targetHints":{"allow":["GET"]}}],"collection":[{"href":"https:\/\/www.djurskyddet.se\/landskrona\/wp-json\/wp\/v2\/pages"}],"about":[{"href":"https:\/\/www.djurskyddet.se\/landskrona\/wp-json\/wp\/v2\/types\/page"}],"author":[{"embeddable":true,"href":"https:\/\/www.djurskyddet.se\/landskrona\/wp-json\/wp\/v2\/users\/3"}],"replies":[{"embeddable":true,"href":"https:\/\/www.djurskyddet.se\/landskrona\/wp-json\/wp\/v2\/comments?post=6050"}],"version-history":[{"count":4,"href":"https:\/\/www.djurskyddet.se\/landskrona\/wp-json\/wp\/v2\/pages\/6050\/revisions"}],"predecessor-version":[{"id":6059,"href":"https:\/\/www.djurskyddet.se\/landskrona\/wp-json\/wp\/v2\/pages\/6050\/revisions\/6059"}],"up":[{"embeddable":true,"href":"https:\/\/www.djurskyddet.se\/landskrona\/wp-json\/wp\/v2\/pages\/5525"}],"wp:attachment":[{"href":"https:\/\/www.djurskyddet.se\/landskrona\/wp-json\/wp\/v2\/media?parent=6050"}],"curies":[{"name":"wp","href":"https:\/\/api.w.org\/{rel}","templated":true}]}}