{"id":6415,"date":"2020-03-26T19:00:35","date_gmt":"2020-03-26T19:00:35","guid":{"rendered":"https:\/\/www.djurskyddet.se\/landskrona\/?page_id=6415"},"modified":"2022-05-06T18:15:56","modified_gmt":"2022-05-06T18:15:56","slug":"verksamhetsberattelse-2019","status":"publish","type":"page","link":"https:\/\/www.djurskyddet.se\/landskrona\/om-djurskyddet-landskrona\/om-oss\/verksamhetsberattelser\/verksamhetsberattelse-2019\/","title":{"rendered":"Verksamhetsber\u00e4ttelse 2019"},"content":{"rendered":"\n<p>Styrelsen har under \u00e5ret haft f\u00f6ljande sammans\u00e4ttning Ordf\u00f6rande: Hanny Rosendahl Vice ordf\u00f6rande Britt-Marie Cederstam Sekreterare: Eva H\u00e5kansson Kass\u00f6r: Carina Trede Ledam\u00f6ter: Susan Joppien, Anette Nilsson och Boel Olsson Styrelsesuppleant: Lena Pettersson.  Revisorer: Carina Hansson och vakant  Revisorsuppleant:  Vakant Medlemsantalet har under \u00e5ret 2019 varit 112 samt 13 friex medlemmar.<\/p>\n\n\n\n<p> Under \u00e5ret har styrelsen haft 9 ordinarie sammantr\u00e4den, 1 konstituerande m\u00f6te inkl. \u00e5rsm\u00f6tet. \u00c5rsm\u00f6tet h\u00f6lls p\u00e5 Larvi Festlokal Larvigatan. Inbjuden f\u00f6rel\u00e4sare var hundpsykolog\/beteendeutredare Marie Koenen som driver f\u00f6retaget Byracka forever. Hon h\u00f6ll ett intressant f\u00f6redrag om hundars beteende, sociala struktur och positiv berikning.<\/p>\n\n\n\n<p>  I juni fick vi ett n\u00f6drop fr\u00e5n en familj i Vadensj\u00f6, de hade fler katter \u00e4n de kunde hantera och vi beslutade att hj\u00e4lpa till. Det slutade med ett stort antal katter, vi fick hj\u00e4lp med n\u00e5gra katter via andra djurskyddare men vi hade \u00e4nd\u00e5 m\u00e5nga katter kvar, cirka 25 stycken (vuxna och ungar). Projektet har inneburit h\u00f6ga kostnader f\u00f6r oss innefattande veterin\u00e4rkostnader, medicin, mat\/specialfoder och kattsand. Vi s\u00f6kte och fick 20 000 kr i bidrag fr\u00e5n Willy och Berit Heymans djurskyddsstiftelse, vilket var en v\u00e4lkommen och v\u00e4lbeh\u00f6vlig hj\u00e4lp. N\u00e4stan alla katterna i detta projekt har idag f\u00e5tt nya hem. Vi har sammanlagt tagit hand om 37 katter, som har f\u00e5tt v\u00e5rd och behandling efter behov och\/eller omplacerats i nya hem. Vi har ocks\u00e5  ansvar f\u00f6r 2 TNR (Trap Neuter Return)-katter, Blacky och Brutus, i ett koloniomr\u00e5de i Landskrona. Daglig tillsyn och omh\u00e4ndertagande sk\u00f6ts av en ledamot i styrelsen. 3 katter som vi tog in under \u00e5ret kunde efter en kortare tid i jourhem \u00e5terf\u00f6renas med sin \u00e4gare. Flera katter har ocks\u00e5 f\u00e5tt hj\u00e4lp av privatpersoner med st\u00f6d av oss. En del samtal har under \u00e5ret inkommit ang\u00e5ende missk\u00f6tsel samt vanv\u00e5rd av djur. Vi ger r\u00e5d och h\u00e4nvisar till olika myndigheter n\u00e4r vi inte sj\u00e4lv kan agera. Under 2019 har kastreringsbidrag p\u00e5 en total summa av 4900 kr l\u00f6pande delats ut till dem som kastrerat sina katter. Vi har l\u00f6pande tagit hand om djurminnesplatsen med sk\u00f6tsel samt begravningar. Vi har under \u00e5ret haft en insamlingsl\u00e5da f\u00f6r kattmat p\u00e5 Kvantum och st\u00f6ttat Malvan med den mat vi inte sj\u00e4lva beh\u00f6vt. Ink\u00f6p av privatpersoner via Sponsorhuset.se har ocks\u00e5 gett ett bidrag till f\u00f6reningen. Vi har deltagit p\u00e5 karnevalen och st\u00e5tt p\u00e5 stadens julmarknad till f\u00f6rsta advent. Vi har varit och \u00e4r mycket aktiva p\u00e5 facebook eftersom det \u00e4r ett bra s\u00e4tt att snabbt n\u00e5 ut till m\u00e5nga. Vi har delat information och kampanjer fr\u00e5n Djurskyddet Sverige, meddelande om bortsprungna och upphittade katter i Landskronaomr\u00e5det, katter som genom Djurskyddet Landskrona s\u00f6ker nya hem, evenemang och h\u00e4ndelser m.m. Vi har \u00e4ven haft lotterier och insamlingar till st\u00f6d f\u00f6r v\u00e5r f\u00f6rening och f\u00f6r att f\u00e5 in pengar till v\u00e5rd och kastrering av katter som vi tagit in. Vi har idag 1277 f\u00f6ljare p\u00e5 v\u00e5r facebooksida.  Djurskyddet Landskrona tackar sina medlemmar, Djurskyddet Sverige och dess personal samt alla sponsorer f\u00f6r deras st\u00f6d s\u00e5 vi kunnat v\u00e4rna om djurens b\u00e4sta. F\u00f6reningen hyr lokal p\u00e5 Larvigatan 17 E Styrelsen vill framf\u00f6ra sitt tack f\u00f6r visat f\u00f6rtroende.<\/p>\n","protected":false},"excerpt":{"rendered":"<p>Styrelsen har under \u00e5ret haft f\u00f6ljande sammans\u00e4ttning Ordf\u00f6rande: Hanny Rosendahl Vice ordf\u00f6rande Britt-Marie Cederstam Sekreterare: Eva H\u00e5kansson Kass\u00f6r: Carina Trede Ledam\u00f6ter: Susan Joppien, Anette Nilsson och Boel Olsson Styrelsesuppleant: Lena Pettersson. Revisorer: Carina Hansson och vakant Revisorsuppleant: Vakant Medlemsantalet har under \u00e5ret 2019 varit 112 samt 13 friex medlemmar. Under \u00e5ret har styrelsen haft 9 ordinarie sammantr\u00e4den, 1 konstituerande m\u00f6te inkl. \u00e5rsm\u00f6tet. \u00c5rsm\u00f6tet h\u00f6lls p\u00e5 Larvi Festlokal Larvigatan. Inbjuden f\u00f6rel\u00e4sare&hellip;<\/p>\n<p><a class=\"more-link\" href=\"https:\/\/www.djurskyddet.se\/landskrona\/om-djurskyddet-landskrona\/om-oss\/verksamhetsberattelser\/verksamhetsberattelse-2019\/\" title=\"Continue reading &lsquo;Verksamhetsber\u00e4ttelse 2019&rsquo;\">L&auml;s mer<span class=\"meta-nav\">&raquo;<\/span><\/a><\/p>\n","protected":false},"author":27,"featured_media":0,"parent":5525,"menu_order":0,"comment_status":"closed","ping_status":"closed","template":"page-templates\/left-sidebar.php","meta":{"_acf_changed":false,"footnotes":""},"class_list":["post-6415","page","type-page","status-publish","hentry"],"acf":[],"_links":{"self":[{"href":"https:\/\/www.djurskyddet.se\/landskrona\/wp-json\/wp\/v2\/pages\/6415","targetHints":{"allow":["GET"]}}],"collection":[{"href":"https:\/\/www.djurskyddet.se\/landskrona\/wp-json\/wp\/v2\/pages"}],"about":[{"href":"https:\/\/www.djurskyddet.se\/landskrona\/wp-json\/wp\/v2\/types\/page"}],"author":[{"embeddable":true,"href":"https:\/\/www.djurskyddet.se\/landskrona\/wp-json\/wp\/v2\/users\/27"}],"replies":[{"embeddable":true,"href":"https:\/\/www.djurskyddet.se\/landskrona\/wp-json\/wp\/v2\/comments?post=6415"}],"version-history":[{"count":3,"href":"https:\/\/www.djurskyddet.se\/landskrona\/wp-json\/wp\/v2\/pages\/6415\/revisions"}],"predecessor-version":[{"id":6418,"href":"https:\/\/www.djurskyddet.se\/landskrona\/wp-json\/wp\/v2\/pages\/6415\/revisions\/6418"}],"up":[{"embeddable":true,"href":"https:\/\/www.djurskyddet.se\/landskrona\/wp-json\/wp\/v2\/pages\/5525"}],"wp:attachment":[{"href":"https:\/\/www.djurskyddet.se\/landskrona\/wp-json\/wp\/v2\/media?parent=6415"}],"curies":[{"name":"wp","href":"https:\/\/api.w.org\/{rel}","templated":true}]}}