{"id":6780,"date":"2020-08-21T17:11:39","date_gmt":"2020-08-21T17:11:39","guid":{"rendered":"https:\/\/www.djurskyddet.se\/landskrona\/?page_id=6780"},"modified":"2024-06-08T10:03:52","modified_gmt":"2024-06-08T10:03:52","slug":"minnesplats-2","status":"publish","type":"page","link":"https:\/\/www.djurskyddet.se\/landskrona\/minnesplats-2\/","title":{"rendered":"Minnesplats"},"content":{"rendered":"\n<p>En\n\u00e4lskad familjemedlem l\u00e4mnar alltid ett stort tomrum efter sig, vare\nsig det \u00e4r en m\u00e4nniska eller ett husdjur. D\u00e4rf\u00f6r anser vi p\u00e5\nDjurskyddet Landskrona att det \u00e4r viktigt att \u00e4ven v\u00e5ra husdjur\nges m\u00f6jlighet att f\u00e5 en vacker sista viloplats, d\u00e4r det finns\nm\u00f6jlighet f\u00f6r den \u00f6vriga familjen att regelbundet bes\u00f6ka den\nsaknade familjemedlemmen.\n\nKanske\nf\u00f6r en stunds tyst kontemplation, en kort pratstund eller helt\nenkelt en plats d\u00e4r man har m\u00f6jlighet att minnas och s\u00f6rja sin\nv\u00e4n.<\/p>\n\n\n\n<p>Landskrona djurminnesplats&nbsp;ligger p\u00e5 en natursk\u00f6n och rofylld plats i en dunge p\u00e5 v\u00e4nster sida av Varvsv\u00e4gen p\u00e5 v\u00e4g fr\u00e5n Landskrona mot H\u00e4ljarp.<\/p>\n\n\n\n<p>Djurminnesplatsen\n\u00e4r en begravningsplats f\u00f6r alla sorters djur, och man beh\u00f6ver inte\nvara medlem i Djurskyddet Landskrona f\u00f6r att f\u00e5 begrava sin v\u00e4n\nh\u00e4r.<\/p>\n\n\n\n<p> Det\n\u00e4r alltid \u00f6ppet p\u00e5 Djurminnesplatsen f\u00f6r bes\u00f6k.<\/p>\n\n\n\n<p>Endast kremerade djur f\u00e5r begravas p\u00e5 Djurminnesplatsen. Djuren kan begravas antingen p\u00e5 en gravplats eller i minneslunden. <strong>Alla begravningar ska utf\u00f6ras av Djurskyddet i Landskrona.<\/strong><\/p>\n\n\n\n<p><strong>Gravplats med sten:<\/strong><\/p>\n\n\n\n<p>\nGravplatsen hyrs i\n5 \u00e5r mot en kostnad av 550 kr, f\u00f6r tv\u00e5 djur i samma grav 800 kr.\nF\u00f6rl\u00e4ngning kan d\u00e4refter ske i ytterligare fem\u00e5rsperioder mot en\nkostnad av 400 kr per period. En cementplatta i storlek 35 x 35 cm\nl\u00e4ggs \u00f6ver graven. En minnesplakett med djurets namn och data\nanskaffas av djur\u00e4garen sj\u00e4lv. Vid gravplatsen finns plats att\nplantera blommor\/v\u00e4xter som sk\u00f6ts av grav\u00e4garen sj\u00e4lv. Gr\u00e4set\nn\u00e4rmast gravplatsen, mellan gravarna, klipps av grav\u00e4garen. Gr\u00e4set\np\u00e5 resten av Djurminnesplatsen sk\u00f6ts av kommunen.<\/p>\n\n\n\n<p>\n<strong>Minneslund:<\/strong><\/p>\n\n\n\n<p> Djuret kan begravas i Minneslunden mot en eng\u00e5ngskostnad av 400 kr.<\/p>\n\n\n\n<p><em>Nya priser fr.o.m. 2020-07-01.<\/em><\/p>\n\n\n\n<p>\nVid\nfr\u00e5gor r\u00f6rande djurminnesplatsen kontakta oss enligt nedan.<\/p>\n\n\n\n<p> Kontaktperson Britt-Marie, tel 0739-474931. <\/p>\n\n\n\n<p>Facebook: <a href=\"https:\/\/www.facebook.com\/DjurskyddetLandskrona\">Djurskyddet Landskrona<\/a><\/p>\n\n\n\n<p>E-post<a href=\"landskrona@djurskyddet.se\">:<\/a><a href=\"mailto:landskrona@djurskyddet.se\"> <\/a><a href=\"mailto:landskrona@djurskyddet.se\">landskrona@djurskyddet.se<\/a><\/p>\n\n\n\n<figure class=\"wp-block-gallery has-nested-images columns-default is-cropped wp-block-gallery-1 is-layout-flex wp-block-gallery-is-layout-flex\">\n<figure class=\"wp-block-image size-large\"><img loading=\"lazy\" decoding=\"async\" width=\"768\" height=\"1024\" data-id=\"10845\" src=\"https:\/\/www.djurskyddet.se\/landskrona\/wp-content\/uploads\/sites\/22\/2024\/06\/Bild-4.jpeg\" alt=\"\" class=\"wp-image-10845\" srcset=\"https:\/\/www.djurskyddet.se\/landskrona\/wp-content\/uploads\/sites\/22\/2024\/06\/Bild-4.jpeg 768w, https:\/\/www.djurskyddet.se\/landskrona\/wp-content\/uploads\/sites\/22\/2024\/06\/Bild-4-225x300.jpeg 225w, https:\/\/www.djurskyddet.se\/landskrona\/wp-content\/uploads\/sites\/22\/2024\/06\/Bild-4-400x533.jpeg 400w\" sizes=\"auto, (max-width: 768px) 100vw, 768px\" \/><\/figure>\n\n\n\n<figure class=\"wp-block-image size-large\"><img loading=\"lazy\" decoding=\"async\" width=\"768\" height=\"1024\" data-id=\"10847\" src=\"https:\/\/www.djurskyddet.se\/landskrona\/wp-content\/uploads\/sites\/22\/2024\/06\/Bild-6.jpeg\" alt=\"\" class=\"wp-image-10847\" srcset=\"https:\/\/www.djurskyddet.se\/landskrona\/wp-content\/uploads\/sites\/22\/2024\/06\/Bild-6.jpeg 768w, https:\/\/www.djurskyddet.se\/landskrona\/wp-content\/uploads\/sites\/22\/2024\/06\/Bild-6-225x300.jpeg 225w, https:\/\/www.djurskyddet.se\/landskrona\/wp-content\/uploads\/sites\/22\/2024\/06\/Bild-6-400x533.jpeg 400w\" sizes=\"auto, (max-width: 768px) 100vw, 768px\" \/><\/figure>\n\n\n\n<figure class=\"wp-block-image size-large\"><img loading=\"lazy\" decoding=\"async\" width=\"768\" height=\"1024\" data-id=\"10843\" src=\"https:\/\/www.djurskyddet.se\/landskrona\/wp-content\/uploads\/sites\/22\/2024\/06\/Bild-2.jpeg\" alt=\"\" class=\"wp-image-10843\" srcset=\"https:\/\/www.djurskyddet.se\/landskrona\/wp-content\/uploads\/sites\/22\/2024\/06\/Bild-2.jpeg 768w, https:\/\/www.djurskyddet.se\/landskrona\/wp-content\/uploads\/sites\/22\/2024\/06\/Bild-2-225x300.jpeg 225w, https:\/\/www.djurskyddet.se\/landskrona\/wp-content\/uploads\/sites\/22\/2024\/06\/Bild-2-400x533.jpeg 400w\" sizes=\"auto, (max-width: 768px) 100vw, 768px\" \/><\/figure>\n\n\n\n<figure class=\"wp-block-image size-large\"><img loading=\"lazy\" decoding=\"async\" width=\"768\" height=\"1024\" data-id=\"10849\" src=\"https:\/\/www.djurskyddet.se\/landskrona\/wp-content\/uploads\/sites\/22\/2024\/06\/Bild-8.jpeg\" alt=\"\" class=\"wp-image-10849\" srcset=\"https:\/\/www.djurskyddet.se\/landskrona\/wp-content\/uploads\/sites\/22\/2024\/06\/Bild-8.jpeg 768w, https:\/\/www.djurskyddet.se\/landskrona\/wp-content\/uploads\/sites\/22\/2024\/06\/Bild-8-225x300.jpeg 225w, https:\/\/www.djurskyddet.se\/landskrona\/wp-content\/uploads\/sites\/22\/2024\/06\/Bild-8-400x533.jpeg 400w\" sizes=\"auto, (max-width: 768px) 100vw, 768px\" \/><\/figure>\n\n\n\n<figure class=\"wp-block-image size-large\"><img loading=\"lazy\" decoding=\"async\" width=\"1024\" height=\"768\" data-id=\"10851\" src=\"https:\/\/www.djurskyddet.se\/landskrona\/wp-content\/uploads\/sites\/22\/2024\/06\/Bild-10.jpeg\" alt=\"\" class=\"wp-image-10851\" srcset=\"https:\/\/www.djurskyddet.se\/landskrona\/wp-content\/uploads\/sites\/22\/2024\/06\/Bild-10.jpeg 1024w, https:\/\/www.djurskyddet.se\/landskrona\/wp-content\/uploads\/sites\/22\/2024\/06\/Bild-10-300x225.jpeg 300w, https:\/\/www.djurskyddet.se\/landskrona\/wp-content\/uploads\/sites\/22\/2024\/06\/Bild-10-768x576.jpeg 768w, https:\/\/www.djurskyddet.se\/landskrona\/wp-content\/uploads\/sites\/22\/2024\/06\/Bild-10-400x300.jpeg 400w\" sizes=\"auto, (max-width: 1024px) 100vw, 1024px\" \/><\/figure>\n\n\n\n<figure class=\"wp-block-image size-large\"><img loading=\"lazy\" decoding=\"async\" width=\"768\" height=\"1024\" data-id=\"10854\" src=\"https:\/\/www.djurskyddet.se\/landskrona\/wp-content\/uploads\/sites\/22\/2024\/06\/Bild-13.jpeg\" alt=\"\" class=\"wp-image-10854\" srcset=\"https:\/\/www.djurskyddet.se\/landskrona\/wp-content\/uploads\/sites\/22\/2024\/06\/Bild-13.jpeg 768w, https:\/\/www.djurskyddet.se\/landskrona\/wp-content\/uploads\/sites\/22\/2024\/06\/Bild-13-225x300.jpeg 225w, https:\/\/www.djurskyddet.se\/landskrona\/wp-content\/uploads\/sites\/22\/2024\/06\/Bild-13-400x533.jpeg 400w\" sizes=\"auto, (max-width: 768px) 100vw, 768px\" \/><\/figure>\n<\/figure>\n\n\n\n<figure class=\"wp-block-image size-large\"><a href=\"https:\/\/maps.app.goo.gl\/TQ6ZmyWxxsV6edAB8\"><img loading=\"lazy\" decoding=\"async\" width=\"1024\" height=\"597\" src=\"https:\/\/www.djurskyddet.se\/landskrona\/wp-content\/uploads\/sites\/22\/2024\/06\/Kartbild-djurminnesplats-1024x597.png\" alt=\"\" class=\"wp-image-10856\" srcset=\"https:\/\/www.djurskyddet.se\/landskrona\/wp-content\/uploads\/sites\/22\/2024\/06\/Kartbild-djurminnesplats-1024x597.png 1024w, https:\/\/www.djurskyddet.se\/landskrona\/wp-content\/uploads\/sites\/22\/2024\/06\/Kartbild-djurminnesplats-300x175.png 300w, https:\/\/www.djurskyddet.se\/landskrona\/wp-content\/uploads\/sites\/22\/2024\/06\/Kartbild-djurminnesplats-768x448.png 768w, https:\/\/www.djurskyddet.se\/landskrona\/wp-content\/uploads\/sites\/22\/2024\/06\/Kartbild-djurminnesplats-400x233.png 400w, https:\/\/www.djurskyddet.se\/landskrona\/wp-content\/uploads\/sites\/22\/2024\/06\/Kartbild-djurminnesplats.png 1152w\" sizes=\"auto, (max-width: 1024px) 100vw, 1024px\" \/><\/a><\/figure>\n","protected":false},"excerpt":{"rendered":"<p>En \u00e4lskad familjemedlem l\u00e4mnar alltid ett stort tomrum efter sig, vare sig det \u00e4r en m\u00e4nniska eller ett husdjur. D\u00e4rf\u00f6r anser vi p\u00e5 Djurskyddet Landskrona att det \u00e4r viktigt att \u00e4ven v\u00e5ra husdjur ges m\u00f6jlighet att f\u00e5 en vacker sista viloplats, d\u00e4r det finns m\u00f6jlighet f\u00f6r den \u00f6vriga familjen att regelbundet bes\u00f6ka den saknade familjemedlemmen. Kanske f\u00f6r en stunds tyst kontemplation, en kort pratstund eller helt enkelt en plats d\u00e4r&hellip;<\/p>\n<p><a class=\"more-link\" href=\"https:\/\/www.djurskyddet.se\/landskrona\/minnesplats-2\/\" title=\"Continue reading &lsquo;Minnesplats&rsquo;\">L&auml;s mer<span class=\"meta-nav\">&raquo;<\/span><\/a><\/p>\n","protected":false},"author":27,"featured_media":0,"parent":0,"menu_order":0,"comment_status":"closed","ping_status":"closed","template":"page-templates\/left-sidebar.php","meta":{"_acf_changed":false,"footnotes":""},"class_list":["post-6780","page","type-page","status-publish","hentry"],"acf":[],"_links":{"self":[{"href":"https:\/\/www.djurskyddet.se\/landskrona\/wp-json\/wp\/v2\/pages\/6780","targetHints":{"allow":["GET"]}}],"collection":[{"href":"https:\/\/www.djurskyddet.se\/landskrona\/wp-json\/wp\/v2\/pages"}],"about":[{"href":"https:\/\/www.djurskyddet.se\/landskrona\/wp-json\/wp\/v2\/types\/page"}],"author":[{"embeddable":true,"href":"https:\/\/www.djurskyddet.se\/landskrona\/wp-json\/wp\/v2\/users\/27"}],"replies":[{"embeddable":true,"href":"https:\/\/www.djurskyddet.se\/landskrona\/wp-json\/wp\/v2\/comments?post=6780"}],"version-history":[{"count":14,"href":"https:\/\/www.djurskyddet.se\/landskrona\/wp-json\/wp\/v2\/pages\/6780\/revisions"}],"predecessor-version":[{"id":10863,"href":"https:\/\/www.djurskyddet.se\/landskrona\/wp-json\/wp\/v2\/pages\/6780\/revisions\/10863"}],"wp:attachment":[{"href":"https:\/\/www.djurskyddet.se\/landskrona\/wp-json\/wp\/v2\/media?parent=6780"}],"curies":[{"name":"wp","href":"https:\/\/api.w.org\/{rel}","templated":true}]}}