{"id":7205,"date":"2021-01-24T16:41:21","date_gmt":"2021-01-24T16:41:21","guid":{"rendered":"https:\/\/www.djurskyddet.se\/landskrona\/?page_id=7205"},"modified":"2025-08-09T12:49:36","modified_gmt":"2025-08-09T12:49:36","slug":"att-adoptera","status":"publish","type":"page","link":"https:\/\/www.djurskyddet.se\/landskrona\/djurformedling\/att-adoptera\/","title":{"rendered":"Att adoptera"},"content":{"rendered":"\n<p><\/p>\n\n\n\n<p>Viktigt att t\u00e4nka p\u00e5 f\u00f6r er som vill adoptera en katt som varit heml\u00f6s \u00e4r att den kan ha varit med om m\u00e5nga ot\u00e4cka och otrevliga h\u00e4ndelser och blivit \u00f6vergiven av m\u00e4nniskor som den \u00e4lskat och k\u00e4nt sig trygg hos. D\u00e4rf\u00f6r beh\u00f6ver den tid att bli trygg i sitt nya hem. Dessa katter kommer inte fr\u00e5n trygga hem d\u00e4r de v\u00e4xt upp med k\u00e4rlek och omv\u00e5rdnad. Katter som varit utsatta f\u00f6r traumatiska h\u00e4ndelser kan bli underbara trygga familjemedlemmar genom att de f\u00e5r en m\u00f6jlighet att skapa goda relationer till sina nya \u00e4gare eller andra djur i hemmet. <\/p>\n\n\n\n<p><\/p>\n\n\n\n<p><\/p>\n\n\n\n<p><\/p>\n\n\n\n<p class=\"has-background\" style=\"background-color:#b0ff8f\">Viktigt \u00e4r ocks\u00e5 att se till att katternas behov tillgodoses. Som katt\u00e4gare \u00e4r du idag skyldig att skaffa den kunskap och kompetens som kr\u00e4vs f\u00f6r att ge katten ett bra liv.<strong> L\u00e4s g\u00e4rna mer h\u00e4r om vilka krav som st\u00e4lls<\/strong>; <a rel=\"noreferrer noopener\" href=\"https:\/\/jordbruksverket.se\/djur\/hastar-och-sallskapsdjur\/katter?fbclid=IwAR0ew9QSYQkvjyrg3q3g7524xdGj2UkwJs-lqhxXjy3o12JuWftWWaYMXFY\" target=\"_blank\">https:\/\/jordbruksverket.se\/&#8230;\/hastar-och&#8230;\/katter<\/a> <\/p>\n\n\n\n<p><\/p>\n\n\n\n<p><\/p>\n\n\n\n<p>Alla katter har olika personlighet s\u00e5 vi f\u00f6rs\u00f6ker att matcha katterna s\u00e5 att de passar med det nya hemmet. F\u00f6r oss \u00e4r inte det viktigaste att hitta ett hem till katten utan att hitta <strong>r\u00e4tt hem<\/strong> till katten. N\u00e4r vi f\u00e5tt in en intresseanm\u00e4lan tar vi kontakt och bokar tid f\u00f6r ett hembes\u00f6k hos den som vill adoptera katten f\u00f6r att se hur milj\u00f6n f\u00f6r katten kommer att se ut. D\u00e5 kan vi ocks\u00e5 komma med r\u00e5d och tips om saker som kan g\u00f6ras f\u00f6r att det ska bli s\u00e5 bra som m\u00f6jligt.  Om vi tror att det kan bli ett bra hem f\u00f6r den aktuella katten best\u00e4mmer vi tid f\u00f6r m\u00f6te s\u00e5 att ni f\u00e5r tr\u00e4ffa katten. Vi vill se hur m\u00f6tet mellan katten och den nya \u00e4garen fungerar. <\/p>\n\n\n\n<p><\/p>\n\n\n\n<p><\/p>\n\n\n\n<p>Vid \u00f6verenskommelse om adoption skrivs ett kontrakt i samband med betalning av <strong>adoptionsavgiften<\/strong> <strong>2000 kr<\/strong>. Kattungar adopteras ut tidigast efter 14 veckors \u00e5lder, beroende p\u00e5 deras utveckling. Eftersom vi ofta tar in honor med ungar som levt ute under d\u00e5liga f\u00f6rh\u00e5llanden s\u00e5 kan det ta tid med b\u00e5de veterin\u00e4rbehandlingar och att f\u00e5 katterna socialiserade. N\u00e4r ungarna adopteras ut \u00e4r de avmaskade, vaccinerade 2 g\u00e5nger och chipm\u00e4rkta. Vi st\u00e5r ocks\u00e5 f\u00f6r kastreringen n\u00e4r det \u00e4r dags enligt avtal vi har med de veterin\u00e4rer som vi anlitar.<\/p>\n\n\n\n<p><strong>OBS!<\/strong> Kattungar yngre \u00e4n 6 m\u00e5nader adopteras inte ut ensamma utan antingen tillsammans med syskon, kompis eller mamma. Eller om det redan finns en kattkompis i hemmet. Det kan \u00e4ven fungera med hund.<\/p>\n","protected":false},"excerpt":{"rendered":"<p>Viktigt att t\u00e4nka p\u00e5 f\u00f6r er som vill adoptera en katt som varit heml\u00f6s \u00e4r att den kan ha varit med om m\u00e5nga ot\u00e4cka och otrevliga h\u00e4ndelser och blivit \u00f6vergiven av m\u00e4nniskor som den \u00e4lskat och k\u00e4nt sig trygg hos. D\u00e4rf\u00f6r beh\u00f6ver den tid att bli trygg i sitt nya hem. Dessa katter kommer inte fr\u00e5n trygga hem d\u00e4r de v\u00e4xt upp med k\u00e4rlek och omv\u00e5rdnad. Katter som varit utsatta&hellip;<\/p>\n<p><a class=\"more-link\" href=\"https:\/\/www.djurskyddet.se\/landskrona\/djurformedling\/att-adoptera\/\" title=\"Continue reading &lsquo;Att adoptera&rsquo;\">L&auml;s mer<span class=\"meta-nav\">&raquo;<\/span><\/a><\/p>\n","protected":false},"author":27,"featured_media":9245,"parent":5508,"menu_order":0,"comment_status":"closed","ping_status":"closed","template":"page-templates\/left-sidebar.php","meta":{"_acf_changed":false,"footnotes":""},"class_list":["post-7205","page","type-page","status-publish","has-post-thumbnail","hentry"],"acf":[],"_links":{"self":[{"href":"https:\/\/www.djurskyddet.se\/landskrona\/wp-json\/wp\/v2\/pages\/7205","targetHints":{"allow":["GET"]}}],"collection":[{"href":"https:\/\/www.djurskyddet.se\/landskrona\/wp-json\/wp\/v2\/pages"}],"about":[{"href":"https:\/\/www.djurskyddet.se\/landskrona\/wp-json\/wp\/v2\/types\/page"}],"author":[{"embeddable":true,"href":"https:\/\/www.djurskyddet.se\/landskrona\/wp-json\/wp\/v2\/users\/27"}],"replies":[{"embeddable":true,"href":"https:\/\/www.djurskyddet.se\/landskrona\/wp-json\/wp\/v2\/comments?post=7205"}],"version-history":[{"count":19,"href":"https:\/\/www.djurskyddet.se\/landskrona\/wp-json\/wp\/v2\/pages\/7205\/revisions"}],"predecessor-version":[{"id":11987,"href":"https:\/\/www.djurskyddet.se\/landskrona\/wp-json\/wp\/v2\/pages\/7205\/revisions\/11987"}],"up":[{"embeddable":true,"href":"https:\/\/www.djurskyddet.se\/landskrona\/wp-json\/wp\/v2\/pages\/5508"}],"wp:featuredmedia":[{"embeddable":true,"href":"https:\/\/www.djurskyddet.se\/landskrona\/wp-json\/wp\/v2\/media\/9245"}],"wp:attachment":[{"href":"https:\/\/www.djurskyddet.se\/landskrona\/wp-json\/wp\/v2\/media?parent=7205"}],"curies":[{"name":"wp","href":"https:\/\/api.w.org\/{rel}","templated":true}]}}