{"id":7432,"date":"2021-05-26T18:04:41","date_gmt":"2021-05-26T18:04:41","guid":{"rendered":"https:\/\/www.djurskyddet.se\/landskrona\/?page_id=7432"},"modified":"2021-05-26T18:40:42","modified_gmt":"2021-05-26T18:40:42","slug":"verksamhetsberattelse-2020","status":"publish","type":"page","link":"https:\/\/www.djurskyddet.se\/landskrona\/om-djurskyddet-landskrona\/om-oss\/verksamhetsberattelser\/verksamhetsberattelse-2020\/","title":{"rendered":"Verksamhetsber\u00e4ttelse 2020"},"content":{"rendered":"\n<p>Styrelsen har under \u00e5ret haft f\u00f6ljande sammans\u00e4ttning<\/p>\n\n\n\n<p>Ordf\u00f6rande: Hanny Rosendahl Vice ordf\u00f6rande Britt-Marie Cederstam<\/p>\n\n\n\n<p>Sekreterare: Eva H\u00e5kansson Kass\u00f6r: Carina Trede<\/p>\n\n\n\n<p>Ledam\u00f6ter: Susan Joppien, Anette Nilsson och Boel Olsson<\/p>\n\n\n\n<p>Styrelsesuppleant: Lena Pettersson och Henrik Olsson<\/p>\n\n\n\n<p>Revisorer: Carina Hansson och vakant Revisorsuppleant: Vakant<\/p>\n\n\n\n<p>Medlemsantalet har under \u00e5ret 2020 varit 106 samt 13 friex medlemmar.<\/p>\n\n\n\n<p>Under \u00e5ret har styrelsen haft 15 ordinarie sammantr\u00e4den, 1 konstituerande m\u00f6te inkl. \u00e5rsm\u00f6tet. \u00c5rsm\u00f6tet h\u00f6lls i Larvi Festlokal, Larvigatan. Inbjuden f\u00f6rel\u00e4sare var Susanne Sch\u00f6tz, spr\u00e5kforskare vid Lunds universitet, som forskat om kattens spr\u00e5k. Vi fick lyssna och se p\u00e5 ljud- och videoklipp d\u00e4r Susanne spelade upp olika kattl\u00e4ten och beskrev vad katten menar, baserat p\u00e5 vad hon kommit fram till genom sin forskning. Hon ber\u00e4ttade ocks\u00e5 om hur vi m\u00e4nniskor uppfattar skillnaderna i kattens \u201dprat\u201d.<\/p>\n\n\n\n<p>I mars deltog vi med informationsbord och t\u00e4vling p\u00e5 Djurens Dag p\u00e5 Granng\u00e5rden i L\u00f6ddek\u00f6pinge. Sedan slog pandemin till p\u00e5 allvar. Vi har varit och \u00e4r mycket aktiva p\u00e5 facebook eftersom det \u00e4r ett bra s\u00e4tt att snabbt n\u00e5 ut till m\u00e5nga. Under detta speciella \u00e5r har det varit extra viktigt med sociala medier, och v\u00e5ra lotterier p\u00e5 facebook samt f\u00f6rs\u00e4ljning av djurtillbeh\u00f6r har delvis kompenserat f\u00f6r uteblivna int\u00e4kter n\u00e4r vi inte kunnat delta p\u00e5 evenemang som vi brukar. Vi har delat information och kampanjer fr\u00e5n Djurskyddet Sverige, meddelande om bortsprungna och upphittade katter i Landskronaomr\u00e5det, katter som genom Djurskyddet Landskrona s\u00f6ker nya hem, evenemang och h\u00e4ndelser m.m. Vi har i skrivande stund 1800 f\u00f6ljare p\u00e5 facebook.<\/p>\n\n\n\n<p>Vi har sammanlagt tagit in 56 katter, 2 katter kunde \u00e5terf\u00f6renas med sin \u00e4gare med hj\u00e4lp av id-m\u00e4rkning eller efterlysning, 51 katter har vi adopterat ut till nya hem och 3 katter fick tyv\u00e4rr somna in eftersom de var f\u00f6r sjuka eller skadade. Genom samarbete med Fonus kring djur som blivit ensamma efter matte eller husses bortg\u00e5ng har vi omplacerat katter fr\u00e5n flera d\u00f6dsbon. Vi har \u00e4ven haft och har ett samarbete med en bonde som tagit kontakt med oss. Han har en stor g\u00e5rd med m\u00e5nga katter, dessa katter vill han ha v\u00e5r hj\u00e4lp med att kastrera. Vi hj\u00e4lper till praktiskt och han st\u00e5r f\u00f6r kostnaden. De dr\u00e4ktigas kattungar f\u00e5r vi beh\u00e5lla och adoptera ut. Flera katter har ocks\u00e5 f\u00e5tt hj\u00e4lp av privatpersoner med st\u00f6d av oss. En del samtal har under \u00e5ret inkommit ang\u00e5ende missk\u00f6tsel samt vanv\u00e5rd av djur. Vi ger r\u00e5d och h\u00e4nvisar till olika myndigheter n\u00e4r vi inte sj\u00e4lv kan agera.<\/p>\n\n\n\n<p><em>Under 2020 har <\/em><em>kastreringsbidrag till en summa av 8500 kr l\u00f6pande delats ut till de <\/em><em>som kastrerat sina katter<\/em>.<\/p>\n\n\n\n<p>Vi har l\u00f6pande tagit hand om djurminnesplatsen med sk\u00f6tsel och begravningar. Under vintern har vi st\u00f6dmatat sm\u00e5f\u00e5glar och vi har ocks\u00e5 satt upp insektshotell. D\u00e5 vi f\u00f6rst\u00e5tt att m\u00e5nga inte k\u00e4nner till att det finns en djurminnesplats i Landskrona har vi tryckt upp broschyrer som vi lagt ut hos stadens veterin\u00e4rer och \u00e4ven hos n\u00e5gra utanf\u00f6r staden. Vi har \u00e4ven f\u00e5tt lagt ut information om djurminnesplatsen p\u00e5 Landskrona stads hemsida och haft tre inl\u00e4gg om v\u00e5r verksamhet och djurminnesplatsen p\u00e5 stadens instagram.<\/p>\n\n\n\n<p>Under \u00e5ret har vi haft insamlingstunnor f\u00f6r kattmat p\u00e5 Kvantum, Karlslunds Veterin\u00e4rklinik, Granng\u00e5rden i L\u00f6ddek\u00f6pinge och Evidensia Veterin\u00e4rklinik i Limhamn. Vi har st\u00f6ttat Malvan med den mat vi inte sj\u00e4lva beh\u00f6vt. Ink\u00f6p av privatpersoner via Sponsorhuset.se och inl\u00e4mning av kvitton fr\u00e5n Citygross har ocks\u00e5 gett ett bidrag till f\u00f6reningen. Vi har f\u00e5tt beviljade bidrag fr\u00e5n Pro Bene Animalium, Djurfonden Granng\u00e5rden och Petra Lundbergs stiftelse. Hill\u00b4s har sponsrat oss med torrfoder. Vi har ocks\u00e5 f\u00e5tt en stor leverans av kattmat via Mjau G\u00e5voshop.<\/p>\n\n\n\n<p>Djurskyddet Landskrona tackar sina medlemmar, f\u00f6ljare och lottk\u00f6pare p\u00e5 facebook, Djurskyddet Sverige och dess personal samt alla sponsorer f\u00f6r deras st\u00f6d s\u00e5 vi kunnat v\u00e4rna om djurens b\u00e4sta.<\/p>\n\n\n\n<p>F\u00f6reningen hyr lokal p\u00e5 Larvigatan 17 E<\/p>\n\n\n\n<p>Styrelsen vill framf\u00f6ra sitt tack f\u00f6r visat f\u00f6rtroende.<\/p>\n","protected":false},"excerpt":{"rendered":"<p>Styrelsen har under \u00e5ret haft f\u00f6ljande sammans\u00e4ttning Ordf\u00f6rande: Hanny Rosendahl Vice ordf\u00f6rande Britt-Marie Cederstam Sekreterare: Eva H\u00e5kansson Kass\u00f6r: Carina Trede Ledam\u00f6ter: Susan Joppien, Anette Nilsson och Boel Olsson Styrelsesuppleant: Lena Pettersson och Henrik Olsson Revisorer: Carina Hansson och vakant Revisorsuppleant: Vakant Medlemsantalet har under \u00e5ret 2020 varit 106 samt 13 friex medlemmar. Under \u00e5ret har styrelsen haft 15 ordinarie sammantr\u00e4den, 1 konstituerande m\u00f6te inkl. \u00e5rsm\u00f6tet. \u00c5rsm\u00f6tet h\u00f6lls i Larvi Festlokal,&hellip;<\/p>\n<p><a class=\"more-link\" href=\"https:\/\/www.djurskyddet.se\/landskrona\/om-djurskyddet-landskrona\/om-oss\/verksamhetsberattelser\/verksamhetsberattelse-2020\/\" title=\"Continue reading &lsquo;Verksamhetsber\u00e4ttelse 2020&rsquo;\">L&auml;s mer<span class=\"meta-nav\">&raquo;<\/span><\/a><\/p>\n","protected":false},"author":27,"featured_media":0,"parent":5525,"menu_order":0,"comment_status":"closed","ping_status":"closed","template":"left-sidebar.php","meta":{"_acf_changed":false,"footnotes":""},"class_list":["post-7432","page","type-page","status-publish","hentry"],"acf":[],"_links":{"self":[{"href":"https:\/\/www.djurskyddet.se\/landskrona\/wp-json\/wp\/v2\/pages\/7432","targetHints":{"allow":["GET"]}}],"collection":[{"href":"https:\/\/www.djurskyddet.se\/landskrona\/wp-json\/wp\/v2\/pages"}],"about":[{"href":"https:\/\/www.djurskyddet.se\/landskrona\/wp-json\/wp\/v2\/types\/page"}],"author":[{"embeddable":true,"href":"https:\/\/www.djurskyddet.se\/landskrona\/wp-json\/wp\/v2\/users\/27"}],"replies":[{"embeddable":true,"href":"https:\/\/www.djurskyddet.se\/landskrona\/wp-json\/wp\/v2\/comments?post=7432"}],"version-history":[{"count":2,"href":"https:\/\/www.djurskyddet.se\/landskrona\/wp-json\/wp\/v2\/pages\/7432\/revisions"}],"predecessor-version":[{"id":7434,"href":"https:\/\/www.djurskyddet.se\/landskrona\/wp-json\/wp\/v2\/pages\/7432\/revisions\/7434"}],"up":[{"embeddable":true,"href":"https:\/\/www.djurskyddet.se\/landskrona\/wp-json\/wp\/v2\/pages\/5525"}],"wp:attachment":[{"href":"https:\/\/www.djurskyddet.se\/landskrona\/wp-json\/wp\/v2\/media?parent=7432"}],"curies":[{"name":"wp","href":"https:\/\/api.w.org\/{rel}","templated":true}]}}