{"id":7767,"date":"2021-10-09T12:48:14","date_gmt":"2021-10-09T12:48:14","guid":{"rendered":"https:\/\/www.djurskyddet.se\/landskrona\/?page_id=7767"},"modified":"2023-10-09T05:34:17","modified_gmt":"2023-10-09T05:34:17","slug":"bli-manadsgivare","status":"publish","type":"page","link":"https:\/\/www.djurskyddet.se\/landskrona\/bli-manadsgivare\/","title":{"rendered":"Bli m\u00e5nadsgivare"},"content":{"rendered":"\n<p>Har du m\u00f6jlighet att hj\u00e4lpa v\u00e5r verksamhet med en st\u00e5ende summa varje m\u00e5nad? Du v\u00e4ljer sj\u00e4lv beloppet och ordnar en st\u00e5ende \u00f6verf\u00f6ring fr\u00e5n din bank till v\u00e5rt konto i Nordea.<\/p>\n\n\n\n<p>Bank: NORDEA<br>Clearing: 9960<br>Plusgiro: 475500-5<\/p>\n\n\n\n<p>Som m\u00e5nadsgivare \u00e4r du en av v\u00e5ra hj\u00e4ltar!<\/p>\n","protected":false},"excerpt":{"rendered":"<p>Har du m\u00f6jlighet att hj\u00e4lpa v\u00e5r verksamhet med en st\u00e5ende summa varje m\u00e5nad? Du v\u00e4ljer sj\u00e4lv beloppet och ordnar en st\u00e5ende \u00f6verf\u00f6ring fr\u00e5n din bank till v\u00e5rt konto i Nordea. Bank: NORDEAClearing: 9960Plusgiro: 475500-5 Som m\u00e5nadsgivare \u00e4r du en av v\u00e5ra hj\u00e4ltar!<\/p>\n","protected":false},"author":3,"featured_media":0,"parent":0,"menu_order":0,"comment_status":"closed","ping_status":"closed","template":"left-sidebar.php","meta":{"_acf_changed":false,"footnotes":""},"class_list":["post-7767","page","type-page","status-publish","hentry"],"acf":[],"_links":{"self":[{"href":"https:\/\/www.djurskyddet.se\/landskrona\/wp-json\/wp\/v2\/pages\/7767","targetHints":{"allow":["GET"]}}],"collection":[{"href":"https:\/\/www.djurskyddet.se\/landskrona\/wp-json\/wp\/v2\/pages"}],"about":[{"href":"https:\/\/www.djurskyddet.se\/landskrona\/wp-json\/wp\/v2\/types\/page"}],"author":[{"embeddable":true,"href":"https:\/\/www.djurskyddet.se\/landskrona\/wp-json\/wp\/v2\/users\/3"}],"replies":[{"embeddable":true,"href":"https:\/\/www.djurskyddet.se\/landskrona\/wp-json\/wp\/v2\/comments?post=7767"}],"version-history":[{"count":3,"href":"https:\/\/www.djurskyddet.se\/landskrona\/wp-json\/wp\/v2\/pages\/7767\/revisions"}],"predecessor-version":[{"id":8740,"href":"https:\/\/www.djurskyddet.se\/landskrona\/wp-json\/wp\/v2\/pages\/7767\/revisions\/8740"}],"wp:attachment":[{"href":"https:\/\/www.djurskyddet.se\/landskrona\/wp-json\/wp\/v2\/media?parent=7767"}],"curies":[{"name":"wp","href":"https:\/\/api.w.org\/{rel}","templated":true}]}}