{"id":2,"date":"2024-11-13T10:36:10","date_gmt":"2024-11-13T09:36:10","guid":{"rendered":"https:\/\/www.djurskyddet.se\/levande-bevis\/?page_id=2"},"modified":"2025-12-02T13:32:55","modified_gmt":"2025-12-02T12:32:55","slug":"levande-bevis","status":"publish","type":"page","link":"https:\/\/www.djurskyddet.se\/levandebevis\/","title":{"rendered":"Levande bevis"},"content":{"rendered":"\n<p>I Sverige finns ingen lag som f\u00f6rbjuder fyrverkerier. D\u00e4remot finns det en djurskyddslag.<\/p>\n\n\n\n<p>Enligt den ska djur skyddas mot on\u00f6digt lidande. F\u00f6r oss p\u00e5 Djurskyddet kunde inte bevisen f\u00f6r on\u00f6digt lidande bli tydligare. Varje ny\u00e5rsafton och vid andra h\u00f6gtider kryper de in under soffor, eller f\u00f6rs\u00f6ker fly i panik. Om vi bara kollar noga, best\u00e5r hela landet av levande bevis p\u00e5 att en ny lag beh\u00f6vs. En som f\u00f6rbjuder fyrverkerier.<\/p>\n\n\n\n<p><a href=\"https:\/\/www.djurskyddet.se\/levandebevis\/fyrverkerikampanj-fraga-svar\/\" data-type=\"page\" data-id=\"4086\">L\u00e4s mer om kampanjen<\/a> eller delta direkt i kampen f\u00f6r ett fyrverkerif\u00f6rbud. Du kan ocks\u00e5 <a href=\"https:\/\/www.djurskyddet.se\/levandebevis\/alla-levande-bevis\" data-type=\"link\" data-id=\"https:\/\/www.djurskyddet.se\/levandebevis\/alla-levande-bevis\">se alla uppladdade bevis<\/a> eller <a href=\"https:\/\/www.djurskyddet.se\/levandebevis\/las-alla-vittnesmal\/\" data-type=\"page\" data-id=\"4986\">l\u00e4sa alla vittnesm\u00e5l<\/a>. <\/p>\n\n\n\n<p><\/p>\n","protected":false},"excerpt":{"rendered":"<p>I Sverige finns ingen lag som f\u00f6rbjuder fyrverkerier. D\u00e4remot finns det en djurskyddslag. Enligt den ska djur skyddas mot on\u00f6digt lidande. F\u00f6r oss p\u00e5 Djurskyddet kunde inte bevisen f\u00f6r on\u00f6digt lidande bli tydligare. Varje ny\u00e5rsafton och vid andra h\u00f6gtider kryper de in under soffor, eller f\u00f6rs\u00f6ker fly i panik. Om vi bara kollar noga, best\u00e5r [&hellip;]<\/p>\n","protected":false},"author":2,"featured_media":188,"parent":0,"menu_order":0,"comment_status":"closed","ping_status":"open","template":"","meta":{"_acf_changed":false,"footnotes":""},"class_list":["post-2","page","type-page","status-publish","has-post-thumbnail","hentry"],"acf":[],"_links":{"self":[{"href":"https:\/\/www.djurskyddet.se\/levandebevis\/wp-json\/wp\/v2\/pages\/2","targetHints":{"allow":["GET"]}}],"collection":[{"href":"https:\/\/www.djurskyddet.se\/levandebevis\/wp-json\/wp\/v2\/pages"}],"about":[{"href":"https:\/\/www.djurskyddet.se\/levandebevis\/wp-json\/wp\/v2\/types\/page"}],"author":[{"embeddable":true,"href":"https:\/\/www.djurskyddet.se\/levandebevis\/wp-json\/wp\/v2\/users\/2"}],"replies":[{"embeddable":true,"href":"https:\/\/www.djurskyddet.se\/levandebevis\/wp-json\/wp\/v2\/comments?post=2"}],"version-history":[{"count":24,"href":"https:\/\/www.djurskyddet.se\/levandebevis\/wp-json\/wp\/v2\/pages\/2\/revisions"}],"predecessor-version":[{"id":8066,"href":"https:\/\/www.djurskyddet.se\/levandebevis\/wp-json\/wp\/v2\/pages\/2\/revisions\/8066"}],"wp:featuredmedia":[{"embeddable":true,"href":"https:\/\/www.djurskyddet.se\/levandebevis\/wp-json\/wp\/v2\/media\/188"}],"wp:attachment":[{"href":"https:\/\/www.djurskyddet.se\/levandebevis\/wp-json\/wp\/v2\/media?parent=2"}],"curies":[{"name":"wp","href":"https:\/\/api.w.org\/{rel}","templated":true}]}}