{"id":5577,"date":"2020-05-05T06:56:37","date_gmt":"2020-05-05T06:56:37","guid":{"rendered":"https:\/\/www.djurskyddet.se\/malartassen\/?page_id=5577"},"modified":"2024-11-26T18:53:02","modified_gmt":"2024-11-26T18:53:02","slug":"om-oss","status":"publish","type":"page","link":"https:\/\/www.djurskyddet.se\/malartassen\/om-oss\/","title":{"rendered":"Om oss"},"content":{"rendered":"\n<p>Hej och v\u00e4lkommen till Djurskyddet M\u00e4lartassen i K\u00f6ping <img loading=\"lazy\" decoding=\"async\" height=\"16\" width=\"16\" alt=\"?\" src=\"https:\/\/static.xx.fbcdn.net\/images\/emoji.php\/v9\/ted\/1.5\/16\/1f49a.png\"> <\/p>\n\n\n\n<p>Vi \u00e4r en relativt nystartad lokalf\u00f6rening till Djurskyddet Sverige. Djurskyddet \u00e4r Sveriges st\u00f6rsta djurskyddsorganisation best\u00e5ende av cirka 50 anslutna f\u00f6reningar, och cirka 10 000 medlemmar, utspridda \u00f6ver hela landet. Alla anslutna f\u00f6reningar har sina egna styrelser och bedriver sj\u00e4lvst\u00e4ndig verksamhet. Som medlem i Djurskyddet M\u00e4lartassen blir du \u00e4ven medlem i Djurskyddet Sverige. Djurskyddets ideologi \u00e4r ett samh\u00e4lle d\u00e4r m\u00e4nniskor visar respekt och medk\u00e4nsla f\u00f6r alla djur. Alla djur ska behandlas v\u00e4l, oavsett om de lever vilt, h\u00e5lls f\u00f6r m\u00e4nniskans s\u00e4llskap eller f\u00f6ds upp f\u00f6r att producera mat. Alla djur ska ha r\u00e4tt till sina naturliga beteenden och ska skyddas fr\u00e5n lidande. <\/p>\n\n\n\n<p><a href=\"https:\/\/www.djurskyddet.se\/stod-oss\/bli-medlem\/?fbclid=IwAR1U6JgssMG9xrom9gJZbLhfHoD7w4SFx5mc3KINhVVxoBXr75mgi8jUu6A\" target=\"_blank\" rel=\"noreferrer noopener\"><\/a><\/p>\n","protected":false},"excerpt":{"rendered":"<p>Hej och v\u00e4lkommen till Djurskyddet M\u00e4lartassen i K\u00f6ping Vi \u00e4r en relativt nystartad lokalf\u00f6rening till Djurskyddet Sverige. Djurskyddet \u00e4r Sveriges st\u00f6rsta djurskyddsorganisation best\u00e5ende av cirka 50 anslutna f\u00f6reningar, och cirka 10 000 medlemmar, utspridda \u00f6ver hela landet. Alla anslutna f\u00f6reningar har sina egna styrelser och bedriver sj\u00e4lvst\u00e4ndig verksamhet. Som medlem i Djurskyddet M\u00e4lartassen blir du \u00e4ven medlem i Djurskyddet Sverige. Djurskyddets ideologi \u00e4r ett samh\u00e4lle d\u00e4r m\u00e4nniskor visar respekt och&hellip;<\/p>\n<p><a class=\"more-link\" href=\"https:\/\/www.djurskyddet.se\/malartassen\/om-oss\/\" title=\"Continue reading &lsquo;Om oss&rsquo;\">L&auml;s mer<span class=\"meta-nav\">&raquo;<\/span><\/a><\/p>\n","protected":false},"author":3,"featured_media":0,"parent":0,"menu_order":0,"comment_status":"closed","ping_status":"closed","template":"left-sidebar.php","meta":{"_acf_changed":false,"footnotes":""},"class_list":["post-5577","page","type-page","status-publish","hentry"],"acf":[],"_links":{"self":[{"href":"https:\/\/www.djurskyddet.se\/malartassen\/wp-json\/wp\/v2\/pages\/5577","targetHints":{"allow":["GET"]}}],"collection":[{"href":"https:\/\/www.djurskyddet.se\/malartassen\/wp-json\/wp\/v2\/pages"}],"about":[{"href":"https:\/\/www.djurskyddet.se\/malartassen\/wp-json\/wp\/v2\/types\/page"}],"author":[{"embeddable":true,"href":"https:\/\/www.djurskyddet.se\/malartassen\/wp-json\/wp\/v2\/users\/3"}],"replies":[{"embeddable":true,"href":"https:\/\/www.djurskyddet.se\/malartassen\/wp-json\/wp\/v2\/comments?post=5577"}],"version-history":[{"count":4,"href":"https:\/\/www.djurskyddet.se\/malartassen\/wp-json\/wp\/v2\/pages\/5577\/revisions"}],"predecessor-version":[{"id":5847,"href":"https:\/\/www.djurskyddet.se\/malartassen\/wp-json\/wp\/v2\/pages\/5577\/revisions\/5847"}],"wp:attachment":[{"href":"https:\/\/www.djurskyddet.se\/malartassen\/wp-json\/wp\/v2\/media?parent=5577"}],"curies":[{"name":"wp","href":"https:\/\/api.w.org\/{rel}","templated":true}]}}