{"id":5579,"date":"2020-05-05T06:58:31","date_gmt":"2020-05-05T06:58:31","guid":{"rendered":"https:\/\/www.djurskyddet.se\/malartassen\/?page_id=5579"},"modified":"2025-06-14T15:40:54","modified_gmt":"2025-06-14T15:40:54","slug":"stod-oss","status":"publish","type":"page","link":"https:\/\/www.djurskyddet.se\/malartassen\/stod-oss\/","title":{"rendered":"St\u00f6d oss"},"content":{"rendered":"\n<p>Vi \u00e4r en <strong>ideell f\u00f6rening<\/strong> och \u00e4r helt beroende av g\u00e5vor f\u00f6r att kunna bedriva v\u00e5r verksamhet.<\/p>\n\n\n\n<p>Sk\u00e4nk en g\u00e5va via swish: <strong>123 109 74 76<\/strong><\/p>\n\n\n\n<p>Har du <strong>n\u00e5got <\/strong>du vill sk\u00e4nka till katterna? <br>Utanf\u00f6r katthemmet finns en <strong>insamlingsl\u00e5da <\/strong>d\u00e4r du g\u00e4rna f\u00e5r l\u00e4mna till exempel foder, filtar eller leksaker.<br><br>Tack f\u00f6r att du t\u00e4nker p\u00e5 v\u00e5ra <strong>katter<\/strong>! \ud83d\udc95<\/p>\n\n\n\n<p><\/p>\n","protected":false},"excerpt":{"rendered":"<p>Vi \u00e4r en ideell f\u00f6rening och \u00e4r helt beroende av g\u00e5vor f\u00f6r att kunna bedriva v\u00e5r verksamhet. Sk\u00e4nk en g\u00e5va via swish: 123 109 74 76 Har du n\u00e5got du vill sk\u00e4nka till katterna? Utanf\u00f6r katthemmet finns en insamlingsl\u00e5da d\u00e4r du g\u00e4rna f\u00e5r l\u00e4mna till exempel foder, filtar eller leksaker. Tack f\u00f6r att du t\u00e4nker p\u00e5 v\u00e5ra katter! \ud83d\udc95<\/p>\n","protected":false},"author":3,"featured_media":0,"parent":0,"menu_order":0,"comment_status":"closed","ping_status":"closed","template":"","meta":{"_acf_changed":false,"footnotes":""},"class_list":["post-5579","page","type-page","status-publish","hentry"],"acf":[],"_links":{"self":[{"href":"https:\/\/www.djurskyddet.se\/malartassen\/wp-json\/wp\/v2\/pages\/5579","targetHints":{"allow":["GET"]}}],"collection":[{"href":"https:\/\/www.djurskyddet.se\/malartassen\/wp-json\/wp\/v2\/pages"}],"about":[{"href":"https:\/\/www.djurskyddet.se\/malartassen\/wp-json\/wp\/v2\/types\/page"}],"author":[{"embeddable":true,"href":"https:\/\/www.djurskyddet.se\/malartassen\/wp-json\/wp\/v2\/users\/3"}],"replies":[{"embeddable":true,"href":"https:\/\/www.djurskyddet.se\/malartassen\/wp-json\/wp\/v2\/comments?post=5579"}],"version-history":[{"count":6,"href":"https:\/\/www.djurskyddet.se\/malartassen\/wp-json\/wp\/v2\/pages\/5579\/revisions"}],"predecessor-version":[{"id":6015,"href":"https:\/\/www.djurskyddet.se\/malartassen\/wp-json\/wp\/v2\/pages\/5579\/revisions\/6015"}],"wp:attachment":[{"href":"https:\/\/www.djurskyddet.se\/malartassen\/wp-json\/wp\/v2\/media?parent=5579"}],"curies":[{"name":"wp","href":"https:\/\/api.w.org\/{rel}","templated":true}]}}