{"id":5639,"date":"2020-09-16T10:41:45","date_gmt":"2020-09-16T10:41:45","guid":{"rendered":"https:\/\/www.djurskyddet.se\/malartassen\/?page_id=5639"},"modified":"2025-08-22T14:40:17","modified_gmt":"2025-08-22T14:40:17","slug":"tips-och-rad","status":"publish","type":"page","link":"https:\/\/www.djurskyddet.se\/malartassen\/tips-och-rad\/","title":{"rendered":"Tips och r\u00e5d"},"content":{"rendered":"\n<p><a href=\"https:\/\/www.djurskyddet.se\/malartassen\/att-slappa-ut-en-tidigare-vild-och-skygg-katt-sa-bor-du-tanka\/\" data-type=\"page\" data-id=\"6095\">Att sl\u00e4ppa ut en tidigare f\u00f6rvildad och skygg katt \u2013 s\u00e5 b\u00f6r du t\u00e4nka<\/a><\/p>\n\n\n\n<p><a href=\"https:\/\/www.djurskyddet.se\/malartassen\/viktigt-att-veta-sadant-som-kan-skada-din-katt\/\" data-type=\"link\" data-id=\"https:\/\/www.djurskyddet.se\/malartassen\/viktigt-att-veta-sadant-som-kan-skada-din-katt\/\">Viktigt att veta: S\u00e5dant som kan skada din katt!<\/a><\/p>\n\n\n\n<p><a href=\"https:\/\/www.djurskyddet.se\/malartassen\/mat-till-din-nya-katt-rad-tips\/\" data-type=\"page\" data-id=\"6153\">Mat till din nya katt \u2013 r\u00e5d &amp; tips<\/a><\/p>\n\n\n\n<h2 class=\"wp-block-heading\">Viktiga hemsidor<\/h2>\n\n\n\n<p><a href=\"http:\/\/vilse.nu\" data-type=\"link\" data-id=\"vilse.nu\">vilse.nu<\/a> &#8211; om du beh\u00f6ver hj\u00e4lp att hitta din bortsprungna katt<\/p>\n\n\n\n<p><a href=\"https:\/\/jordbruksverket.se\/\">https:\/\/jordbruksverket.se\/<\/a><\/p>\n\n\n\n<p><a href=\"https:\/\/www.lansstyrelsen.se\/vastmanland.html\">https:\/\/www.lansstyrelsen.se\/vastmanland.html<\/a><\/p>\n\n\n\n<p><a href=\"https:\/\/polisen.se\/\">https:\/\/polisen.se\/<\/a><\/p>\n\n\n\n<p><a href=\"https:\/\/www.djurskyddet.se\/\">https:\/\/www.djurskyddet.se\/<\/a><\/p>\n","protected":false},"excerpt":{"rendered":"<p>Att sl\u00e4ppa ut en tidigare f\u00f6rvildad och skygg katt \u2013 s\u00e5 b\u00f6r du t\u00e4nka Viktigt att veta: S\u00e5dant som kan skada din katt! Mat till din nya katt \u2013 r\u00e5d &amp; tips Viktiga hemsidor vilse.nu &#8211; om du beh\u00f6ver hj\u00e4lp att hitta din bortsprungna katt https:\/\/jordbruksverket.se\/ https:\/\/www.lansstyrelsen.se\/vastmanland.html https:\/\/polisen.se\/ https:\/\/www.djurskyddet.se\/<\/p>\n","protected":false},"author":3,"featured_media":0,"parent":0,"menu_order":0,"comment_status":"closed","ping_status":"closed","template":"left-sidebar.php","meta":{"_acf_changed":false,"footnotes":""},"class_list":["post-5639","page","type-page","status-publish","hentry"],"acf":[],"_links":{"self":[{"href":"https:\/\/www.djurskyddet.se\/malartassen\/wp-json\/wp\/v2\/pages\/5639","targetHints":{"allow":["GET"]}}],"collection":[{"href":"https:\/\/www.djurskyddet.se\/malartassen\/wp-json\/wp\/v2\/pages"}],"about":[{"href":"https:\/\/www.djurskyddet.se\/malartassen\/wp-json\/wp\/v2\/types\/page"}],"author":[{"embeddable":true,"href":"https:\/\/www.djurskyddet.se\/malartassen\/wp-json\/wp\/v2\/users\/3"}],"replies":[{"embeddable":true,"href":"https:\/\/www.djurskyddet.se\/malartassen\/wp-json\/wp\/v2\/comments?post=5639"}],"version-history":[{"count":15,"href":"https:\/\/www.djurskyddet.se\/malartassen\/wp-json\/wp\/v2\/pages\/5639\/revisions"}],"predecessor-version":[{"id":6166,"href":"https:\/\/www.djurskyddet.se\/malartassen\/wp-json\/wp\/v2\/pages\/5639\/revisions\/6166"}],"wp:attachment":[{"href":"https:\/\/www.djurskyddet.se\/malartassen\/wp-json\/wp\/v2\/media?parent=5639"}],"curies":[{"name":"wp","href":"https:\/\/api.w.org\/{rel}","templated":true}]}}