{"id":5662,"date":"2020-11-06T14:34:06","date_gmt":"2020-11-06T14:34:06","guid":{"rendered":"https:\/\/www.djurskyddet.se\/malartassen\/?page_id=5662"},"modified":"2022-02-07T14:50:47","modified_gmt":"2022-02-07T14:50:47","slug":"kastreringskonto","status":"publish","type":"page","link":"https:\/\/www.djurskyddet.se\/malartassen\/kastreringskonto\/","title":{"rendered":"Kastreringskonto"},"content":{"rendered":"\n<p>Vill du st\u00f6tta v\u00e5ra kasteringskampanjer? Se bankgiro och swish nedan. <br><img loading=\"lazy\" decoding=\"async\" height=\"16\" width=\"16\" alt=\"?\" src=\"https:\/\/static.xx.fbcdn.net\/images\/emoji.php\/v9\/ted\/1.5\/16\/1f49a.png\"> Konto Djurskyddet M\u00e4lartassen\/kastrering <br><img loading=\"lazy\" decoding=\"async\" height=\"16\" width=\"16\" alt=\"?\" src=\"https:\/\/static.xx.fbcdn.net\/images\/emoji.php\/v9\/ted\/1.5\/16\/1f49a.png\"> Bankgiro: 5488-1842, m\u00e4rk med &#8221;kastrering&#8221;<br><img loading=\"lazy\" decoding=\"async\" height=\"16\" width=\"16\" alt=\"?\" src=\"https:\/\/static.xx.fbcdn.net\/images\/emoji.php\/v9\/ted\/1.5\/16\/1f49a.png\"> Swish: 123 439 74 51<\/p>\n","protected":false},"excerpt":{"rendered":"<p>Vill du st\u00f6tta v\u00e5ra kasteringskampanjer? Se bankgiro och swish nedan. Konto Djurskyddet M\u00e4lartassen\/kastrering Bankgiro: 5488-1842, m\u00e4rk med &#8221;kastrering&#8221; Swish: 123 439 74 51<\/p>\n","protected":false},"author":3,"featured_media":0,"parent":0,"menu_order":0,"comment_status":"closed","ping_status":"closed","template":"left-sidebar.php","meta":{"_acf_changed":false,"footnotes":""},"class_list":["post-5662","page","type-page","status-publish","hentry"],"acf":[],"_links":{"self":[{"href":"https:\/\/www.djurskyddet.se\/malartassen\/wp-json\/wp\/v2\/pages\/5662","targetHints":{"allow":["GET"]}}],"collection":[{"href":"https:\/\/www.djurskyddet.se\/malartassen\/wp-json\/wp\/v2\/pages"}],"about":[{"href":"https:\/\/www.djurskyddet.se\/malartassen\/wp-json\/wp\/v2\/types\/page"}],"author":[{"embeddable":true,"href":"https:\/\/www.djurskyddet.se\/malartassen\/wp-json\/wp\/v2\/users\/3"}],"replies":[{"embeddable":true,"href":"https:\/\/www.djurskyddet.se\/malartassen\/wp-json\/wp\/v2\/comments?post=5662"}],"version-history":[{"count":2,"href":"https:\/\/www.djurskyddet.se\/malartassen\/wp-json\/wp\/v2\/pages\/5662\/revisions"}],"predecessor-version":[{"id":5706,"href":"https:\/\/www.djurskyddet.se\/malartassen\/wp-json\/wp\/v2\/pages\/5662\/revisions\/5706"}],"wp:attachment":[{"href":"https:\/\/www.djurskyddet.se\/malartassen\/wp-json\/wp\/v2\/media?parent=5662"}],"curies":[{"name":"wp","href":"https:\/\/api.w.org\/{rel}","templated":true}]}}