{"id":5728,"date":"2023-08-08T01:27:17","date_gmt":"2023-08-08T01:27:17","guid":{"rendered":"https:\/\/www.djurskyddet.se\/malartassen\/?page_id=5728"},"modified":"2026-04-22T12:52:03","modified_gmt":"2026-04-22T12:52:03","slug":"adoption","status":"publish","type":"page","link":"https:\/\/www.djurskyddet.se\/malartassen\/adoption\/","title":{"rendered":"Adoption"},"content":{"rendered":"\n<h2 class=\"wp-block-heading\"><strong>Att t\u00e4nka p\u00e5<\/strong><\/h2>\n\n\n\n<p>F\u00f6r att kunna adoptera katt fr\u00e5n oss beh\u00f6ver du vara minst 20 \u00e5r och kunna uppvisa giltig svensk legitimation. Om du \u00e4r 75 \u00e5r, eller \u00e4ldre, m\u00e5ste du ha med dig en anh\u00f6rig eller v\u00e4n som \u00e4r h\u00f6gst 60 \u00e5r. \u00c4ven denne m\u00e5ste uppvisa giltig svensk legitimation. Vi s\u00e4ljer endast katter till K\u00f6ping med n\u00e4romr\u00e5de. Detta d\u00e5 vi vill ha m\u00f6jlighet att vid behov f\u00f6lja upp kattens nya hem.<\/p>\n\n\n\n<p>Ingen kattunge f\u00e5r tas fr\u00e5n sin mamma innan den \u00e4r minst 12 veckor. Vi l\u00e5ter heller inte alla kattungar i en kull flytta samtidigt, utan l\u00e5ter n\u00e5gra dagar g\u00e5 emellan. <strong>Kattungarna s\u00e4ljs heller inte ensamma, antingen adopterar man tv\u00e5 eller s\u00e5 har man en kisse hemma sedan tidigare.<\/strong><\/p>\n\n\n\n<p>Har du anlag f\u00f6r allergi? Har du tidigare haft k\u00e4nningar n\u00e4r du varit n\u00e4ra katter? Be din l\u00e4kare om att f\u00e5 g\u00f6ra ett allergitest innan du best\u00e4mmer dig f\u00f6r att adoptera katt.<\/p>\n\n\n\n<h2 class=\"wp-block-heading\"><strong>Adoptionsavtal och registrering<\/strong><\/h2>\n\n\n\n<p>Vid adoption av en katt uppr\u00e4ttas ett adoptionsavtal mellan katthemmet och den som adopterar. Som en del av adoptionsprocessen kr\u00e4vs att katten registreras hos Jordbruksverket. <strong>Registreringen kostar 40 kronor och betalas av den som adopterar.<\/strong><\/p>\n\n\n\n<h2 class=\"wp-block-heading\"><strong>Uppf\u00f6ljning efter adoption<\/strong><\/h2>\n\n\n\n<p>Vi vill g\u00e4rna veta hur det g\u00e5r f\u00f6r din nya familjemedlem! D\u00e4rf\u00f6r h\u00f6r vi av oss via telefon eller SMS veckan efter adoptionen, och sedan g\u00f6r vi en uppf\u00f6ljning igen efter n\u00e5gra m\u00e5nader f\u00f6r att se hur katten har anpassat sig och trivs i sitt nya hem.<\/p>\n\n\n\n<h2 class=\"wp-block-heading\"><strong>Bes\u00f6k katten<\/strong><\/h2>\n\n\n\n<p>Det \u00e4r viktigt att h\u00e4lsa p\u00e5 katten innan adoption. Varje katt har sin egen unika personlighet och temperament. Genom att bes\u00f6ka katten innan du adopterar den f\u00e5r du en m\u00f6jlighet att interagera och l\u00e4ra k\u00e4nna kattens beteende. Det \u00e4r viktigt att du och katten trivs med varandra och har en god kemi, eftersom detta kommer att p\u00e5verka er relation och hur v\u00e4l ni kan anpassa er till varandras behov.<\/p>\n\n\n\n<p>Genom att bes\u00f6ka katten i dess nuvarande milj\u00f6 kan du f\u00e5 en b\u00e4ttre f\u00f6rst\u00e5else f\u00f6r dess beteende och rutiner. Detta kan vara till hj\u00e4lp n\u00e4r du tar med katten hem, eftersom du kan arbeta med att skapa en milj\u00f6 som \u00e4r bekv\u00e4m och bekant f\u00f6r katten fr\u00e5n b\u00f6rjan.<\/p>\n\n\n\n<p>Om du har barn eller andra husdjur \u00e4r det viktigt att se hur katten reagerar p\u00e5 dem och hur de reagerar p\u00e5 katten. Detta kan hj\u00e4lpa till att f\u00f6ruts\u00e4ga hur v\u00e4l de kommer att samarbeta och trivas tillsammans.<\/p>\n\n\n\n<h2 class=\"wp-block-heading\"><strong>H\u00e4mta katten<\/strong><\/h2>\n\n\n\n<p>Katten h\u00e4mtas p\u00e5 avtalad tid. N\u00e4r du h\u00e4mtar katten m\u00e5ste du ha en transportbur med dig. <strong>Vi till\u00e5ter inte att man tar katten p\u00e5 allm\u00e4nna transportmedel s\u00e5som buss eller t\u00e5g.<\/strong><\/p>\n\n\n\n<p>Du betalar f\u00f6r katten, kontant eller swish. Vi skriver avtal, vilket du f\u00e5r med dig tillsammans med \u00f6vriga handlingar tillh\u00f6rande katten.<br><\/p>\n\n\n\n<h2 class=\"wp-block-heading\"><strong>\u00d6vrig information<\/strong><\/h2>\n\n\n\n<p>Alla katter \u00e4r avmaskade, behandlade f\u00f6r \u00f6ronskabb vid behov, vaccinerade, kastrerade, ID-m\u00e4rkta och registrerade n\u00e4r de \u00e4r klara att h\u00e4mtas. Katterna \u00e4r \u00e4ven f\u00f6rs\u00e4krade hos oss, och denna f\u00f6rs\u00e4kring har man m\u00f6jlighet att ta \u00f6ver.<\/p>\n\n\n\n<p>N\u00e4r det g\u00e4ller en kattunge, det vill s\u00e4ga en \u00e4nnu inte k\u00f6nsmogen katt, f\u00e5r man med ett kvitto p\u00e5 att man betalat f\u00f6r kastrering, \u00f6ron- och chipm\u00e4rkning samt registrering. N\u00e4r katten blivit sex m\u00e5nader kan du l\u00e4mna kvittot till veterin\u00e4ren vi anlitar,som i sin tur fakturerar oss f\u00f6r detta.<\/p>\n\n\n\n<p>Om det av n\u00e5gon anledning inte fungerar i det nya hemmet kan man under vissa f\u00f6ruts\u00e4ttningar l\u00e4mna tillbaka kissen inom tv\u00e5 veckor. L\u00e4mnar man tillbaka katten inom tv\u00e5 veckor f\u00e5r man 1000 kr tillbaka.  Alla handlingar m\u00e5ste l\u00e4mnas tillbaka samtidigt. Katten f\u00e5r inte ha vistats utomhus, inte ens i koppel. Har man annan katt i hemmet sedan tidigare f\u00e5r inte heller denna ha vistats ute under denna tid.<\/p>\n\n\n\n<h2 class=\"wp-block-heading\"><strong>Pris<\/strong><\/h2>\n\n\n\n<p>V\u00e5ra katter kostar 2500 kr.<\/p>\n\n\n\n<p>I detta pris ing\u00e5r f\u00f6ljande:<\/p>\n\n\n\n<ul class=\"wp-block-list\">\n<li>Veterin\u00e4runders\u00f6kning\/H\u00e4lsounders\u00f6kning<\/li>\n\n\n\n<li>Vaccination x2<\/li>\n\n\n\n<li>Avmaskning<\/li>\n\n\n\n<li>I f\u00f6rekommande fall, behandling mot skabb<\/li>\n\n\n\n<li>Kastrering<\/li>\n\n\n\n<li>ID-m\u00e4rkning<\/li>\n<\/ul>\n\n\n\n<p>Vid adoption av kattungar\/ej k\u00f6nsmogna katter ing\u00e5r kastrering och ID-m\u00e4rkning. Detta g\u00f6rs tidigast n\u00e4r katten blivit k\u00f6nsmogen (cirka sex m\u00e5nader) och man f\u00e5r d\u00e5 sj\u00e4lv \u00e5ka med katten till veterin\u00e4r. Detta ska utf\u00f6ras endast av v\u00e5r veterin\u00e4r.<\/p>\n\n\n\n<p><strong>F\u00f6r betalning av katter tar vi emot kontanter eller swish.<\/strong><\/p>\n\n\n\n<p>Priserna f\u00f6r v\u00e5ra katter kan vid en f\u00f6rsta anblick verka n\u00e5got h\u00f6ga, men kom ih\u00e5g att allt ovan ing\u00e5r. I j\u00e4mf\u00f6relse kan vi n\u00e4mna n\u00e5gra prisexempel fr\u00e5n<\/p>\n\n\n\n<ul class=\"wp-block-list\">\n<li>Kastrering honkatt 2 020kr<\/li>\n\n\n\n<li>Kastrering hankatt 1 120 kr<\/li>\n\n\n\n<li>Vaccinationer (2 st) 1300 kr<\/li>\n\n\n\n<li>Chipm\u00e4rkning 700 kr<\/li>\n\n\n\n<li>Avmaskning 105 kr<\/li>\n<\/ul>\n\n\n\n<p>Fyll i intresseformul\u00e4ret nedan om du vill adoptera en katt s\u00e5 \u00e5terkommer vi s\u00e5 fort vi kan. <\/p>\n\n\n\n<div class=\"wpcf7 no-js\" id=\"wpcf7-f5502-o1\" lang=\"sv-SE\" dir=\"ltr\" data-wpcf7-id=\"5502\">\n<div class=\"screen-reader-response\"><p role=\"status\" aria-live=\"polite\" aria-atomic=\"true\"><\/p> <ul><\/ul><\/div>\n<form action=\"\/malartassen\/wp-json\/wp\/v2\/pages\/5728#wpcf7-f5502-o1\" method=\"post\" class=\"wpcf7-form init\" aria-label=\"Kontaktformul\u00e4r\" novalidate=\"novalidate\" data-status=\"init\">\n<fieldset class=\"hidden-fields-container\"><input type=\"hidden\" name=\"_wpcf7\" value=\"5502\" \/><input type=\"hidden\" name=\"_wpcf7_version\" value=\"6.1\" \/><input type=\"hidden\" name=\"_wpcf7_locale\" value=\"sv_SE\" \/><input type=\"hidden\" name=\"_wpcf7_unit_tag\" value=\"wpcf7-f5502-o1\" \/><input type=\"hidden\" name=\"_wpcf7_container_post\" value=\"0\" \/><input type=\"hidden\" name=\"_wpcf7_posted_data_hash\" value=\"\" \/><input type=\"hidden\" name=\"_wpcf7_recaptcha_response\" value=\"\" \/>\n<\/fieldset>\n<div class=\"uacf7-form-wrapper-container uacf7-form-5502  \"><label> Ditt namn*\n    <span class=\"wpcf7-form-control-wrap\" data-name=\"namn\"><input size=\"40\" maxlength=\"400\" class=\"wpcf7-form-control wpcf7-text wpcf7-validates-as-required\" aria-required=\"true\" aria-invalid=\"false\" value=\"\" type=\"text\" name=\"namn\" \/><\/span> <\/label>\n\n<label> Personnummer (inget bindestreck)*\n<span class=\"wpcf7-form-control-wrap\" data-name=\"personnummer\"><input class=\"wpcf7-form-control wpcf7-number wpcf7-validates-as-required wpcf7-validates-as-number\" aria-required=\"true\" aria-invalid=\"false\" placeholder=\"\u00e5\u00e5\u00e5\u00e5mmddxxxx\" value=\"\" type=\"number\" name=\"personnummer\" \/><\/span> <\/label>\n\n<label> Ort och boendesituation*\n    <span class=\"wpcf7-form-control-wrap\" data-name=\"boende\"><input size=\"40\" maxlength=\"400\" class=\"wpcf7-form-control wpcf7-text wpcf7-validates-as-required\" aria-required=\"true\" aria-invalid=\"false\" value=\"\" type=\"text\" name=\"boende\" \/><\/span> <\/label>\n\n<label>Relationsstatus och familj*\n<span class=\"wpcf7-form-control-wrap\" data-name=\"familj\"><input size=\"40\" maxlength=\"400\" class=\"wpcf7-form-control wpcf7-text wpcf7-validates-as-required\" aria-required=\"true\" aria-invalid=\"false\" value=\"\" type=\"text\" name=\"familj\" \/><\/span><\/label>\n\n<label>Arbete eller annan syssels\u00e4ttning*\n<span class=\"wpcf7-form-control-wrap\" data-name=\"arbete\"><input size=\"40\" maxlength=\"400\" class=\"wpcf7-form-control wpcf7-text wpcf7-validates-as-required\" aria-required=\"true\" aria-invalid=\"false\" value=\"\" type=\"text\" name=\"arbete\" \/><\/span><\/label>\n\n<label>Information om eventuella andra husdjur\n<span class=\"wpcf7-form-control-wrap\" data-name=\"tidigare-djur\"><input size=\"40\" maxlength=\"400\" class=\"wpcf7-form-control wpcf7-text\" aria-invalid=\"false\" value=\"\" type=\"text\" name=\"tidigare-djur\" \/><\/span><\/label>\n\nS\u00f6ker du innekatt eller utekatt?*\n<span class=\"wpcf7-form-control-wrap\" data-name=\"innekatt-utekatt\"><select class=\"wpcf7-form-control wpcf7-select wpcf7-validates-as-required\" aria-required=\"true\" aria-invalid=\"false\" name=\"innekatt-utekatt\"><option value=\"Innekatt\">Innekatt<\/option><option value=\"Utekatt\">Utekatt<\/option><option value=\"Vilket som\">Vilket som<\/option><\/select><\/span>\n\n\n<label>Beskriv vilken typ av katt du s\u00f6ker (utseende\/temprament\/\u00e5lder mm.)*\n   <span class=\"wpcf7-form-control-wrap\" data-name=\"typ-katt\"><input size=\"40\" maxlength=\"400\" class=\"wpcf7-form-control wpcf7-text wpcf7-validates-as-required\" aria-required=\"true\" aria-invalid=\"false\" value=\"\" type=\"text\" name=\"typ-katt\" \/><\/span> <\/label>\n\n\n<label>Har du hittat en specifik katt bland v\u00e5ra katter som s\u00f6ker hem, som du \u00e4r intresserad av? Vilken katt i s\u00e5 fall?\n   <span class=\"wpcf7-form-control-wrap\" data-name=\"katt-namn\"><input size=\"40\" maxlength=\"400\" class=\"wpcf7-form-control wpcf7-text\" aria-invalid=\"false\" value=\"\" type=\"text\" name=\"katt-namn\" \/><\/span> <\/label>\n\n<label>Epostadress*\n    <span class=\"wpcf7-form-control-wrap\" data-name=\"epostadress\"><input size=\"40\" maxlength=\"400\" class=\"wpcf7-form-control wpcf7-email wpcf7-validates-as-required wpcf7-text wpcf7-validates-as-email\" aria-required=\"true\" aria-invalid=\"false\" value=\"\" type=\"email\" name=\"epostadress\" \/><\/span> <\/label>\n\n<label> Telefonnummer\n    <span class=\"wpcf7-form-control-wrap\" data-name=\"telefonnummer\"><input class=\"wpcf7-form-control wpcf7-number wpcf7-validates-as-number\" aria-invalid=\"false\" value=\"\" type=\"number\" name=\"telefonnummer\" \/><\/span> <\/label>\n\n<label> Eventuellt \u00f6vrigt meddelande\n    <span class=\"wpcf7-form-control-wrap\" data-name=\"meddelande\"><input size=\"40\" maxlength=\"400\" class=\"wpcf7-form-control wpcf7-text\" aria-invalid=\"false\" value=\"\" type=\"text\" name=\"meddelande\" \/><\/span> <\/label>\n\n*Obligatoriska f\u00e4lt.\n\n<input class=\"wpcf7-form-control wpcf7-submit has-spinner\" type=\"submit\" value=\"Skicka\" \/><\/div><div class=\"wpcf7-response-output\" aria-hidden=\"true\"><\/div>\n<\/form>\n<\/div>\n\n\n\n\n<p><\/p>\n","protected":false},"excerpt":{"rendered":"<p>Att t\u00e4nka p\u00e5 F\u00f6r att kunna adoptera katt fr\u00e5n oss beh\u00f6ver du vara minst 20 \u00e5r och kunna uppvisa giltig svensk legitimation. Om du \u00e4r 75 \u00e5r, eller \u00e4ldre, m\u00e5ste du ha med dig en anh\u00f6rig eller v\u00e4n som \u00e4r h\u00f6gst 60 \u00e5r. \u00c4ven denne m\u00e5ste uppvisa giltig svensk legitimation. Vi s\u00e4ljer endast katter till K\u00f6ping med n\u00e4romr\u00e5de. Detta d\u00e5 vi vill ha m\u00f6jlighet att vid behov f\u00f6lja upp kattens&hellip;<\/p>\n<p><a class=\"more-link\" href=\"https:\/\/www.djurskyddet.se\/malartassen\/adoption\/\" title=\"Continue reading &lsquo;Adoption&rsquo;\">L&auml;s mer<span class=\"meta-nav\">&raquo;<\/span><\/a><\/p>\n","protected":false},"author":44,"featured_media":0,"parent":0,"menu_order":0,"comment_status":"closed","ping_status":"closed","template":"left-sidebar.php","meta":{"_acf_changed":false,"footnotes":""},"class_list":["post-5728","page","type-page","status-publish","hentry"],"acf":[],"_links":{"self":[{"href":"https:\/\/www.djurskyddet.se\/malartassen\/wp-json\/wp\/v2\/pages\/5728","targetHints":{"allow":["GET"]}}],"collection":[{"href":"https:\/\/www.djurskyddet.se\/malartassen\/wp-json\/wp\/v2\/pages"}],"about":[{"href":"https:\/\/www.djurskyddet.se\/malartassen\/wp-json\/wp\/v2\/types\/page"}],"author":[{"embeddable":true,"href":"https:\/\/www.djurskyddet.se\/malartassen\/wp-json\/wp\/v2\/users\/44"}],"replies":[{"embeddable":true,"href":"https:\/\/www.djurskyddet.se\/malartassen\/wp-json\/wp\/v2\/comments?post=5728"}],"version-history":[{"count":18,"href":"https:\/\/www.djurskyddet.se\/malartassen\/wp-json\/wp\/v2\/pages\/5728\/revisions"}],"predecessor-version":[{"id":6440,"href":"https:\/\/www.djurskyddet.se\/malartassen\/wp-json\/wp\/v2\/pages\/5728\/revisions\/6440"}],"wp:attachment":[{"href":"https:\/\/www.djurskyddet.se\/malartassen\/wp-json\/wp\/v2\/media?parent=5728"}],"curies":[{"name":"wp","href":"https:\/\/api.w.org\/{rel}","templated":true}]}}