{"id":5764,"date":"2023-11-30T17:25:31","date_gmt":"2023-11-30T17:25:31","guid":{"rendered":"https:\/\/www.djurskyddet.se\/malartassen\/?page_id=5764"},"modified":"2026-01-10T15:23:13","modified_gmt":"2026-01-10T15:23:13","slug":"jourhem","status":"publish","type":"page","link":"https:\/\/www.djurskyddet.se\/malartassen\/jourhem\/","title":{"rendered":"Jourhem"},"content":{"rendered":"\n<p>Ett jourhem \u00e4r ett tillf\u00e4lligt hem d\u00e4r en heml\u00f6s katt eller en katt som beh\u00f6ver omplaceras f\u00e5r ett tillf\u00e4lligt hem under tiden vi letar efter \u00e4garen eller ett nytt permanent hem. Detta kan ta allt ifr\u00e5n n\u00e5gra veckor till n\u00e5gra m\u00e5nader. <strong>Observera att katten inte ges bort gratis till jourhemmet \u2013 adoptionsavgiften g\u00e4ller \u00e4ven f\u00f6r jourhem.<\/strong><\/p>\n\n\n\n<h2 class=\"wp-block-heading\">Vad inneb\u00e4r det att vara jourhem?<\/h2>\n\n\n\n<p>Du f\u00e5r en kontaktperson i f\u00f6reningen som du alltid kan v\u00e4nda dig till vid fr\u00e5gor eller problem. Du tar hand om katten som om den var din egen, ser till att den m\u00e5r bra b\u00e5de fysiskt och psykiskt och har vad den beh\u00f6ver. <strong>Katten beh\u00f6ver ett eget rum <\/strong>d\u00e4r det g\u00e5r att socialisera den i den takt som katten till\u00e5ter. Det inneb\u00e4r att inga m\u00f6bler som katten kan g\u00f6mma sig under f\u00e5r vara i rummet eftersom det f\u00f6rsv\u00e5rar arbetet med att v\u00e4nja den med m\u00e4nniskor. <\/p>\n\n\n\n<p>Detta inneb\u00e4r ocks\u00e5 att du m\u00e5ste skaffa kattvakt om du exempelvis \u00e5ker bort. Du st\u00e5r f\u00f6r den dagliga sk\u00f6tseln och Djurskyddet M\u00e4lartassen st\u00e5r f\u00f6r mat, sand, veterin\u00e4rv\u00e5rd, l\u00e5da, kl\u00f6str\u00e4d mm. Du beh\u00f6ver inte st\u00e5 f\u00f6r n\u00e5gra kostnader sj\u00e4lv. Djurskyddet M\u00e4lartassen st\u00e5r ocks\u00e5 f\u00f6r den veterin\u00e4rv\u00e5rd som beh\u00f6vs, men t\u00e4nk p\u00e5 att all s\u00e5dan v\u00e5rd sker i samr\u00e5d med din kontaktperson. Detta g\u00e4ller \u00e4ven avmaskning och medicinering, det kan vara direkt livsfarligt f\u00f6r katten att f\u00e5 i sig fel medicin\/medel. Om katten visar tecken p\u00e5 att vara sjuk kontakta oss snarast.<\/p>\n\n\n\n<p>Det \u00e4r viktigt att b\u00e5de du och din familj noga t\u00e4nker igenom vad det inneb\u00e4r att vara jourhem. Det \u00e4r stressande f\u00f6r oss att beh\u00f6va leta nytt jourhem om jourhemmet tr\u00f6ttnar, och det \u00e4r inte heller bra f\u00f6r katten att slitas upp och beh\u00f6va anpassa sig till en ny tillvaro flera g\u00e5nger. En katt som varit heml\u00f6s beh\u00f6ver tid, t\u00e5lamod och massor av k\u00e4rlek f\u00f6r att k\u00e4nna sig trygg.<\/p>\n\n\n\n<p>Om du t\u00e4nkt igenom detta och vet att du har tid och ork att ge till en beh\u00f6vande katt h\u00f6r g\u00e4rna av dig till oss. Det \u00e4r mycket givande att vara jourhem och en stor gl\u00e4dje att f\u00e5 f\u00f6lja en katt en bit p\u00e5 v\u00e4gen till ett nytt liv. Sj\u00e4lvklart kan det uppst\u00e5 situationer n\u00e4r man inte kan vara jourhem l\u00e4ngre, meddela oss d\u00e5 s\u00e5 fort som m\u00f6jligt s\u00e5 vi kan b\u00f6rja leta efter ett nytt jourhem.<\/p>\n\n\n\n<h3 class=\"wp-block-heading\">Jourhemskatt = Innekatt<\/h3>\n\n\n\n<p>Katten ska h\u00e5llas som innekatt p\u00e5 grund av den stora rymningsrisken. Det \u00e4r viktigt att du ser till att det inte finns n\u00e5gra \u201drymningsv\u00e4gar\u201d genom att h\u00e5lla f\u00f6nster och d\u00f6rrar st\u00e4ngda. Om katten skulle f\u00f6rsvinna m\u00e5ste du genast meddela djurskyddet!<\/p>\n\n\n\n<h2 class=\"wp-block-heading\">Om du redan har katt eller andra djur<\/h2>\n\n\n\n<p>Vi kan inte l\u00e4mna n\u00e5gra garantier f\u00f6r att katten du f\u00e5r hem inte \u00e4r smittob\u00e4rare. Sj\u00e4lvklart b\u00f6r dina eventuella egna djur vara vaccinerade och katter ska \u00e4ven vara kastrerade. Du b\u00f6r kunna h\u00e5lla dem \u00e5tskilda i olika rum om smittorisk finns (du f\u00e5r information av oss om s\u00e5 \u00e4r fallet)&nbsp;eller problem skulle uppst\u00e5 mellan djuren.<\/p>\n\n\n\n<p>I v\u00e4rsta fall kan katten du tar in orsaka skador i ditt hem, dessa kan vi tyv\u00e4rr inte ers\u00e4tta. Kontakta oss s\u00e5 f\u00e5r vi f\u00f6rs\u00f6ka hitta en l\u00f6sning s\u00e5 att inte ytterligare skada sker. T\u00e4nk p\u00e5 att katter har behov av att kl\u00f6sa, Djurskyddet M\u00e4lartassen har n\u00e5gra kl\u00f6str\u00e4d\/m\u00f6bler om du inte sj\u00e4lv har s\u00e5dant.<\/p>\n\n\n\n<h2 class=\"wp-block-heading\">Annonsering och visningar<\/h2>\n\n\n\n<p>Under tiden katten bor hos dig kommer vi att s\u00f6ka permanent hem p\u00e5 olika s\u00e4tt, via Facebook, hemsida, lappar och genom annons p\u00e5 Blocket. F\u00f6r att en blivande katt\u00e4gare ska ha m\u00f6jlighet att l\u00e4ra k\u00e4nna katten m\u00e5ste du vara beredd att ta emot bes\u00f6k i ditt hem. Om du sj\u00e4lv skulle vilja beh\u00e5lla katten st\u00e5r du f\u00f6rst i tur. Om du k\u00e4nner n\u00e5gon som \u00e4r intresserad av att adoptera katten \u00e4r det f\u00f6rst\u00e5s j\u00e4ttebra, men t\u00e4nk p\u00e5 att all omplacering m\u00e5ste godk\u00e4nnas av djurskyddet.<\/p>\n\n\n\n<p>Vi skriver ocks\u00e5 ett jourhemskontrakt, f\u00f6r din och kattens b\u00e4sta.<\/p>\n\n\n\n<p>Vi kan endas ha jourhem i K\u00f6ping-, Arboga- och Kungs\u00f6rsomr\u00e5det.<\/p>\n\n\n\n<p>\u00c4r du intresserad s\u00e5 fyll i nedanst\u00e5ende formul\u00e4r s\u00e5 kontaktar vi dig med fullst\u00e4ndig information.<\/p>\n\n\n\n<div class=\"wpcf7 no-js\" id=\"wpcf7-f5766-o1\" lang=\"sv-SE\" dir=\"ltr\" data-wpcf7-id=\"5766\">\n<div class=\"screen-reader-response\"><p role=\"status\" aria-live=\"polite\" aria-atomic=\"true\"><\/p> <ul><\/ul><\/div>\n<form action=\"\/malartassen\/wp-json\/wp\/v2\/pages\/5764#wpcf7-f5766-o1\" method=\"post\" class=\"wpcf7-form init\" aria-label=\"Kontaktformul\u00e4r\" novalidate=\"novalidate\" data-status=\"init\">\n<fieldset class=\"hidden-fields-container\"><input type=\"hidden\" name=\"_wpcf7\" value=\"5766\" \/><input type=\"hidden\" name=\"_wpcf7_version\" value=\"6.1\" \/><input type=\"hidden\" name=\"_wpcf7_locale\" value=\"sv_SE\" \/><input type=\"hidden\" name=\"_wpcf7_unit_tag\" value=\"wpcf7-f5766-o1\" \/><input type=\"hidden\" name=\"_wpcf7_container_post\" value=\"0\" \/><input type=\"hidden\" name=\"_wpcf7_posted_data_hash\" value=\"\" \/><input type=\"hidden\" name=\"_wpcf7_recaptcha_response\" value=\"\" \/>\n<\/fieldset>\n<div class=\"uacf7-form-wrapper-container uacf7-form-5766  \"><label> Ditt namn*\n    <span class=\"wpcf7-form-control-wrap\" data-name=\"namn\"><input size=\"40\" maxlength=\"400\" class=\"wpcf7-form-control wpcf7-text wpcf7-validates-as-required\" aria-required=\"true\" aria-invalid=\"false\" value=\"\" type=\"text\" name=\"namn\" \/><\/span> <\/label>\n\n<label>F\u00f6delsedatum (\u00c5\u00c5MMDD)*  \n    <span class=\"wpcf7-form-control-wrap\" data-name=\"foddatum\"><input size=\"40\" maxlength=\"6\" class=\"wpcf7-form-control wpcf7-text wpcf7-validates-as-required\" aria-required=\"true\" aria-invalid=\"false\" placeholder=\"t.ex. 900213\" value=\"\" type=\"text\" name=\"foddatum\" \/><\/span>\n<\/label>\n\n<label>Epostadress*\n    <span class=\"wpcf7-form-control-wrap\" data-name=\"epostadress\"><input size=\"40\" maxlength=\"400\" class=\"wpcf7-form-control wpcf7-email wpcf7-validates-as-required wpcf7-text wpcf7-validates-as-email\" aria-required=\"true\" aria-invalid=\"false\" value=\"\" type=\"email\" name=\"epostadress\" \/><\/span> <\/label>\n\n<label> Telefonnummer*\n    <span class=\"wpcf7-form-control-wrap\" data-name=\"telefonnummer\"><input class=\"wpcf7-form-control wpcf7-number wpcf7-validates-as-number\" aria-invalid=\"false\" value=\"\" type=\"number\" name=\"telefonnummer\" \/><\/span> <\/label>\n\n<label> Adress*\n    <span class=\"wpcf7-form-control-wrap\" data-name=\"Adress\"><input size=\"40\" maxlength=\"400\" class=\"wpcf7-form-control wpcf7-text wpcf7-validates-as-required\" aria-required=\"true\" aria-invalid=\"false\" value=\"\" type=\"text\" name=\"Adress\" \/><\/span> <\/label>\n\n<label>Finns det ett rum som katten kan vara i till en b\u00f6rjan eller l\u00e4ngre om den \u00e4r skygg?*  \n  <span class=\"wpcf7-form-control-wrap\" data-name=\"room-details\"><input size=\"40\" maxlength=\"400\" class=\"wpcf7-form-control wpcf7-text wpcf7-validates-as-required\" aria-required=\"true\" aria-invalid=\"false\" value=\"\" type=\"text\" name=\"room-details\" \/><\/span>  \n<\/label>\n\n\n<label>Hur m\u00e5nga kvadratmeter \u00e4r bostaden p\u00e5?*  \n  <span class=\"wpcf7-form-control-wrap\" data-name=\"kvadratmeter\"><input size=\"40\" maxlength=\"400\" class=\"wpcf7-form-control wpcf7-text wpcf7-validates-as-required\" aria-required=\"true\" aria-invalid=\"false\" value=\"\" type=\"text\" name=\"kvadratmeter\" \/><\/span>  \n<\/label>\n\n\n\n<label>Ber\u00e4tta lite om dig\/din ev familj och din livssituation*\n<span class=\"wpcf7-form-control-wrap\" data-name=\"livssituation\"><input size=\"40\" maxlength=\"400\" class=\"wpcf7-form-control wpcf7-text wpcf7-validates-as-required\" aria-required=\"true\" aria-invalid=\"false\" value=\"\" type=\"text\" name=\"livssituation\" \/><\/span><\/label>\n\n<label>Finns det barn i familjen? Vilken \u00e5lder\/\u00e5ldrar?*\n<span class=\"wpcf7-form-control-wrap\" data-name=\"barn\"><input size=\"40\" maxlength=\"400\" class=\"wpcf7-form-control wpcf7-text\" aria-invalid=\"false\" value=\"\" type=\"text\" name=\"barn\" \/><\/span><\/label>\n\n<label>Kan du bara ha katten en begr\u00e4nsad tidsperiod, i s\u00e5 fall hur l\u00e4nge?*\n   <span class=\"wpcf7-form-control-wrap\" data-name=\"tidsperiod\"><input size=\"40\" maxlength=\"400\" class=\"wpcf7-form-control wpcf7-text wpcf7-validates-as-required\" aria-required=\"true\" aria-invalid=\"false\" value=\"\" type=\"text\" name=\"tidsperiod\" \/><\/span> <\/label>\n\n<label>Vem\/vilka \u00e4r kattvakt om du reser bort?*\n   <span class=\"wpcf7-form-control-wrap\" data-name=\"kattvakt\"><input size=\"40\" maxlength=\"400\" class=\"wpcf7-form-control wpcf7-text\" aria-invalid=\"false\" value=\"\" type=\"text\" name=\"kattvakt\" \/><\/span> <\/label>\n\n<label> Har ni husdjur? I s\u00e5 fall, ber\u00e4tta om dem!*\n    <span class=\"wpcf7-form-control-wrap\" data-name=\"husdjur\"><input size=\"40\" maxlength=\"400\" class=\"wpcf7-form-control wpcf7-text\" aria-invalid=\"false\" value=\"\" type=\"text\" name=\"husdjur\" \/><\/span> <\/label>\n\n<label> Har du haft katt f\u00f6rut och vad har du f\u00f6r erfarenheter?*\n    <span class=\"wpcf7-form-control-wrap\" data-name=\"erfarenhet\"><input size=\"40\" maxlength=\"400\" class=\"wpcf7-form-control wpcf7-text\" aria-invalid=\"false\" value=\"\" type=\"text\" name=\"erfarenhet\" \/><\/span> <\/label>\n\n<label> \u00c4r n\u00e5gon i hush\u00e5llet allergisk mot katt eller p\u00e4lsdjur?*\n    <span class=\"wpcf7-form-control-wrap\" data-name=\"allergisk\"><input size=\"40\" maxlength=\"400\" class=\"wpcf7-form-control wpcf7-text\" aria-invalid=\"false\" value=\"\" type=\"text\" name=\"allergisk\" \/><\/span> <\/label>\n\n<label> V\u00e5ra jourkatter \u00e4r alltid innekatter. Hur st\u00e4ller du dig till det?*\n    <span class=\"wpcf7-form-control-wrap\" data-name=\"meddelande\"><input size=\"40\" maxlength=\"400\" class=\"wpcf7-form-control wpcf7-text\" aria-invalid=\"false\" value=\"\" type=\"text\" name=\"meddelande\" \/><\/span> <\/label>\n\n<label> Vad f\u00f6rv\u00e4ntar du dig av att vara jourhem?*\n    <span class=\"wpcf7-form-control-wrap\" data-name=\"meddelande\"><input size=\"40\" maxlength=\"400\" class=\"wpcf7-form-control wpcf7-text\" aria-invalid=\"false\" value=\"\" type=\"text\" name=\"meddelande\" \/><\/span> <\/label>\n\n<label> Eventuellt \u00f6vrigt meddelande\n    <span class=\"wpcf7-form-control-wrap\" data-name=\"meddelande\"><input size=\"40\" maxlength=\"400\" class=\"wpcf7-form-control wpcf7-text\" aria-invalid=\"false\" value=\"\" type=\"text\" name=\"meddelande\" \/><\/span> <\/label>\n\nVilka katter kan du t\u00e4nka dig att ta emot? Kryssa f\u00f6r en eller flera alternativ <span class=\"wpcf7-form-control-wrap\" data-name=\"Vilkakatter\"><span class=\"wpcf7-form-control wpcf7-checkbox wpcf7-validates-as-required\"><span class=\"wpcf7-list-item first\"><input type=\"checkbox\" name=\"Vilkakatter[]\" value=\"Okastrerade hanar\" \/><span class=\"wpcf7-list-item-label\">Okastrerade hanar<\/span><\/span><span class=\"wpcf7-list-item\"><input type=\"checkbox\" name=\"Vilkakatter[]\" value=\"Okastrerade honar\" \/><span class=\"wpcf7-list-item-label\">Okastrerade honar<\/span><\/span><span class=\"wpcf7-list-item\"><input type=\"checkbox\" name=\"Vilkakatter[]\" value=\"Vuxna\" \/><span class=\"wpcf7-list-item-label\">Vuxna<\/span><\/span><span class=\"wpcf7-list-item\"><input type=\"checkbox\" name=\"Vilkakatter[]\" value=\"Ungar\" \/><span class=\"wpcf7-list-item-label\">Ungar<\/span><\/span><span class=\"wpcf7-list-item\"><input type=\"checkbox\" name=\"Vilkakatter[]\" value=\"\u00c4ldre\" \/><span class=\"wpcf7-list-item-label\">\u00c4ldre<\/span><\/span><span class=\"wpcf7-list-item\"><input type=\"checkbox\" name=\"Vilkakatter[]\" value=\"Tama\" \/><span class=\"wpcf7-list-item-label\">Tama<\/span><\/span><span class=\"wpcf7-list-item\"><input type=\"checkbox\" name=\"Vilkakatter[]\" value=\"Skygga katter\" \/><span class=\"wpcf7-list-item-label\">Skygga katter<\/span><\/span><span class=\"wpcf7-list-item\"><input type=\"checkbox\" name=\"Vilkakatter[]\" value=\"Hona med kattungar\" \/><span class=\"wpcf7-list-item-label\">Hona med kattungar<\/span><\/span><span class=\"wpcf7-list-item\"><input type=\"checkbox\" name=\"Vilkakatter[]\" value=\"Dr\u00e4ktig hona\/ Digivande\" \/><span class=\"wpcf7-list-item-label\">Dr\u00e4ktig hona\/ Digivande<\/span><\/span><span class=\"wpcf7-list-item last\"><input type=\"checkbox\" name=\"Vilkakatter[]\" value=\"Katt med speciella behov, t ex sjuk katt som beh\u00f6ver medicinering\" \/><span class=\"wpcf7-list-item-label\">Katt med speciella behov, t ex sjuk katt som beh\u00f6ver medicinering<\/span><\/span><\/span><\/span>\n\n*Obligatoriska f\u00e4lt.\n\n<input class=\"wpcf7-form-control wpcf7-submit has-spinner\" type=\"submit\" value=\"Skicka\" \/><\/div><div class=\"wpcf7-response-output\" aria-hidden=\"true\"><\/div>\n<\/form>\n<\/div>\n\n","protected":false},"excerpt":{"rendered":"<p>Ett jourhem \u00e4r ett tillf\u00e4lligt hem d\u00e4r en heml\u00f6s katt eller en katt som beh\u00f6ver omplaceras f\u00e5r ett tillf\u00e4lligt hem under tiden vi letar efter \u00e4garen eller ett nytt permanent hem. Detta kan ta allt ifr\u00e5n n\u00e5gra veckor till n\u00e5gra m\u00e5nader. Observera att katten inte ges bort gratis till jourhemmet \u2013 adoptionsavgiften g\u00e4ller \u00e4ven f\u00f6r jourhem. Vad inneb\u00e4r det att vara jourhem? Du f\u00e5r en kontaktperson i f\u00f6reningen som du&hellip;<\/p>\n<p><a class=\"more-link\" href=\"https:\/\/www.djurskyddet.se\/malartassen\/jourhem\/\" title=\"Continue reading &lsquo;Jourhem&rsquo;\">L&auml;s mer<span class=\"meta-nav\">&raquo;<\/span><\/a><\/p>\n","protected":false},"author":3,"featured_media":0,"parent":0,"menu_order":0,"comment_status":"closed","ping_status":"closed","template":"","meta":{"_acf_changed":false,"footnotes":""},"class_list":["post-5764","page","type-page","status-publish","hentry"],"acf":[],"_links":{"self":[{"href":"https:\/\/www.djurskyddet.se\/malartassen\/wp-json\/wp\/v2\/pages\/5764","targetHints":{"allow":["GET"]}}],"collection":[{"href":"https:\/\/www.djurskyddet.se\/malartassen\/wp-json\/wp\/v2\/pages"}],"about":[{"href":"https:\/\/www.djurskyddet.se\/malartassen\/wp-json\/wp\/v2\/types\/page"}],"author":[{"embeddable":true,"href":"https:\/\/www.djurskyddet.se\/malartassen\/wp-json\/wp\/v2\/users\/3"}],"replies":[{"embeddable":true,"href":"https:\/\/www.djurskyddet.se\/malartassen\/wp-json\/wp\/v2\/comments?post=5764"}],"version-history":[{"count":9,"href":"https:\/\/www.djurskyddet.se\/malartassen\/wp-json\/wp\/v2\/pages\/5764\/revisions"}],"predecessor-version":[{"id":6322,"href":"https:\/\/www.djurskyddet.se\/malartassen\/wp-json\/wp\/v2\/pages\/5764\/revisions\/6322"}],"wp:attachment":[{"href":"https:\/\/www.djurskyddet.se\/malartassen\/wp-json\/wp\/v2\/media?parent=5764"}],"curies":[{"name":"wp","href":"https:\/\/api.w.org\/{rel}","templated":true}]}}