{"id":6132,"date":"2025-08-14T08:37:55","date_gmt":"2025-08-14T08:37:55","guid":{"rendered":"https:\/\/www.djurskyddet.se\/malartassen\/?page_id=6132"},"modified":"2025-08-14T08:47:13","modified_gmt":"2025-08-14T08:47:13","slug":"information-om-utlaning-av-kattfallor-fran-katthemmet-malartassen","status":"publish","type":"page","link":"https:\/\/www.djurskyddet.se\/malartassen\/information-om-utlaning-av-kattfallor-fran-katthemmet-malartassen\/","title":{"rendered":"Information om utl\u00e5ning av kattf\u00e4llor fr\u00e5n katthemmet M\u00e4lartassen"},"content":{"rendered":"\n<p>Vi har endast tv\u00e5 f\u00e4llor till utl\u00e5ning, och f\u00f6r att l\u00e5na en g\u00e4ller f\u00f6ljande:<\/p>\n\n\n\n<p><strong>Kontakt<\/strong><br>Alla f\u00f6rfr\u00e5gningar om utl\u00e5ning hanteras via e-post till: <strong><a>malartassen@djurskyddet.se<\/a><\/strong>.<br>Vi tar inte emot bokningar via Messenger eller telefon. Detta g\u00f6r att vi kan samla all information p\u00e5 ett st\u00e4lle och hantera \u00e4rendena i turordning, eller prioritera s\u00e4rskilt akuta fall.<br>H\u00e5ll uppsikt efter svar fr\u00e5n oss. Om vi inte f\u00e5r \u00e5terkoppling g\u00e5r f\u00e4llan vidare till n\u00e4sta person i k\u00f6n. Har du under v\u00e4ntetiden f\u00e5tt tag p\u00e5 en annan f\u00e4lla ber vi dig att meddela oss.<\/p>\n\n\n\n<p><strong>Kostnad<\/strong><br>Att l\u00e5na en f\u00e4lla kostar 100 kronor. Avgiften g\u00e5r till desinficering och f\u00f6r att kunna k\u00f6pa in fler f\u00e4llor. Det \u00e4r kostnadsfritt att l\u00e5na f\u00e4lla vid samarbete med oss f\u00f6r att f\u00e5nga in en f\u00f6rvildad katt. Betalning sker via swish eller kontant.<\/p>\n\n\n\n<p><strong>Om din egen katt \u00e4r f\u00f6rsvunnen<\/strong><br>Ange i e-postmeddelandet att det g\u00e4ller din egen katt och beskriv om katten har setts till efter f\u00f6rsvinnandet eller om ID-hund har markerat sp\u00e5r.<br>Vi l\u00e5nar inte ut f\u00e4llor f\u00f6r att st\u00e4llas ut \u201dp\u00e5 chans\u201d i hopp om att katten ska g\u00e5 in. F\u00e4llan kr\u00e4ver tillsyn flera g\u00e5nger om dagen, vilket inneb\u00e4r att du m\u00e5ste ha m\u00f6jlighet att sk\u00f6ta detta.<\/p>\n\n\n\n<p><strong>Om du vill f\u00e5nga in en f\u00f6rvildad katt<\/strong><br>Vi beh\u00f6ver veta att du har en plan f\u00f6r vad som ska h\u00e4nda med katten efter inf\u00e5ngningen. Vi kan inte alltid ta emot katter direkt d\u00e5 vi kan ha k\u00f6 till v\u00e5ra jourhem. Innan en eventuell inf\u00e5ngning pratar vi alltid igenom hur vi b\u00e4st kan hj\u00e4lpa till.<\/p>\n\n\n\n<p><strong>Handl\u00e4ggningstid<\/strong><br>Vi g\u00f6r v\u00e5rt b\u00e4sta f\u00f6r att svara s\u00e5 snabbt som m\u00f6jligt, men m\u00e5nga h\u00f6r av sig samtidigt. Vi uppskattar ditt t\u00e5lamod.<\/p>\n\n\n\n<p><strong>Tips<\/strong><br>Polisen har ibland kattf\u00e4llor till utl\u00e5ning, vilket kan vara ett alternativ om du beh\u00f6ver hj\u00e4lp snabbt.<\/p>\n\n\n\n<figure class=\"wp-block-gallery has-nested-images columns-default is-cropped wp-block-gallery-1 is-layout-flex wp-block-gallery-is-layout-flex\">\n<figure class=\"wp-block-image size-large\"><img loading=\"lazy\" decoding=\"async\" width=\"720\" height=\"960\" data-id=\"6135\" src=\"https:\/\/www.djurskyddet.se\/malartassen\/wp-content\/uploads\/sites\/43\/2025\/08\/Falla1.jpg\" alt=\"\" class=\"wp-image-6135\" srcset=\"https:\/\/www.djurskyddet.se\/malartassen\/wp-content\/uploads\/sites\/43\/2025\/08\/Falla1.jpg 720w, https:\/\/www.djurskyddet.se\/malartassen\/wp-content\/uploads\/sites\/43\/2025\/08\/Falla1-225x300.jpg 225w, https:\/\/www.djurskyddet.se\/malartassen\/wp-content\/uploads\/sites\/43\/2025\/08\/Falla1-400x533.jpg 400w\" sizes=\"auto, (max-width: 720px) 100vw, 720px\" \/><\/figure>\n\n\n\n<figure class=\"wp-block-image size-large\"><img loading=\"lazy\" decoding=\"async\" width=\"1024\" height=\"1024\" data-id=\"6136\" src=\"https:\/\/www.djurskyddet.se\/malartassen\/wp-content\/uploads\/sites\/43\/2025\/08\/Falla2.jpg\" alt=\"\" class=\"wp-image-6136\" srcset=\"https:\/\/www.djurskyddet.se\/malartassen\/wp-content\/uploads\/sites\/43\/2025\/08\/Falla2.jpg 1024w, https:\/\/www.djurskyddet.se\/malartassen\/wp-content\/uploads\/sites\/43\/2025\/08\/Falla2-300x300.jpg 300w, https:\/\/www.djurskyddet.se\/malartassen\/wp-content\/uploads\/sites\/43\/2025\/08\/Falla2-150x150.jpg 150w, https:\/\/www.djurskyddet.se\/malartassen\/wp-content\/uploads\/sites\/43\/2025\/08\/Falla2-768x768.jpg 768w, https:\/\/www.djurskyddet.se\/malartassen\/wp-content\/uploads\/sites\/43\/2025\/08\/Falla2-400x400.jpg 400w\" sizes=\"auto, (max-width: 1024px) 100vw, 1024px\" \/><\/figure>\n<\/figure>\n","protected":false},"excerpt":{"rendered":"<p>Vi har endast tv\u00e5 f\u00e4llor till utl\u00e5ning, och f\u00f6r att l\u00e5na en g\u00e4ller f\u00f6ljande: KontaktAlla f\u00f6rfr\u00e5gningar om utl\u00e5ning hanteras via e-post till: malartassen@djurskyddet.se.Vi tar inte emot bokningar via Messenger eller telefon. Detta g\u00f6r att vi kan samla all information p\u00e5 ett st\u00e4lle och hantera \u00e4rendena i turordning, eller prioritera s\u00e4rskilt akuta fall.H\u00e5ll uppsikt efter svar fr\u00e5n oss. Om vi inte f\u00e5r \u00e5terkoppling g\u00e5r f\u00e4llan vidare till n\u00e4sta person i k\u00f6n.&hellip;<\/p>\n<p><a class=\"more-link\" href=\"https:\/\/www.djurskyddet.se\/malartassen\/information-om-utlaning-av-kattfallor-fran-katthemmet-malartassen\/\" title=\"Continue reading &lsquo;Information om utl\u00e5ning av kattf\u00e4llor fr\u00e5n katthemmet M\u00e4lartassen&rsquo;\">L&auml;s mer<span class=\"meta-nav\">&raquo;<\/span><\/a><\/p>\n","protected":false},"author":44,"featured_media":0,"parent":0,"menu_order":0,"comment_status":"closed","ping_status":"closed","template":"","meta":{"_acf_changed":false,"footnotes":""},"class_list":["post-6132","page","type-page","status-publish","hentry"],"acf":[],"_links":{"self":[{"href":"https:\/\/www.djurskyddet.se\/malartassen\/wp-json\/wp\/v2\/pages\/6132","targetHints":{"allow":["GET"]}}],"collection":[{"href":"https:\/\/www.djurskyddet.se\/malartassen\/wp-json\/wp\/v2\/pages"}],"about":[{"href":"https:\/\/www.djurskyddet.se\/malartassen\/wp-json\/wp\/v2\/types\/page"}],"author":[{"embeddable":true,"href":"https:\/\/www.djurskyddet.se\/malartassen\/wp-json\/wp\/v2\/users\/44"}],"replies":[{"embeddable":true,"href":"https:\/\/www.djurskyddet.se\/malartassen\/wp-json\/wp\/v2\/comments?post=6132"}],"version-history":[{"count":2,"href":"https:\/\/www.djurskyddet.se\/malartassen\/wp-json\/wp\/v2\/pages\/6132\/revisions"}],"predecessor-version":[{"id":6137,"href":"https:\/\/www.djurskyddet.se\/malartassen\/wp-json\/wp\/v2\/pages\/6132\/revisions\/6137"}],"wp:attachment":[{"href":"https:\/\/www.djurskyddet.se\/malartassen\/wp-json\/wp\/v2\/media?parent=6132"}],"curies":[{"name":"wp","href":"https:\/\/api.w.org\/{rel}","templated":true}]}}