{"id":6175,"date":"2025-09-03T08:21:26","date_gmt":"2025-09-03T08:21:26","guid":{"rendered":"https:\/\/www.djurskyddet.se\/malartassen\/?page_id=6175"},"modified":"2025-09-03T08:21:27","modified_gmt":"2025-09-03T08:21:27","slug":"det-har-far-du-under-tiden-du-ar-jourhem","status":"publish","type":"page","link":"https:\/\/www.djurskyddet.se\/malartassen\/det-har-far-du-under-tiden-du-ar-jourhem\/","title":{"rendered":"Det h\u00e4r f\u00e5r du under tiden du \u00e4r jourhem"},"content":{"rendered":"\n<p><strong>Kattl\u00e5da, 2 st<\/strong><\/p>\n\n\n\n<p><strong>Spade till kattl\u00e5da<\/strong><\/p>\n\n\n\n<p><strong>Sand<\/strong><\/p>\n\n\n\n<p><strong>Mat fr\u00e5n Hills (b\u00e5de torrfoder och bl\u00f6tfoder) Mat beroende p\u00e5 \u00e5lder p\u00e5 katt osv, kan \u00e4ndras under vistelsen efter s\u00e4rskilda behov.<\/strong><\/p>\n\n\n\n<p><strong>3 matsk\u00e5lar<\/strong><\/p>\n\n\n\n<p><strong>Godis, b\u00e5de torrt och flytande<\/strong><\/p>\n\n\n\n<p><strong>B\u00e4dd<\/strong><\/p>\n\n\n\n<p><strong>Filtar<\/strong><\/p>\n\n\n\n<p><strong>Feliway eller Catmist (b\u00e5de till v\u00e4gguttag och spray). <\/strong><\/p>\n\n\n\n<p><strong>Maskmedel<\/strong><\/p>\n\n\n\n<p><strong>Hundbajsp\u00e5sar att anv\u00e4nda till kattl\u00e5da<\/strong><\/p>\n\n\n\n<p><strong>Plastad frott\u00e9 (om det finns stoppade m\u00f6bler i rummet, vilket avr\u00e5des)<\/strong><\/p>\n\n\n\n<p><strong>P\u00e4rm att f\u00f6rvara papper i (avtal, vaccinationskort, reser\u00e4kning, journalblad, checklista mm)<\/strong><\/p>\n\n\n\n<p><strong>Reser\u00e4kningar, journalblad (se ovan)<\/strong><\/p>\n\n\n\n<p><strong>Transportbur<\/strong><\/p>\n\n\n\n<p><strong>Kl\u00f6str\u00e4d<\/strong><\/p>\n\n\n\n<p><strong>Leksaker. G\u00e4rna aktivitetsleksak t ex tunnel. Vippa.<\/strong><\/p>\n\n\n\n<p><strong>Swiffer (mopp med skaft) med b\u00e5de dry och wet<\/strong><\/p>\n\n\n\n<p><strong>Sopkvast och skyffel<\/strong><\/p>\n\n\n\n<p><strong>Reng\u00f6ringsmedel (t ex ytdesinfektion)<\/strong><\/p>\n\n\n\n<p><strong>Handsprit<\/strong><\/p>\n\n\n\n<p><strong>\u201dRyggkliare\u201d till skygg katt<\/strong><\/p>\n\n\n\n<p><strong>Ev webbkamera<\/strong><\/p>\n\n\n\n<figure class=\"wp-block-image size-full is-resized\"><img loading=\"lazy\" decoding=\"async\" width=\"768\" height=\"1024\" src=\"https:\/\/www.djurskyddet.se\/malartassen\/wp-content\/uploads\/sites\/43\/2014\/12\/Konrad1.jpg\" alt=\"\" class=\"wp-image-6046\" style=\"width:476px;height:auto\" srcset=\"https:\/\/www.djurskyddet.se\/malartassen\/wp-content\/uploads\/sites\/43\/2014\/12\/Konrad1.jpg 768w, https:\/\/www.djurskyddet.se\/malartassen\/wp-content\/uploads\/sites\/43\/2014\/12\/Konrad1-225x300.jpg 225w, https:\/\/www.djurskyddet.se\/malartassen\/wp-content\/uploads\/sites\/43\/2014\/12\/Konrad1-400x533.jpg 400w\" sizes=\"auto, (max-width: 768px) 100vw, 768px\" \/><\/figure>\n","protected":false},"excerpt":{"rendered":"<p>Kattl\u00e5da, 2 st Spade till kattl\u00e5da Sand Mat fr\u00e5n Hills (b\u00e5de torrfoder och bl\u00f6tfoder) Mat beroende p\u00e5 \u00e5lder p\u00e5 katt osv, kan \u00e4ndras under vistelsen efter s\u00e4rskilda behov. 3 matsk\u00e5lar Godis, b\u00e5de torrt och flytande B\u00e4dd Filtar Feliway eller Catmist (b\u00e5de till v\u00e4gguttag och spray). Maskmedel Hundbajsp\u00e5sar att anv\u00e4nda till kattl\u00e5da Plastad frott\u00e9 (om det finns stoppade m\u00f6bler i rummet, vilket avr\u00e5des) P\u00e4rm att f\u00f6rvara papper i (avtal, vaccinationskort, reser\u00e4kning,&hellip;<\/p>\n<p><a class=\"more-link\" href=\"https:\/\/www.djurskyddet.se\/malartassen\/det-har-far-du-under-tiden-du-ar-jourhem\/\" title=\"Continue reading &lsquo;Det h\u00e4r f\u00e5r du under tiden du \u00e4r jourhem&rsquo;\">L&auml;s mer<span class=\"meta-nav\">&raquo;<\/span><\/a><\/p>\n","protected":false},"author":44,"featured_media":0,"parent":0,"menu_order":0,"comment_status":"closed","ping_status":"closed","template":"","meta":{"_acf_changed":false,"footnotes":""},"class_list":["post-6175","page","type-page","status-publish","hentry"],"acf":[],"_links":{"self":[{"href":"https:\/\/www.djurskyddet.se\/malartassen\/wp-json\/wp\/v2\/pages\/6175","targetHints":{"allow":["GET"]}}],"collection":[{"href":"https:\/\/www.djurskyddet.se\/malartassen\/wp-json\/wp\/v2\/pages"}],"about":[{"href":"https:\/\/www.djurskyddet.se\/malartassen\/wp-json\/wp\/v2\/types\/page"}],"author":[{"embeddable":true,"href":"https:\/\/www.djurskyddet.se\/malartassen\/wp-json\/wp\/v2\/users\/44"}],"replies":[{"embeddable":true,"href":"https:\/\/www.djurskyddet.se\/malartassen\/wp-json\/wp\/v2\/comments?post=6175"}],"version-history":[{"count":1,"href":"https:\/\/www.djurskyddet.se\/malartassen\/wp-json\/wp\/v2\/pages\/6175\/revisions"}],"predecessor-version":[{"id":6176,"href":"https:\/\/www.djurskyddet.se\/malartassen\/wp-json\/wp\/v2\/pages\/6175\/revisions\/6176"}],"wp:attachment":[{"href":"https:\/\/www.djurskyddet.se\/malartassen\/wp-json\/wp\/v2\/media?parent=6175"}],"curies":[{"name":"wp","href":"https:\/\/api.w.org\/{rel}","templated":true}]}}