{"id":6298,"date":"2025-12-22T10:57:24","date_gmt":"2025-12-22T10:57:24","guid":{"rendered":"https:\/\/www.djurskyddet.se\/malartassen\/?page_id=6298"},"modified":"2025-12-22T19:00:15","modified_gmt":"2025-12-22T19:00:15","slug":"kattpensionat-malartassen","status":"publish","type":"page","link":"https:\/\/www.djurskyddet.se\/malartassen\/kattpensionat-malartassen\/","title":{"rendered":"Kattpensionat M\u00e4lartassen"},"content":{"rendered":"\n<p>Vi \u00e4r en ideell f\u00f6rening som arbetar med omh\u00e4ndertagandet och sk\u00f6tsel av katter. V\u00e5r verksamhet drivs av volont\u00e4rer som brinner f\u00f6r katters v\u00e4lm\u00e5ende. Vi erbjuder plats f\u00f6r katter under kortare perioder, till exempel vid resa, och fokuserar p\u00e5 att ge varje katt en lugn och trygg vistelse.<\/p>\n\n\n\n<ul class=\"wp-block-list\">\n<li>Katten har eget utrymme <\/li>\n\n\n\n<li>Tillsyn sker minst tv\u00e5 g\u00e5nger per dygn av volont\u00e4rer<\/li>\n\n\n\n<li>Katter kan ta med egen mat om s\u00e5 \u00f6nskas<\/li>\n\n\n\n<li>Kattsand ing\u00e5r <\/li>\n<\/ul>\n\n\n\n<p>Alla katter som vistas hos oss ska vara vaccinerade och f\u00f6rs\u00e4krade.<\/p>\n\n\n\n<ul class=\"wp-block-list\">\n<li>1 katt: 250 kr\/dygn<\/li>\n\n\n\n<li>2 katter: 300 kr\/dygn<\/li>\n\n\n\n<li>3 katter: 350 kr\/dygn<\/li>\n<\/ul>\n\n\n\n<p>Ange dina kontaktuppgifter, information om katten\/katterna och \u00f6nskad vistelse i formul\u00e4ret nedan. Vi kontaktar dig f\u00f6r att bekr\u00e4fta bokningen.<\/p>\n\n\n\n<div class=\"wpcf7 no-js\" id=\"wpcf7-f6302-o1\" lang=\"sv-SE\" dir=\"ltr\" data-wpcf7-id=\"6302\">\n<div class=\"screen-reader-response\"><p role=\"status\" aria-live=\"polite\" aria-atomic=\"true\"><\/p> <ul><\/ul><\/div>\n<form action=\"\/malartassen\/wp-json\/wp\/v2\/pages\/6298#wpcf7-f6302-o1\" method=\"post\" class=\"wpcf7-form init\" aria-label=\"Kontaktformul\u00e4r\" novalidate=\"novalidate\" data-status=\"init\">\n<fieldset class=\"hidden-fields-container\"><input type=\"hidden\" name=\"_wpcf7\" value=\"6302\" \/><input type=\"hidden\" name=\"_wpcf7_version\" value=\"6.1\" \/><input type=\"hidden\" name=\"_wpcf7_locale\" value=\"sv_SE\" \/><input type=\"hidden\" name=\"_wpcf7_unit_tag\" value=\"wpcf7-f6302-o1\" \/><input type=\"hidden\" name=\"_wpcf7_container_post\" value=\"0\" \/><input type=\"hidden\" name=\"_wpcf7_posted_data_hash\" value=\"\" \/><input type=\"hidden\" name=\"_wpcf7_recaptcha_response\" value=\"\" \/>\n<\/fieldset>\n<div class=\"uacf7-form-wrapper-container uacf7-form-6302  \"><h3>Kontaktuppgifter<\/h3>\n\nNamn (obligatoriskt): <span class=\"wpcf7-form-control-wrap\" data-name=\"namn\"><input size=\"40\" maxlength=\"400\" class=\"wpcf7-form-control wpcf7-text wpcf7-validates-as-required\" aria-required=\"true\" aria-invalid=\"false\" value=\"\" type=\"text\" name=\"namn\" \/><\/span>  \nTelefonnummer (obligatoriskt): <span class=\"wpcf7-form-control-wrap\" data-name=\"telefon\"><input size=\"40\" maxlength=\"400\" class=\"wpcf7-form-control wpcf7-tel wpcf7-validates-as-required wpcf7-text wpcf7-validates-as-tel\" aria-required=\"true\" aria-invalid=\"false\" value=\"\" type=\"tel\" name=\"telefon\" \/><\/span>  \nE-postadress (obligatoriskt): <span class=\"wpcf7-form-control-wrap\" data-name=\"epostadress\"><input size=\"40\" maxlength=\"400\" class=\"wpcf7-form-control wpcf7-email wpcf7-validates-as-required wpcf7-text wpcf7-validates-as-email\" aria-required=\"true\" aria-invalid=\"false\" value=\"\" type=\"email\" name=\"epostadress\" \/><\/span>\n\n<h3>Information om katten\/katterna<\/h3>\n\nAntal katter (1\u20133): <span class=\"wpcf7-form-control-wrap\" data-name=\"antal\"><input class=\"wpcf7-form-control wpcf7-number wpcf7-validates-as-number\" min=\"1\" max=\"3\" aria-invalid=\"false\" value=\"\" type=\"number\" name=\"antal\" \/><\/span>  \nKattens namn\/Katternas namn: <span class=\"wpcf7-form-control-wrap\" data-name=\"kattenamn\"><input size=\"40\" maxlength=\"400\" class=\"wpcf7-form-control wpcf7-text\" aria-invalid=\"false\" value=\"\" type=\"text\" name=\"kattenamn\" \/><\/span>  \n\u00c5lder: <span class=\"wpcf7-form-control-wrap\" data-name=\"alder\"><input size=\"40\" maxlength=\"400\" class=\"wpcf7-form-control wpcf7-text\" aria-invalid=\"false\" value=\"\" type=\"text\" name=\"alder\" \/><\/span>  \n\n<span class=\"wpcf7-form-control-wrap\" data-name=\"kattvaccination\"><span class=\"wpcf7-form-control wpcf7-checkbox\"><span class=\"wpcf7-list-item first last\"><label><input type=\"checkbox\" name=\"kattvaccination[]\" value=\"Vaccinerad\" \/><span class=\"wpcf7-list-item-label\">Vaccinerad<\/span><\/label><\/span><\/span><\/span>\n<span class=\"wpcf7-form-control-wrap\" data-name=\"kattforsakring\"><span class=\"wpcf7-form-control wpcf7-checkbox\"><span class=\"wpcf7-list-item first last\"><label><input type=\"checkbox\" name=\"kattforsakring[]\" value=\"F\u00f6rs\u00e4krad\" \/><span class=\"wpcf7-list-item-label\">F\u00f6rs\u00e4krad<\/span><\/label><\/span><\/span><\/span><br><br>\n\n<h3>\u00d6nskad vistelse<\/h3>\n\nStartdatum: <span class=\"wpcf7-form-control-wrap\" data-name=\"startdatum\"><input class=\"wpcf7-form-control wpcf7-date wpcf7-validates-as-date\" aria-invalid=\"false\" value=\"\" type=\"date\" name=\"startdatum\" \/><\/span>  \nSlutdatum: <span class=\"wpcf7-form-control-wrap\" data-name=\"slutdatum\"><input class=\"wpcf7-form-control wpcf7-date wpcf7-validates-as-date\" aria-invalid=\"false\" value=\"\" type=\"date\" name=\"slutdatum\" \/><\/span><br><br>  \nEventuell specialinformation: <span class=\"wpcf7-form-control-wrap\" data-name=\"specialinfo\"><textarea cols=\"40\" rows=\"10\" maxlength=\"2000\" class=\"wpcf7-form-control wpcf7-textarea\" aria-invalid=\"false\" name=\"specialinfo\"><\/textarea><\/span>\n\n<h3>Mat och tillsyn<\/h3>\n\nVill katten ta med egen mat? <span class=\"wpcf7-form-control-wrap\" data-name=\"egenmat\"><select class=\"wpcf7-form-control wpcf7-select\" aria-invalid=\"false\" name=\"egenmat\"><option value=\"Ja\">Ja<\/option><option value=\"Nej\">Nej<\/option><\/select><\/span><br><br>\n\n<h3>Bekr\u00e4ftelse<\/h3>\n<p>Jag har l\u00e4st informationen om vaccination, f\u00f6rs\u00e4kring och tillsyn och godk\u00e4nner den.<\/p>\n<span class=\"wpcf7-form-control-wrap\" data-name=\"godkanner\"><span class=\"wpcf7-form-control wpcf7-checkbox wpcf7-validates-as-required\"><span class=\"wpcf7-list-item first last\"><label><input type=\"checkbox\" name=\"godkanner[]\" value=\"Jag godk\u00e4nner villkoren\" \/><span class=\"wpcf7-list-item-label\">Jag godk\u00e4nner villkoren<\/span><\/label><\/span><\/span><\/span>\n\n\n<input class=\"wpcf7-form-control wpcf7-submit has-spinner\" type=\"submit\" value=\"Skicka bokningsf\u00f6rfr\u00e5gan\" \/><\/div><div class=\"wpcf7-response-output\" aria-hidden=\"true\"><\/div>\n<\/form>\n<\/div>\n\n\n\n\n<p><\/p>\n","protected":false},"excerpt":{"rendered":"<p>Vi \u00e4r en ideell f\u00f6rening som arbetar med omh\u00e4ndertagandet och sk\u00f6tsel av katter. V\u00e5r verksamhet drivs av volont\u00e4rer som brinner f\u00f6r katters v\u00e4lm\u00e5ende. Vi erbjuder plats f\u00f6r katter under kortare perioder, till exempel vid resa, och fokuserar p\u00e5 att ge varje katt en lugn och trygg vistelse. Alla katter som vistas hos oss ska vara vaccinerade och f\u00f6rs\u00e4krade. Ange dina kontaktuppgifter, information om katten\/katterna och \u00f6nskad vistelse i formul\u00e4ret nedan.&hellip;<\/p>\n<p><a class=\"more-link\" href=\"https:\/\/www.djurskyddet.se\/malartassen\/kattpensionat-malartassen\/\" title=\"Continue reading &lsquo;Kattpensionat M\u00e4lartassen&rsquo;\">L&auml;s mer<span class=\"meta-nav\">&raquo;<\/span><\/a><\/p>\n","protected":false},"author":44,"featured_media":0,"parent":0,"menu_order":0,"comment_status":"closed","ping_status":"closed","template":"","meta":{"_acf_changed":false,"footnotes":""},"class_list":["post-6298","page","type-page","status-publish","hentry"],"acf":[],"_links":{"self":[{"href":"https:\/\/www.djurskyddet.se\/malartassen\/wp-json\/wp\/v2\/pages\/6298","targetHints":{"allow":["GET"]}}],"collection":[{"href":"https:\/\/www.djurskyddet.se\/malartassen\/wp-json\/wp\/v2\/pages"}],"about":[{"href":"https:\/\/www.djurskyddet.se\/malartassen\/wp-json\/wp\/v2\/types\/page"}],"author":[{"embeddable":true,"href":"https:\/\/www.djurskyddet.se\/malartassen\/wp-json\/wp\/v2\/users\/44"}],"replies":[{"embeddable":true,"href":"https:\/\/www.djurskyddet.se\/malartassen\/wp-json\/wp\/v2\/comments?post=6298"}],"version-history":[{"count":4,"href":"https:\/\/www.djurskyddet.se\/malartassen\/wp-json\/wp\/v2\/pages\/6298\/revisions"}],"predecessor-version":[{"id":6305,"href":"https:\/\/www.djurskyddet.se\/malartassen\/wp-json\/wp\/v2\/pages\/6298\/revisions\/6305"}],"wp:attachment":[{"href":"https:\/\/www.djurskyddet.se\/malartassen\/wp-json\/wp\/v2\/media?parent=6298"}],"curies":[{"name":"wp","href":"https:\/\/api.w.org\/{rel}","templated":true}]}}