{"id":5578,"date":"2020-01-15T12:10:03","date_gmt":"2020-01-15T12:10:03","guid":{"rendered":"https:\/\/www.djurskyddet.se\/norravarmland\/?page_id=5578"},"modified":"2020-01-15T14:02:26","modified_gmt":"2020-01-15T14:02:26","slug":"om-oss","status":"publish","type":"page","link":"https:\/\/www.djurskyddet.se\/norravarmland\/om-oss\/","title":{"rendered":"Om oss"},"content":{"rendered":"\n<p>Djurskyddet Norra V\u00e4rmland verkar i Sunne, Torsby, Filipstad, Hagfors och Munkfors kommun.<\/p>\n\n\n\n<p>Vi \u00e4r en ideell f\u00f6rening som \u00e4r kopplad till&nbsp;<a target=\"_blank\" rel=\"noreferrer noopener\">Djurskyddet Sverige&nbsp;<\/a>och som p\u00e5 olika s\u00e4tt verkar f\u00f6r djurens b\u00e4sta.&nbsp;V\u00e5r huvudsakliga verksamhet \u00e4r att hj\u00e4lpa heml\u00f6sa djur och djur som beh\u00f6ver omplacering.<\/p>\n\n\n\n<p>Vi som \u00e4r aktiva i f\u00f6reningen \u00e4r helt vanliga personer som vill hj\u00e4lpa s\u00e5 m\u00e5nga djur vi f\u00e5r m\u00f6jlighet till, inget djur \u00e4r v\u00e4rd mer eller mindre \u00e4n n\u00e5got annat. Vi \u00e4r politiskt obundna och ger oss inte in i djurr\u00e4ttspolitik eller rovdjursdebatter utan anv\u00e4nder den tid vi har till att g\u00f6ra en skillnad f\u00f6r de djur som beh\u00f6ver oss just nu.&nbsp;<\/p>\n\n\n\n<p>Vi finansierar v\u00e5r verkamhet genom&nbsp;medlemsavgifter, g\u00e5vor, sponsring med mera.&nbsp;Varje g\u00e5va eller bidrag \u00e4r v\u00e4lkommet oavsett storlek eller v\u00e4rde, det g\u00e5r oavkortat till v\u00e5rt arbete f\u00f6r djuren.<\/p>\n\n\n\n<p>Vi s\u00f6ker alltid jourhem f\u00f6r katter och hundar d\u00e5 vi inte har en egen lokal att h\u00e5lla dessa i. \u00c4r du eller n\u00e5gon du k\u00e4nner intresserad av att bli jourhem s\u00e5 klicka p\u00e5 l\u00e4nken\u00a0<strong><a href=\"https:\/\/www.djurskyddet.se\/norravarmland\/jourhem\/\">h\u00e4r<\/a><\/strong>.<\/p>\n","protected":false},"excerpt":{"rendered":"<p>Djurskyddet Norra V\u00e4rmland verkar i Sunne, Torsby, Filipstad, Hagfors och Munkfors kommun. Vi \u00e4r en ideell f\u00f6rening som \u00e4r kopplad till&nbsp;Djurskyddet Sverige&nbsp;och som p\u00e5 olika s\u00e4tt verkar f\u00f6r djurens b\u00e4sta.&nbsp;V\u00e5r huvudsakliga verksamhet \u00e4r att hj\u00e4lpa heml\u00f6sa djur och djur som beh\u00f6ver omplacering. Vi som \u00e4r aktiva i f\u00f6reningen \u00e4r helt vanliga personer som vill hj\u00e4lpa s\u00e5 m\u00e5nga djur vi f\u00e5r m\u00f6jlighet till, inget djur \u00e4r v\u00e4rd mer eller mindre \u00e4n&hellip;<\/p>\n<p><a class=\"more-link\" href=\"https:\/\/www.djurskyddet.se\/norravarmland\/om-oss\/\" title=\"Continue reading &lsquo;Om oss&rsquo;\">L&auml;s mer<span class=\"meta-nav\">&raquo;<\/span><\/a><\/p>\n","protected":false},"author":3,"featured_media":0,"parent":0,"menu_order":0,"comment_status":"closed","ping_status":"closed","template":"left-sidebar.php","meta":{"_acf_changed":false,"footnotes":""},"class_list":["post-5578","page","type-page","status-publish","hentry"],"acf":[],"_links":{"self":[{"href":"https:\/\/www.djurskyddet.se\/norravarmland\/wp-json\/wp\/v2\/pages\/5578","targetHints":{"allow":["GET"]}}],"collection":[{"href":"https:\/\/www.djurskyddet.se\/norravarmland\/wp-json\/wp\/v2\/pages"}],"about":[{"href":"https:\/\/www.djurskyddet.se\/norravarmland\/wp-json\/wp\/v2\/types\/page"}],"author":[{"embeddable":true,"href":"https:\/\/www.djurskyddet.se\/norravarmland\/wp-json\/wp\/v2\/users\/3"}],"replies":[{"embeddable":true,"href":"https:\/\/www.djurskyddet.se\/norravarmland\/wp-json\/wp\/v2\/comments?post=5578"}],"version-history":[{"count":2,"href":"https:\/\/www.djurskyddet.se\/norravarmland\/wp-json\/wp\/v2\/pages\/5578\/revisions"}],"predecessor-version":[{"id":5617,"href":"https:\/\/www.djurskyddet.se\/norravarmland\/wp-json\/wp\/v2\/pages\/5578\/revisions\/5617"}],"wp:attachment":[{"href":"https:\/\/www.djurskyddet.se\/norravarmland\/wp-json\/wp\/v2\/media?parent=5578"}],"curies":[{"name":"wp","href":"https:\/\/api.w.org\/{rel}","templated":true}]}}