{"id":5580,"date":"2020-01-15T12:15:01","date_gmt":"2020-01-15T12:15:01","guid":{"rendered":"https:\/\/www.djurskyddet.se\/norravarmland\/?page_id=5580"},"modified":"2025-08-27T15:36:47","modified_gmt":"2025-08-27T15:36:47","slug":"styrelsen","status":"publish","type":"page","link":"https:\/\/www.djurskyddet.se\/norravarmland\/styrelsen\/","title":{"rendered":"Styrelsen"},"content":{"rendered":"\n<p><strong>Ordf\u00f6rande<\/strong>: Johanna Lib\u00e4ck<\/p>\n\n\n\n<p><strong>Ledamot<\/strong>: Anna Larsson &amp; Manon Fransen<\/p>\n\n\n\n<p><strong>Kass\u00f6r<\/strong>: Felicia Hellinge<\/p>\n\n\n\n<p><strong>Ers\u00e4ttare<\/strong>: Ledig post<\/p>\n\n\n\n<p><strong>Revisor:<\/strong> Ledig post<\/p>\n\n\n\n<p>Kontakta oss om du vill fylla ett uppdrag, det beh\u00f6vs alltid en eldsj\u00e4l!<\/p>\n","protected":false},"excerpt":{"rendered":"<p>Ordf\u00f6rande: Johanna Lib\u00e4ck Ledamot: Anna Larsson &amp; Manon Fransen Kass\u00f6r: Felicia Hellinge Ers\u00e4ttare: Ledig post Revisor: Ledig post Kontakta oss om du vill fylla ett uppdrag, det beh\u00f6vs alltid en eldsj\u00e4l!<\/p>\n","protected":false},"author":3,"featured_media":0,"parent":0,"menu_order":0,"comment_status":"closed","ping_status":"closed","template":"left-sidebar.php","meta":{"_acf_changed":false,"footnotes":""},"class_list":["post-5580","page","type-page","status-publish","hentry"],"acf":[],"_links":{"self":[{"href":"https:\/\/www.djurskyddet.se\/norravarmland\/wp-json\/wp\/v2\/pages\/5580","targetHints":{"allow":["GET"]}}],"collection":[{"href":"https:\/\/www.djurskyddet.se\/norravarmland\/wp-json\/wp\/v2\/pages"}],"about":[{"href":"https:\/\/www.djurskyddet.se\/norravarmland\/wp-json\/wp\/v2\/types\/page"}],"author":[{"embeddable":true,"href":"https:\/\/www.djurskyddet.se\/norravarmland\/wp-json\/wp\/v2\/users\/3"}],"replies":[{"embeddable":true,"href":"https:\/\/www.djurskyddet.se\/norravarmland\/wp-json\/wp\/v2\/comments?post=5580"}],"version-history":[{"count":4,"href":"https:\/\/www.djurskyddet.se\/norravarmland\/wp-json\/wp\/v2\/pages\/5580\/revisions"}],"predecessor-version":[{"id":7119,"href":"https:\/\/www.djurskyddet.se\/norravarmland\/wp-json\/wp\/v2\/pages\/5580\/revisions\/7119"}],"wp:attachment":[{"href":"https:\/\/www.djurskyddet.se\/norravarmland\/wp-json\/wp\/v2\/media?parent=5580"}],"curies":[{"name":"wp","href":"https:\/\/api.w.org\/{rel}","templated":true}]}}