{"id":5582,"date":"2020-01-15T12:20:56","date_gmt":"2020-01-15T12:20:56","guid":{"rendered":"https:\/\/www.djurskyddet.se\/norravarmland\/?page_id=5582"},"modified":"2025-09-02T07:43:32","modified_gmt":"2025-09-02T07:43:32","slug":"kontakt","status":"publish","type":"page","link":"https:\/\/www.djurskyddet.se\/norravarmland\/kontakt\/","title":{"rendered":"Kontakt"},"content":{"rendered":"\n<p>Du n\u00e5r oss via v\u00e5r\u00a0<a href=\"https:\/\/www.facebook.com\/djurskyddetnorravarmland\" data-type=\"link\" data-id=\"https:\/\/www.facebook.com\/djurskyddetnorravarmland\" target=\"_blank\" rel=\"noreferrer noopener\">Facebooksida<\/a>\u00a0eller via mail p\u00e5\u00a0<a href=\"mailto:norravarmland@djurskyddet.se\">norravarmland<\/a><a href=\"mailto:sunne@djurskyddet.se\">@djurskyddet.se<\/a>.<\/p>\n\n\n\n<p>G\u00e4ller \u00e4rendet\u00a0<strong><em>vilda<\/em>\u00a0<\/strong>djur? D\u00e5 \u00e4r det din kommun eller viltv\u00e5rdsrehabiliterare Madeleine Nilsson, <a href=\"https:\/\/angtorpviltrehab.se\/\">\u00c4ngtorp Viltrehab<\/a> som du b\u00f6r kontakta.<\/p>\n\n\n\n<p><\/p>\n\n\n\n<p><\/p>\n","protected":false},"excerpt":{"rendered":"<p>Du n\u00e5r oss via v\u00e5r\u00a0Facebooksida\u00a0eller via mail p\u00e5\u00a0norravarmland@djurskyddet.se. G\u00e4ller \u00e4rendet\u00a0vilda\u00a0djur? D\u00e5 \u00e4r det din kommun eller viltv\u00e5rdsrehabiliterare Madeleine Nilsson, \u00c4ngtorp Viltrehab som du b\u00f6r kontakta.<\/p>\n","protected":false},"author":3,"featured_media":0,"parent":0,"menu_order":0,"comment_status":"closed","ping_status":"closed","template":"left-sidebar.php","meta":{"_acf_changed":false,"footnotes":""},"class_list":["post-5582","page","type-page","status-publish","hentry"],"acf":[],"_links":{"self":[{"href":"https:\/\/www.djurskyddet.se\/norravarmland\/wp-json\/wp\/v2\/pages\/5582","targetHints":{"allow":["GET"]}}],"collection":[{"href":"https:\/\/www.djurskyddet.se\/norravarmland\/wp-json\/wp\/v2\/pages"}],"about":[{"href":"https:\/\/www.djurskyddet.se\/norravarmland\/wp-json\/wp\/v2\/types\/page"}],"author":[{"embeddable":true,"href":"https:\/\/www.djurskyddet.se\/norravarmland\/wp-json\/wp\/v2\/users\/3"}],"replies":[{"embeddable":true,"href":"https:\/\/www.djurskyddet.se\/norravarmland\/wp-json\/wp\/v2\/comments?post=5582"}],"version-history":[{"count":9,"href":"https:\/\/www.djurskyddet.se\/norravarmland\/wp-json\/wp\/v2\/pages\/5582\/revisions"}],"predecessor-version":[{"id":7145,"href":"https:\/\/www.djurskyddet.se\/norravarmland\/wp-json\/wp\/v2\/pages\/5582\/revisions\/7145"}],"wp:attachment":[{"href":"https:\/\/www.djurskyddet.se\/norravarmland\/wp-json\/wp\/v2\/media?parent=5582"}],"curies":[{"name":"wp","href":"https:\/\/api.w.org\/{rel}","templated":true}]}}