{"id":5584,"date":"2020-01-15T12:35:19","date_gmt":"2020-01-15T12:35:19","guid":{"rendered":"https:\/\/www.djurskyddet.se\/norravarmland\/?page_id=5584"},"modified":"2025-08-27T15:40:09","modified_gmt":"2025-08-27T15:40:09","slug":"djurskyddet-sverige","status":"publish","type":"page","link":"https:\/\/www.djurskyddet.se\/norravarmland\/djurskyddet-sverige\/","title":{"rendered":"Djurskyddet Sverige"},"content":{"rendered":"\n<p><strong>Djurskyddet Sverige \u00e4r en ideell<\/strong>\u00a0<strong>organisation som arbetar f\u00f6r \u00f6kad djurv\u00e4lf\u00e4rd f\u00f6r alla djur. Vi \u00e4r den enda svenska djurskyddsorganisationen som b\u00e5de hj\u00e4lper djur praktiskt och samtidigt arbetar med politisk p\u00e5verkan. Vi har drygt 11 500 medlemmar och omkring\u00a0<a href=\"https:\/\/www.djurskyddet.se\/kontakt\/foreningar\/\">40 lokalf\u00f6reningar<\/a>\u00a0\u00f6ver hela landet. P\u00e5 lokal niv\u00e5 arbetar majoriteten av v\u00e5ra f\u00f6reningar med praktisk omplaceringsverksamhet av fr\u00e4mst katter, genom djurhem och jourhem. P\u00e5 nationell och internationell niv\u00e5 arbetar vi med p\u00e5verkan gentemot politiker, myndigheter och allm\u00e4nhet.<\/strong>\u00a0<\/p>\n\n\n\n<h2 class=\"wp-block-heading\"><strong>V\u00e5r vision<\/strong>&nbsp;<\/h2>\n\n\n\n<p>Djurskyddet Sveriges vision \u00e4r ett samh\u00e4lle d\u00e4r m\u00e4nniskor visar respekt och medk\u00e4nsla f\u00f6r alla djur. Sedan 1897 har v\u00e5rt uppdrag varit att r\u00e4dda och skydda djur.&nbsp;<\/p>\n\n\n\n<p>V\u00e5rt m\u00e5l \u00e4r att alla djur erk\u00e4nns som k\u00e4nnande varelser och att alla djur har ett egenv\u00e4rde, samt att alla m\u00e4nniskor har ett empatiskt syns\u00e4tt och behandlar djuren utifr\u00e5n detta.&nbsp;<\/p>\n\n\n\n<p>Vi arbetar f\u00f6r att m\u00e4nniskan fortsatt ska kunna h\u00e5lla djur, under f\u00f6ruts\u00e4ttningen att djuren f\u00e5r leva ett gott liv med m\u00f6jlighet att kunna utf\u00f6ra sina naturliga beteenden och att de skyddas fr\u00e5n lidande. Vi vill ocks\u00e5 ha ett samh\u00e4lle d\u00e4r vilda djur respekteras och ses som en viktig del av ekosystemet.&nbsp;<\/p>\n\n\n\n<p>N\u00e4r djuren avlivas ska det ske snabbt och sm\u00e4rtfritt. Vi tar avst\u00e5nd fr\u00e5n l\u00e5nga och pl\u00e5gsamma transporter. Detta g\u00e4ller alla djur, oavsett om de lever vilt eller h\u00e5lls av m\u00e4nniskan. Om djurens v\u00e4lf\u00e4rd inte kan garanteras anser vi att m\u00e4nniskor inte har r\u00e4tt att h\u00e5lla djuren. Mot bakgrund av detta ser vi en framtid d\u00e4r m\u00e4nniskor konsumerar mindre animaliska produkter och betalar mer f\u00f6r dem f\u00f6r att m\u00f6jligg\u00f6ra en f\u00f6rb\u00e4ttrad djurv\u00e4lf\u00e4rd.&nbsp;<\/p>\n\n\n\n<p>Vi baserar v\u00e5ra st\u00e4llningstaganden p\u00e5 forskningsunderlag s\u00e5 l\u00e5ngt det \u00e4r m\u00f6jligt. I vissa fall saknas vetenskaplig evidens f\u00f6r att kunna s\u00e4ga vilken metod som \u00e4r b\u00e4st. I dessa fall kr\u00e4ver vi att det satsas p\u00e5 forskning f\u00f6r att ta fram alternativ.&nbsp;<\/p>\n\n\n\n<p>L\u00e4s g\u00e4rna mer om Djurskyddet Sverige p\u00e5&nbsp;<a href=\"http:\/\/www.djurskyddet.se\/\" target=\"_blank\" rel=\"noreferrer noopener\">www.djurskyddet.se<\/a>&nbsp;och f\u00f6lj organisationen p\u00e5&nbsp;<a href=\"http:\/\/www.facebook.com\/djurskyddet\" target=\"_blank\" rel=\"noreferrer noopener\">Djurskyddet Sveriges Facebooksida<\/a>.<\/p>\n","protected":false},"excerpt":{"rendered":"<p>Djurskyddet Sverige \u00e4r en ideell\u00a0organisation som arbetar f\u00f6r \u00f6kad djurv\u00e4lf\u00e4rd f\u00f6r alla djur. Vi \u00e4r den enda svenska djurskyddsorganisationen som b\u00e5de hj\u00e4lper djur praktiskt och samtidigt arbetar med politisk p\u00e5verkan. Vi har drygt 11 500 medlemmar och omkring\u00a040 lokalf\u00f6reningar\u00a0\u00f6ver hela landet. P\u00e5 lokal niv\u00e5 arbetar majoriteten av v\u00e5ra f\u00f6reningar med praktisk omplaceringsverksamhet av fr\u00e4mst katter, genom djurhem och jourhem. P\u00e5 nationell och internationell niv\u00e5 arbetar vi med p\u00e5verkan gentemot politiker,&hellip;<\/p>\n<p><a class=\"more-link\" href=\"https:\/\/www.djurskyddet.se\/norravarmland\/djurskyddet-sverige\/\" title=\"Continue reading &lsquo;Djurskyddet Sverige&rsquo;\">L&auml;s mer<span class=\"meta-nav\">&raquo;<\/span><\/a><\/p>\n","protected":false},"author":3,"featured_media":0,"parent":0,"menu_order":0,"comment_status":"closed","ping_status":"closed","template":"left-sidebar.php","meta":{"_acf_changed":false,"footnotes":""},"class_list":["post-5584","page","type-page","status-publish","hentry"],"acf":[],"_links":{"self":[{"href":"https:\/\/www.djurskyddet.se\/norravarmland\/wp-json\/wp\/v2\/pages\/5584","targetHints":{"allow":["GET"]}}],"collection":[{"href":"https:\/\/www.djurskyddet.se\/norravarmland\/wp-json\/wp\/v2\/pages"}],"about":[{"href":"https:\/\/www.djurskyddet.se\/norravarmland\/wp-json\/wp\/v2\/types\/page"}],"author":[{"embeddable":true,"href":"https:\/\/www.djurskyddet.se\/norravarmland\/wp-json\/wp\/v2\/users\/3"}],"replies":[{"embeddable":true,"href":"https:\/\/www.djurskyddet.se\/norravarmland\/wp-json\/wp\/v2\/comments?post=5584"}],"version-history":[{"count":2,"href":"https:\/\/www.djurskyddet.se\/norravarmland\/wp-json\/wp\/v2\/pages\/5584\/revisions"}],"predecessor-version":[{"id":7121,"href":"https:\/\/www.djurskyddet.se\/norravarmland\/wp-json\/wp\/v2\/pages\/5584\/revisions\/7121"}],"wp:attachment":[{"href":"https:\/\/www.djurskyddet.se\/norravarmland\/wp-json\/wp\/v2\/media?parent=5584"}],"curies":[{"name":"wp","href":"https:\/\/api.w.org\/{rel}","templated":true}]}}