{"id":5588,"date":"2020-01-15T12:36:56","date_gmt":"2020-01-15T12:36:56","guid":{"rendered":"https:\/\/www.djurskyddet.se\/norravarmland\/?page_id=5588"},"modified":"2025-08-27T15:48:40","modified_gmt":"2025-08-27T15:48:40","slug":"stod-oss","status":"publish","type":"page","link":"https:\/\/www.djurskyddet.se\/norravarmland\/stod-oss\/","title":{"rendered":"St\u00f6d oss"},"content":{"rendered":"\n<p>De flesta av oss k\u00e4nner sig uppgivna och ledsna av att se hur djur pl\u00e5gas men tror inte att man som individ kan g\u00f6ra skillnad. Men visst finns det bra s\u00e4tt att g\u00f6ra skillnad eller hj\u00e4lpa till f\u00f6r att f\u00f6rb\u00e4ttra situationen f\u00f6r djur som far illa! G\u00e5 med i v\u00e5r f\u00f6rening! Du beh\u00f6vs! Ditt engagemang \u00e4r v\u00e4rdefullt!<\/p>\n\n\n\n<p>Djurskyddet Norra V\u00e4rmland arbetar f\u00f6r att alla djur i v\u00e5rt samh\u00e4lle ska ha det bra. Vi f\u00e5ngar in katter utan hem, placerar i jourhem, ser till att alla som beh\u00f6ver f\u00e5r komma till veterin\u00e4ren, hj\u00e4lper till att f\u00f6rmedla information, hj\u00e4lper till med omplaceringar och ser till att h\u00f6ja djurens status samt v\u00e4lm\u00e5ende.<\/p>\n\n\n\n<p>En stor del av v\u00e5r verksamhet handlar om att hj\u00e4lpa just katter, vi hj\u00e4lper sj\u00e4lvklart andra djur ocks\u00e5 i den m\u00e5n vi kan. <\/p>\n\n\n\n<p>Det \u00e4r ett kostsamt arbete, fr\u00e4mst veterin\u00e4rbes\u00f6k och transporter. V\u00e5rt arbete \u00e4r m\u00f6jligt tack vare bidrag,\u00a0<a href=\"https:\/\/www.djurskyddet.se\/norravarmland\/bli-medlem\/\">medlemsavgifter<\/a>\u00a0och\u00a0<a href=\"https:\/\/www.djurskyddet.se\/norravarmland\/ge-en-gava\/\">g\u00e5vor<\/a>.<\/p>\n\n\n\n<p>Under flikarna till v\u00e4nster kan du l\u00e4sa om olika s\u00e4tt att hj\u00e4lpa oss p\u00e5.<\/p>\n\n\n\n<p>DITT bidrag -stort som sm\u00e5tt- g\u00f6r att vi kan forts\u00e4tta arbeta f\u00f6r djurens b\u00e4sta.<\/p>\n","protected":false},"excerpt":{"rendered":"<p>De flesta av oss k\u00e4nner sig uppgivna och ledsna av att se hur djur pl\u00e5gas men tror inte att man som individ kan g\u00f6ra skillnad. Men visst finns det bra s\u00e4tt att g\u00f6ra skillnad eller hj\u00e4lpa till f\u00f6r att f\u00f6rb\u00e4ttra situationen f\u00f6r djur som far illa! G\u00e5 med i v\u00e5r f\u00f6rening! Du beh\u00f6vs! Ditt engagemang \u00e4r v\u00e4rdefullt! Djurskyddet Norra V\u00e4rmland arbetar f\u00f6r att alla djur i v\u00e5rt samh\u00e4lle ska ha&hellip;<\/p>\n<p><a class=\"more-link\" href=\"https:\/\/www.djurskyddet.se\/norravarmland\/stod-oss\/\" title=\"Continue reading &lsquo;St\u00f6d oss&rsquo;\">L&auml;s mer<span class=\"meta-nav\">&raquo;<\/span><\/a><\/p>\n","protected":false},"author":3,"featured_media":0,"parent":0,"menu_order":0,"comment_status":"closed","ping_status":"closed","template":"left-sidebar.php","meta":{"_acf_changed":false,"footnotes":""},"class_list":["post-5588","page","type-page","status-publish","hentry"],"acf":[],"_links":{"self":[{"href":"https:\/\/www.djurskyddet.se\/norravarmland\/wp-json\/wp\/v2\/pages\/5588","targetHints":{"allow":["GET"]}}],"collection":[{"href":"https:\/\/www.djurskyddet.se\/norravarmland\/wp-json\/wp\/v2\/pages"}],"about":[{"href":"https:\/\/www.djurskyddet.se\/norravarmland\/wp-json\/wp\/v2\/types\/page"}],"author":[{"embeddable":true,"href":"https:\/\/www.djurskyddet.se\/norravarmland\/wp-json\/wp\/v2\/users\/3"}],"replies":[{"embeddable":true,"href":"https:\/\/www.djurskyddet.se\/norravarmland\/wp-json\/wp\/v2\/comments?post=5588"}],"version-history":[{"count":3,"href":"https:\/\/www.djurskyddet.se\/norravarmland\/wp-json\/wp\/v2\/pages\/5588\/revisions"}],"predecessor-version":[{"id":7123,"href":"https:\/\/www.djurskyddet.se\/norravarmland\/wp-json\/wp\/v2\/pages\/5588\/revisions\/7123"}],"wp:attachment":[{"href":"https:\/\/www.djurskyddet.se\/norravarmland\/wp-json\/wp\/v2\/media?parent=5588"}],"curies":[{"name":"wp","href":"https:\/\/api.w.org\/{rel}","templated":true}]}}